{"id":1006,"date":"2021-04-05T22:01:16","date_gmt":"2021-04-05T22:01:16","guid":{"rendered":"https:\/\/semearvalores.k2ponto.com.br\/?page_id=1006"},"modified":"2024-12-29T18:42:20","modified_gmt":"2024-12-29T18:42:20","slug":"dados-da-transferencia-bancaria","status":"publish","type":"page","link":"https:\/\/semearvalores.pt\/index.php\/dados-da-transferencia-bancaria\/","title":{"rendered":"Como nos ajudar?"},"content":{"rendered":"\t\t<div data-elementor-type=\"wp-page\" data-elementor-id=\"1006\" class=\"elementor elementor-1006\" data-elementor-post-type=\"page\">\n\t\t\t\t\t\t<section class=\"elementor-section elementor-top-section elementor-element elementor-element-9b42e88 elementor-section-boxed elementor-section-height-default elementor-section-height-default\" data-id=\"9b42e88\" data-element_type=\"section\">\n\t\t\t\t\t\t<div class=\"elementor-container elementor-column-gap-default\">\n\t\t\t\t\t<div class=\"elementor-column elementor-col-100 elementor-top-column elementor-element elementor-element-5760707\" data-id=\"5760707\" data-element_type=\"column\">\n\t\t\t<div class=\"elementor-widget-wrap elementor-element-populated\">\n\t\t\t\t\t\t<div class=\"elementor-element elementor-element-c1acd01 elementor-widget elementor-widget-heading\" data-id=\"c1acd01\" data-element_type=\"widget\" data-widget_type=\"heading.default\">\n\t\t\t\t<div class=\"elementor-widget-container\">\n\t\t\t\t\t<h2 class=\"elementor-heading-title elementor-size-default\">Como nos ajudar?<\/h2>\t\t\t\t<\/div>\n\t\t\t\t<\/div>\n\t\t\t\t<div class=\"elementor-element elementor-element-5637843 elementor-widget elementor-widget-heading\" data-id=\"5637843\" data-element_type=\"widget\" data-widget_type=\"heading.default\">\n\t\t\t\t<div class=\"elementor-widget-container\">\n\t\t\t\t\t<h2 class=\"elementor-heading-title elementor-size-default\">Pode efetuar um donativo no montante que desejar para a nossa conta banc\u00e1ria:<\/h2>\t\t\t\t<\/div>\n\t\t\t\t<\/div>\n\t\t\t\t<div class=\"elementor-element elementor-element-9556d15 elementor-widget elementor-widget-text-editor\" data-id=\"9556d15\" data-element_type=\"widget\" data-widget_type=\"text-editor.default\">\n\t\t\t\t<div class=\"elementor-widget-container\">\n\t\t\t\t\t\t\t\t\t<p>SWIFT\/BIC<\/p>\t\t\t\t\t\t\t\t<\/div>\n\t\t\t\t<\/div>\n\t\t\t\t<div class=\"elementor-element elementor-element-4fa0c81 elementor-widget elementor-widget-text-editor\" data-id=\"4fa0c81\" data-element_type=\"widget\" data-widget_type=\"text-editor.default\">\n\t\t\t\t<div class=\"elementor-widget-container\">\n\t\t\t\t\t\t\t\t\t<p>BBPIPTPL<\/p><p>(Banco BPI)<\/p>\t\t\t\t\t\t\t\t<\/div>\n\t\t\t\t<\/div>\n\t\t\t\t<div class=\"elementor-element elementor-element-e08a1b7 elementor-widget-divider--view-line elementor-widget elementor-widget-divider\" data-id=\"e08a1b7\" data-element_type=\"widget\" data-widget_type=\"divider.default\">\n\t\t\t\t<div class=\"elementor-widget-container\">\n\t\t\t\t\t\t\t<div class=\"elementor-divider\">\n\t\t\t<span class=\"elementor-divider-separator\">\n\t\t\t\t\t\t<\/span>\n\t\t<\/div>\n\t\t\t\t\t\t<\/div>\n\t\t\t\t<\/div>\n\t\t\t\t<div class=\"elementor-element elementor-element-1aae97f elementor-widget elementor-widget-text-editor\" data-id=\"1aae97f\" data-element_type=\"widget\" data-widget_type=\"text-editor.default\">\n\t\t\t\t<div class=\"elementor-widget-container\">\n\t\t\t\t\t\t\t\t\t<p>IBAN<\/p>\t\t\t\t\t\t\t\t<\/div>\n\t\t\t\t<\/div>\n\t\t\t\t<div class=\"elementor-element elementor-element-fc3731a elementor-widget elementor-widget-text-editor\" data-id=\"fc3731a\" data-element_type=\"widget\" data-widget_type=\"text-editor.default\">\n\t\t\t\t<div class=\"elementor-widget-container\">\n\t\t\t\t\t\t\t\t\t<p><span style=\"font-weight: 400;\">PT50&nbsp;<\/span>0010 0000 6382 5130 00127<\/p>\t\t\t\t\t\t\t\t<\/div>\n\t\t\t\t<\/div>\n\t\t\t\t<div class=\"elementor-element elementor-element-519ce8b elementor-widget elementor-widget-text-editor\" data-id=\"519ce8b\" data-element_type=\"widget\" data-widget_type=\"text-editor.default\">\n\t\t\t\t<div class=\"elementor-widget-container\">\n\t\t\t\t\t\t\t\t\t<p><span style=\"font-weight: 400;\">Envie o comprovativo de transfer\u00eancia banc\u00e1ria para o email <\/span><a href=\"mailto:semearvalores@gmail.com\"><span style=\"font-weight: 400;\">semearvalores@gmail.com<\/span><\/a><span style=\"font-weight: 400;\">, indicando o nome, NIF e morada fiscal para que lhe possamos enviar o recibo.<\/span><\/p><p>Se tiver prefer\u00eancia que o seu donativo v\u00e1 para um projeto espec\u00edfico, indique qual, usando o mesmo endere\u00e7o de email.\u00a0<\/p><p>Gratas pelo seu contributo!<\/p>\t\t\t\t\t\t\t\t<\/div>\n\t\t\t\t<\/div>\n\t\t\t\t\t<\/div>\n\t\t<\/div>\n\t\t\t\t\t<\/div>\n\t\t<\/section>\n\t\t\t\t<section class=\"elementor-section elementor-top-section elementor-element elementor-element-09f64cd elementor-section-boxed elementor-section-height-default elementor-section-height-default\" data-id=\"09f64cd\" data-element_type=\"section\">\n\t\t\t\t\t\t<div class=\"elementor-container elementor-column-gap-default\">\n\t\t\t\t\t<div class=\"elementor-column elementor-col-100 elementor-top-column elementor-element elementor-element-0518d6e\" data-id=\"0518d6e\" data-element_type=\"column\">\n\t\t\t<div class=\"elementor-widget-wrap elementor-element-populated\">\n\t\t\t\t\t\t<div class=\"elementor-element elementor-element-c4791b9 elementor-widget elementor-widget-heading\" data-id=\"c4791b9\" data-element_type=\"widget\" data-widget_type=\"heading.default\">\n\t\t\t\t<div class=\"elementor-widget-container\">\n\t\t\t\t\t<h2 class=\"elementor-heading-title elementor-size-default\">Projetos em desenvolvimento...<\/h2>\t\t\t\t<\/div>\n\t\t\t\t<\/div>\n\t\t\t\t\t<\/div>\n\t\t<\/div>\n\t\t\t\t\t<\/div>\n\t\t<\/section>\n\t\t\t\t<section class=\"elementor-section elementor-top-section elementor-element elementor-element-f532df7 elementor-section-boxed elementor-section-height-default elementor-section-height-default\" data-id=\"f532df7\" data-element_type=\"section\">\n\t\t\t\t\t\t<div class=\"elementor-container elementor-column-gap-default\">\n\t\t\t\t\t<div class=\"elementor-column elementor-col-100 elementor-top-column elementor-element elementor-element-f6179f0\" data-id=\"f6179f0\" data-element_type=\"column\">\n\t\t\t<div class=\"elementor-widget-wrap elementor-element-populated\">\n\t\t\t\t\t\t<div class=\"elementor-element elementor-element-f3ac55e elementor-widget elementor-widget-text-editor\" data-id=\"f3ac55e\" data-element_type=\"widget\" data-widget_type=\"text-editor.default\">\n\t\t\t\t<div class=\"elementor-widget-container\">\n\t\t\t\t\t\t\t\t\t<p><span style=\"font-weight: 400;\">Estamos desde j\u00e1 gratas por visitar esta p\u00e1gina.\u00a0<\/span><\/p><p><span style=\"font-weight: 400;\">O seu interesse e curiosidade pelos projetos que estamos a desenvolver \u00e9 por si s\u00f3 um importante incentivo para a equipa Semear Valores!<\/span><\/p>\t\t\t\t\t\t\t\t<\/div>\n\t\t\t\t<\/div>\n\t\t\t\t\t<\/div>\n\t\t<\/div>\n\t\t\t\t\t<\/div>\n\t\t<\/section>\n\t\t\t\t<section class=\"elementor-section elementor-top-section elementor-element elementor-element-901e89f elementor-section-boxed elementor-section-height-default elementor-section-height-default\" data-id=\"901e89f\" data-element_type=\"section\">\n\t\t\t\t\t\t<div class=\"elementor-container elementor-column-gap-default\">\n\t\t\t\t\t<div class=\"elementor-column elementor-col-33 elementor-top-column elementor-element elementor-element-132f355\" data-id=\"132f355\" data-element_type=\"column\">\n\t\t\t<div class=\"elementor-widget-wrap elementor-element-populated\">\n\t\t\t\t\t\t<div class=\"elementor-element elementor-element-722af7f elementor-invisible elementor-widget elementor-widget-image\" data-id=\"722af7f\" data-element_type=\"widget\" data-settings=\"{&quot;_animation&quot;:&quot;zoomIn&quot;}\" data-widget_type=\"image.default\">\n\t\t\t\t<div class=\"elementor-widget-container\">\n\t\t\t\t\t\t\t\t\t\t\t\t\t\t\t<img fetchpriority=\"high\" decoding=\"async\" width=\"300\" height=\"264\" src=\"https:\/\/semearvalores.pt\/wp-content\/uploads\/2023\/09\/Imagem-WhatsApp-2023-09-29-as-13.15.04-e1695990003579-300x264.jpg\" class=\"attachment-medium size-medium wp-image-6948\" alt=\"\" srcset=\"https:\/\/semearvalores.pt\/wp-content\/uploads\/2023\/09\/Imagem-WhatsApp-2023-09-29-as-13.15.04-e1695990003579-300x264.jpg 300w, https:\/\/semearvalores.pt\/wp-content\/uploads\/2023\/09\/Imagem-WhatsApp-2023-09-29-as-13.15.04-e1695990003579-768x677.jpg 768w, https:\/\/semearvalores.pt\/wp-content\/uploads\/2023\/09\/Imagem-WhatsApp-2023-09-29-as-13.15.04-e1695990003579-600x529.jpg 600w, https:\/\/semearvalores.pt\/wp-content\/uploads\/2023\/09\/Imagem-WhatsApp-2023-09-29-as-13.15.04-e1695990003579.jpg 926w\" sizes=\"(max-width: 300px) 100vw, 300px\" \/>\t\t\t\t\t\t\t\t\t\t\t\t\t\t\t<\/div>\n\t\t\t\t<\/div>\n\t\t\t\t\t<\/div>\n\t\t<\/div>\n\t\t\t\t<div class=\"elementor-column elementor-col-66 elementor-top-column elementor-element elementor-element-fe20e4f\" data-id=\"fe20e4f\" data-element_type=\"column\">\n\t\t\t<div class=\"elementor-widget-wrap elementor-element-populated\">\n\t\t\t\t\t\t<div class=\"elementor-element elementor-element-1233986 elementor-widget elementor-widget-text-editor\" data-id=\"1233986\" data-element_type=\"widget\" data-widget_type=\"text-editor.default\">\n\t\t\t\t<div class=\"elementor-widget-container\">\n\t\t\t\t\t\t\t\t\t<h5><b>PODCAST &#8220;PEQUENOS SEMEADORES. CONVERSAS COM VALORES&#8221;<\/b><\/h5><p><b><i>Conversas que nos inspiram<\/i><\/b><\/p><p>Afim de promover valores humanos e fortalecer a comunica\u00e7\u00e3o, a reflex\u00e3o e a express\u00e3o dos mais pequenos, queremos produzir 12 podcasts gravados com crian\u00e7as entre os 7 e os 14 anos, abordando uma variedade de temas relevantes para o seu desenvolvimento, com foco nos valores humanos e nas habilidades socioemocionais.<\/p><p>Entre 2017 e 2019, realiz\u00e1mos o programa &#8220;Crescer a Valer&#8221;, que consistiu na produ\u00e7\u00e3o de 23 epis\u00f3dios de podcasts gravados com a participa\u00e7\u00e3o de crian\u00e7as e jovens, abordando v\u00e1rios valores, como a gratid\u00e3o, a esperan\u00e7a e a amizade, entre outros. Com base nesta experi\u00eancia, desejamos expandir o nosso alcance e continuar a promover uma educa\u00e7\u00e3o saud\u00e1vel e integral.<\/p><p><span style=\"font-weight: 400;\"><strong>Or\u00e7amento estimado:<\/strong>\u00a09.500\u20ac (+iva).\u00a0<\/span><span style=\"font-weight: 400;\">Para a prepara\u00e7\u00e3o e grava\u00e7\u00e3o de 12 programas, edi\u00e7\u00e3o, p\u00f3s-produ\u00e7\u00e3o \u00e1udio e plataforma digital para acesso<\/span><\/p>\t\t\t\t\t\t\t\t<\/div>\n\t\t\t\t<\/div>\n\t\t\t\t\t<\/div>\n\t\t<\/div>\n\t\t\t\t\t<\/div>\n\t\t<\/section>\n\t\t\t\t<section class=\"elementor-section elementor-top-section elementor-element elementor-element-bcfb200 elementor-section-boxed elementor-section-height-default elementor-section-height-default\" data-id=\"bcfb200\" data-element_type=\"section\">\n\t\t\t\t\t\t<div class=\"elementor-container elementor-column-gap-default\">\n\t\t\t\t\t<div class=\"elementor-column elementor-col-100 elementor-top-column elementor-element elementor-element-7797ff8\" data-id=\"7797ff8\" data-element_type=\"column\">\n\t\t\t<div class=\"elementor-widget-wrap elementor-element-populated\">\n\t\t\t\t\t\t<div class=\"elementor-element elementor-element-fd90d26 elementor-widget-divider--view-line elementor-widget elementor-widget-divider\" data-id=\"fd90d26\" data-element_type=\"widget\" data-widget_type=\"divider.default\">\n\t\t\t\t<div class=\"elementor-widget-container\">\n\t\t\t\t\t\t\t<div class=\"elementor-divider\">\n\t\t\t<span class=\"elementor-divider-separator\">\n\t\t\t\t\t\t<\/span>\n\t\t<\/div>\n\t\t\t\t\t\t<\/div>\n\t\t\t\t<\/div>\n\t\t\t\t\t<\/div>\n\t\t<\/div>\n\t\t\t\t\t<\/div>\n\t\t<\/section>\n\t\t\t\t<\/div>\n\t\t","protected":false},"excerpt":{"rendered":"<p>Como nos ajudar? Pode efetuar um donativo no montante que desejar para a nossa conta banc\u00e1ria: SWIFT\/BIC BBPIPTPL (Banco BPI) IBAN PT50&nbsp;0010 0000 6382 5130 00127 Envie o comprovativo de transfer\u00eancia banc\u00e1ria para o email semearvalores@gmail.com, indicando o nome, NIF e morada fiscal para que lhe possamos enviar o recibo. Se tiver prefer\u00eancia que o [&hellip;]<\/p>\n","protected":false},"author":1,"featured_media":0,"parent":0,"menu_order":0,"comment_status":"closed","ping_status":"closed","template":"","meta":{"footnotes":""},"class_list":["post-1006","page","type-page","status-publish","hentry"],"jetpack_sharing_enabled":true,"_links":{"self":[{"href":"https:\/\/semearvalores.pt\/index.php\/wp-json\/wp\/v2\/pages\/1006"}],"collection":[{"href":"https:\/\/semearvalores.pt\/index.php\/wp-json\/wp\/v2\/pages"}],"about":[{"href":"https:\/\/semearvalores.pt\/index.php\/wp-json\/wp\/v2\/types\/page"}],"author":[{"embeddable":true,"href":"https:\/\/semearvalores.pt\/index.php\/wp-json\/wp\/v2\/users\/1"}],"replies":[{"embeddable":true,"href":"https:\/\/semearvalores.pt\/index.php\/wp-json\/wp\/v2\/comments?post=1006"}],"version-history":[{"count":87,"href":"https:\/\/semearvalores.pt\/index.php\/wp-json\/wp\/v2\/pages\/1006\/revisions"}],"predecessor-version":[{"id":8000,"href":"https:\/\/semearvalores.pt\/index.php\/wp-json\/wp\/v2\/pages\/1006\/revisions\/8000"}],"wp:attachment":[{"href":"https:\/\/semearvalores.pt\/index.php\/wp-json\/wp\/v2\/media?parent=1006"}],"curies":[{"name":"wp","href":"https:\/\/api.w.org\/{rel}","templated":true}]}}