{"id":111,"date":"2021-03-21T22:15:07","date_gmt":"2021-03-21T22:15:07","guid":{"rendered":"https:\/\/semearvalores.k2ponto.com.br\/?page_id=111"},"modified":"2024-01-13T16:43:01","modified_gmt":"2024-01-13T16:43:01","slug":"pegada-social","status":"publish","type":"page","link":"https:\/\/semearvalores.pt\/index.php\/pegada-social\/","title":{"rendered":"Pegada social"},"content":{"rendered":"\t\t<div data-elementor-type=\"wp-page\" data-elementor-id=\"111\" class=\"elementor elementor-111\" data-elementor-post-type=\"page\">\n\t\t\t\t\t\t<section class=\"elementor-section elementor-top-section elementor-element elementor-element-3842b23 elementor-section-full_width elementor-section-height-default elementor-section-height-default\" data-id=\"3842b23\" data-element_type=\"section\">\n\t\t\t\t\t\t<div class=\"elementor-container elementor-column-gap-no\">\n\t\t\t\t\t<div class=\"elementor-column elementor-col-100 elementor-top-column elementor-element elementor-element-ac4bf9f\" data-id=\"ac4bf9f\" data-element_type=\"column\">\n\t\t\t<div class=\"elementor-widget-wrap elementor-element-populated\">\n\t\t\t\t\t\t<div class=\"elementor-element elementor-element-bce7dc5 elementor--h-position-left elementor--v-position-middle elementor-widget elementor-widget-slides\" data-id=\"bce7dc5\" data-element_type=\"widget\" data-settings=\"{&quot;navigation&quot;:&quot;none&quot;,&quot;infinite&quot;:&quot;yes&quot;,&quot;transition&quot;:&quot;slide&quot;,&quot;transition_speed&quot;:500}\" data-widget_type=\"slides.default\">\n\t\t\t\t<div class=\"elementor-widget-container\">\n\t\t\t\t\t\t\t<div class=\"elementor-swiper\">\n\t\t\t<div class=\"elementor-slides-wrapper elementor-main-swiper swiper-container\" dir=\"ltr\" data-animation=\"fadeInLeft\">\n\t\t\t\t<div class=\"swiper-wrapper elementor-slides\">\n\t\t\t\t\t\t\t\t\t\t<div class=\"elementor-repeater-item-f94189d swiper-slide\"><div class=\"swiper-slide-bg\" role=\"img\"><\/div><div class=\"elementor-background-overlay\"><\/div><div class=\"swiper-slide-inner\" ><div class=\"swiper-slide-contents\"><div class=\"elementor-slide-heading\">Pegada social<\/div><div class=\"elementor-slide-description\">No nosso percurso j\u00e1 lan\u00e7\u00e1mos algumas sementes que germinaram e cresceram e outras est\u00e3o agora a ser semeadas.<\/div><\/div><\/div><\/div>\t\t\t\t<\/div>\n\t\t\t\t\t\t\t<\/div>\n\t\t<\/div>\n\t\t\t\t\t\t<\/div>\n\t\t\t\t<\/div>\n\t\t\t\t\t<\/div>\n\t\t<\/div>\n\t\t\t\t\t<\/div>\n\t\t<\/section>\n\t\t\t\t<section class=\"elementor-section elementor-top-section elementor-element elementor-element-7c910ec elementor-section-boxed elementor-section-height-default elementor-section-height-default\" data-id=\"7c910ec\" data-element_type=\"section\">\n\t\t\t\t\t\t<div class=\"elementor-container elementor-column-gap-default\">\n\t\t\t\t\t<div class=\"elementor-column elementor-col-100 elementor-top-column elementor-element elementor-element-ad3e013\" data-id=\"ad3e013\" data-element_type=\"column\">\n\t\t\t<div class=\"elementor-widget-wrap elementor-element-populated\">\n\t\t\t\t\t\t<div class=\"elementor-element elementor-element-1de9c58 elementor-widget elementor-widget-heading\" data-id=\"1de9c58\" data-element_type=\"widget\" data-widget_type=\"heading.default\">\n\t\t\t\t<div class=\"elementor-widget-container\">\n\t\t\t\t\t<h2 class=\"elementor-heading-title elementor-size-default\">No nosso percurso j\u00e1 lan\u00e7\u00e1mos algumas sementes que germinaram e cresceram e outras est\u00e3o agora a ser semeadas. <\/h2>\t\t\t\t<\/div>\n\t\t\t\t<\/div>\n\t\t\t\t<div class=\"elementor-element elementor-element-56820c4 elementor-widget elementor-widget-text-editor\" data-id=\"56820c4\" data-element_type=\"widget\" data-widget_type=\"text-editor.default\">\n\t\t\t\t<div class=\"elementor-widget-container\">\n\t\t\t\t\t\t\t\t\t<p>Para quem quer saber como damos vida \u00e0 educa\u00e7\u00e3o positiva, junto de crian\u00e7as e jovens, fica o nosso convite para conhecer os <a href=\"https:\/\/semearvalores.pt\/index.php\/projetos-em-escolas\/\">projetos<\/a> que desenvolvemos em contexto escolar:<\/p><ul style=\"font-size: 16px; background-color: #ffffff;\"><li style=\"font-size: 16px;\" aria-level=\"1\">Semear Valores On-air, para jovens: visa promover a comunica\u00e7\u00e3o e outras compet\u00eancias socioemocionais e, simultaneamente, promover o bem, atrav\u00e9s da\u00a0<a href=\"http:\/\/185.240.251.169:9120\/stream\" target=\"blank\">r\u00e1dio MEGA Ibn<\/a>.<\/li><li style=\"font-size: 16px;\" aria-level=\"1\"><a href=\"https:\/\/semearvalores.pt\/index.php\/2021\/04\/06\/crescer-em-forcas-no-1o-ciclo\/\" target=\"_blank\" rel=\"noopener\">Crescer em For\u00e7as no 1\u00ba ciclo<\/a>, para crian\u00e7as: visa promover o autoconhecimento e as rela\u00e7\u00f5es positivas entre pares, atrav\u00e9s do desenvolvimento das suas for\u00e7as de car\u00e1ter.<\/li><\/ul>\t\t\t\t\t\t\t\t<\/div>\n\t\t\t\t<\/div>\n\t\t\t\t\t<\/div>\n\t\t<\/div>\n\t\t\t\t\t<\/div>\n\t\t<\/section>\n\t\t\t\t<\/div>\n\t\t","protected":false},"excerpt":{"rendered":"<p>Pegada socialNo nosso percurso j\u00e1 lan\u00e7\u00e1mos algumas sementes que germinaram e cresceram e outras est\u00e3o agora a ser semeadas. No nosso percurso j\u00e1 lan\u00e7\u00e1mos algumas sementes que germinaram e cresceram e outras est\u00e3o agora a ser semeadas. Para quem quer saber como damos vida \u00e0 educa\u00e7\u00e3o positiva, junto de crian\u00e7as e jovens, fica o nosso [&hellip;]<\/p>\n","protected":false},"author":1,"featured_media":0,"parent":0,"menu_order":0,"comment_status":"closed","ping_status":"closed","template":"elementor_header_footer","meta":{"footnotes":""},"class_list":["post-111","page","type-page","status-publish","hentry"],"jetpack_sharing_enabled":true,"_links":{"self":[{"href":"https:\/\/semearvalores.pt\/index.php\/wp-json\/wp\/v2\/pages\/111"}],"collection":[{"href":"https:\/\/semearvalores.pt\/index.php\/wp-json\/wp\/v2\/pages"}],"about":[{"href":"https:\/\/semearvalores.pt\/index.php\/wp-json\/wp\/v2\/types\/page"}],"author":[{"embeddable":true,"href":"https:\/\/semearvalores.pt\/index.php\/wp-json\/wp\/v2\/users\/1"}],"replies":[{"embeddable":true,"href":"https:\/\/semearvalores.pt\/index.php\/wp-json\/wp\/v2\/comments?post=111"}],"version-history":[{"count":69,"href":"https:\/\/semearvalores.pt\/index.php\/wp-json\/wp\/v2\/pages\/111\/revisions"}],"predecessor-version":[{"id":7314,"href":"https:\/\/semearvalores.pt\/index.php\/wp-json\/wp\/v2\/pages\/111\/revisions\/7314"}],"wp:attachment":[{"href":"https:\/\/semearvalores.pt\/index.php\/wp-json\/wp\/v2\/media?parent=111"}],"curies":[{"name":"wp","href":"https:\/\/api.w.org\/{rel}","templated":true}]}}