{"id":2855,"date":"2021-12-29T21:31:35","date_gmt":"2021-12-29T21:31:35","guid":{"rendered":"https:\/\/semearvalores.pt\/?page_id=2855"},"modified":"2022-10-23T18:14:18","modified_gmt":"2022-10-23T18:14:18","slug":"formacao-para-familias","status":"publish","type":"page","link":"https:\/\/semearvalores.pt\/index.php\/formacao-para-familias\/","title":{"rendered":"Forma\u00e7\u00e3o &#038; Eventos"},"content":{"rendered":"\t\t<div data-elementor-type=\"wp-page\" data-elementor-id=\"2855\" class=\"elementor elementor-2855\" data-elementor-post-type=\"page\">\n\t\t\t\t\t\t<section class=\"elementor-section elementor-top-section elementor-element elementor-element-e26a9b0 elementor-section-boxed elementor-section-height-default elementor-section-height-default\" data-id=\"e26a9b0\" data-element_type=\"section\">\n\t\t\t\t\t\t<div class=\"elementor-container elementor-column-gap-default\">\n\t\t\t\t\t<div class=\"elementor-column elementor-col-100 elementor-top-column elementor-element elementor-element-b8aa5ec\" data-id=\"b8aa5ec\" data-element_type=\"column\">\n\t\t\t<div class=\"elementor-widget-wrap elementor-element-populated\">\n\t\t\t\t\t\t<div class=\"elementor-element elementor-element-02e335a elementor-widget elementor-widget-heading\" data-id=\"02e335a\" data-element_type=\"widget\" data-widget_type=\"heading.default\">\n\t\t\t\t<div class=\"elementor-widget-container\">\n\t\t\t\t\t<h2 class=\"elementor-heading-title elementor-size-default\">Forma\u00e7\u00e3o e eventos<\/h2>\t\t\t\t<\/div>\n\t\t\t\t<\/div>\n\t\t\t\t\t<\/div>\n\t\t<\/div>\n\t\t\t\t\t<\/div>\n\t\t<\/section>\n\t\t\t\t<section class=\"elementor-section elementor-top-section elementor-element elementor-element-9f4341f elementor-section-boxed elementor-section-height-default elementor-section-height-default\" data-id=\"9f4341f\" data-element_type=\"section\">\n\t\t\t\t\t\t<div class=\"elementor-container elementor-column-gap-default\">\n\t\t\t\t\t<div class=\"elementor-column elementor-col-100 elementor-top-column elementor-element elementor-element-563f2db\" data-id=\"563f2db\" data-element_type=\"column\">\n\t\t\t<div class=\"elementor-widget-wrap elementor-element-populated\">\n\t\t\t\t\t\t<div class=\"elementor-element elementor-element-697fe74 elementor-grid-4 elementor-grid-tablet-3 elementor-grid-mobile-2 elementor-products-grid elementor-wc-products elementor-widget elementor-widget-woocommerce-products\" data-id=\"697fe74\" data-element_type=\"widget\" data-widget_type=\"woocommerce-products.default\">\n\t\t\t\t<div class=\"elementor-widget-container\">\n\t\t\t\t\t<div class=\"woocommerce columns-4 \"><ul class=\"products elementor-grid columns-4\">\n<li class=\"product type-product post-1475 status-publish first instock product_cat-cursos-online product_cat-dislexia product_cat-formacao-loja product_cat-formacao-para-escolas product_cat-para-pais product_cat-recursos-pedagogicos product_cat-servicos product_tag-criancas product_tag-curso-digital product_tag-dislexia product_tag-educadores product_tag-forcas-de-carater product_tag-formacao product_tag-jovens product_tag-pais has-post-thumbnail downloadable virtual purchasable product-type-simple\">\n\t<a href=\"https:\/\/semearvalores.pt\/index.php\/product\/forcas-de-carater-ao-servico-de-criancas-com-dislexia-webinar\/\" class=\"woocommerce-LoopProduct-link woocommerce-loop-product__link\"><img fetchpriority=\"high\" decoding=\"async\" width=\"300\" height=\"300\" src=\"https:\/\/semearvalores.pt\/wp-content\/uploads\/2021\/04\/capa-site-dislexia-300x300.png\" class=\"attachment-woocommerce_thumbnail size-woocommerce_thumbnail\" alt=\"Workshop Ass\u00edncrono: &quot;For\u00e7as de Car\u00e1ter ao Servi\u00e7o de Crian\u00e7as com Dislexia&quot;\" srcset=\"https:\/\/semearvalores.pt\/wp-content\/uploads\/2021\/04\/capa-site-dislexia-300x300.png 300w, https:\/\/semearvalores.pt\/wp-content\/uploads\/2021\/04\/capa-site-dislexia-1024x1024.png 1024w, https:\/\/semearvalores.pt\/wp-content\/uploads\/2021\/04\/capa-site-dislexia-150x150.png 150w, https:\/\/semearvalores.pt\/wp-content\/uploads\/2021\/04\/capa-site-dislexia-768x768.png 768w, https:\/\/semearvalores.pt\/wp-content\/uploads\/2021\/04\/capa-site-dislexia-600x600.png 600w, https:\/\/semearvalores.pt\/wp-content\/uploads\/2021\/04\/capa-site-dislexia-100x100.png 100w, https:\/\/semearvalores.pt\/wp-content\/uploads\/2021\/04\/capa-site-dislexia.png 1080w\" sizes=\"(max-width: 300px) 100vw, 300px\" \/><h2 class=\"woocommerce-loop-product__title\">Workshop Ass\u00edncrono: &#8220;For\u00e7as de Car\u00e1ter ao Servi\u00e7o de Crian\u00e7as com Dislexia&#8221;<\/h2>\n\t<span class=\"price\"><span class=\"woocommerce-Price-amount amount\"><bdi><span class=\"woocommerce-Price-currencySymbol\">&euro;<\/span>27.00<\/bdi><\/span><\/span>\n<\/a><a href=\"?add-to-cart=1475\" aria-describedby=\"woocommerce_loop_add_to_cart_link_describedby_1475\" data-quantity=\"1\" class=\"button product_type_simple add_to_cart_button ajax_add_to_cart\" data-product_id=\"1475\" data-product_sku=\"\" aria-label=\"Adiciona ao carrinho: &ldquo;Workshop Ass\u00edncrono: &quot;For\u00e7as de Car\u00e1ter ao Servi\u00e7o de Crian\u00e7as com Dislexia&quot;&rdquo;\" rel=\"nofollow\" data-success_message=\"&ldquo;Workshop Ass\u00edncrono: &quot;For\u00e7as de Car\u00e1ter ao Servi\u00e7o de Crian\u00e7as com Dislexia&quot;&rdquo; foi adicionado ao seu carrinho\">Adicionar<\/a>\t<span id=\"woocommerce_loop_add_to_cart_link_describedby_1475\" class=\"screen-reader-text\">\n\t\t\t<\/span>\n<\/li>\n<\/ul>\n<\/div>\t\t\t\t<\/div>\n\t\t\t\t<\/div>\n\t\t\t\t\t<\/div>\n\t\t<\/div>\n\t\t\t\t\t<\/div>\n\t\t<\/section>\n\t\t\t\t<\/div>\n\t\t","protected":false},"excerpt":{"rendered":"<p>Forma\u00e7\u00e3o e eventos<\/p>\n","protected":false},"author":1,"featured_media":0,"parent":0,"menu_order":0,"comment_status":"closed","ping_status":"closed","template":"","meta":{"footnotes":""},"class_list":["post-2855","page","type-page","status-publish","hentry"],"jetpack_sharing_enabled":true,"_links":{"self":[{"href":"https:\/\/semearvalores.pt\/index.php\/wp-json\/wp\/v2\/pages\/2855"}],"collection":[{"href":"https:\/\/semearvalores.pt\/index.php\/wp-json\/wp\/v2\/pages"}],"about":[{"href":"https:\/\/semearvalores.pt\/index.php\/wp-json\/wp\/v2\/types\/page"}],"author":[{"embeddable":true,"href":"https:\/\/semearvalores.pt\/index.php\/wp-json\/wp\/v2\/users\/1"}],"replies":[{"embeddable":true,"href":"https:\/\/semearvalores.pt\/index.php\/wp-json\/wp\/v2\/comments?post=2855"}],"version-history":[{"count":25,"href":"https:\/\/semearvalores.pt\/index.php\/wp-json\/wp\/v2\/pages\/2855\/revisions"}],"predecessor-version":[{"id":4984,"href":"https:\/\/semearvalores.pt\/index.php\/wp-json\/wp\/v2\/pages\/2855\/revisions\/4984"}],"wp:attachment":[{"href":"https:\/\/semearvalores.pt\/index.php\/wp-json\/wp\/v2\/media?parent=2855"}],"curies":[{"name":"wp","href":"https:\/\/api.w.org\/{rel}","templated":true}]}}