{"id":2952,"date":"2021-12-29T23:46:52","date_gmt":"2021-12-29T23:46:52","guid":{"rendered":"https:\/\/semearvalores.pt\/?page_id=2952"},"modified":"2024-01-05T16:08:46","modified_gmt":"2024-01-05T16:08:46","slug":"yuki-na-caravana","status":"publish","type":"page","link":"https:\/\/semearvalores.pt\/index.php\/yuki-na-caravana\/","title":{"rendered":"Encontros de Leitura"},"content":{"rendered":"\t\t<div data-elementor-type=\"wp-page\" data-elementor-id=\"2952\" class=\"elementor elementor-2952\" data-elementor-post-type=\"page\">\n\t\t\t\t\t\t<section class=\"elementor-section elementor-top-section elementor-element elementor-element-60ec6978 elementor-section-boxed elementor-section-height-default elementor-section-height-default\" data-id=\"60ec6978\" data-element_type=\"section\">\n\t\t\t\t\t\t<div class=\"elementor-container elementor-column-gap-default\">\n\t\t\t\t\t<div class=\"elementor-column elementor-col-100 elementor-top-column elementor-element elementor-element-3c1309f5\" data-id=\"3c1309f5\" data-element_type=\"column\">\n\t\t\t<div class=\"elementor-widget-wrap\">\n\t\t\t\t\t\t\t<\/div>\n\t\t<\/div>\n\t\t\t\t\t<\/div>\n\t\t<\/section>\n\t\t\t\t<section class=\"elementor-section elementor-top-section elementor-element elementor-element-d1c5330 elementor-section-boxed elementor-section-height-default elementor-section-height-default\" data-id=\"d1c5330\" data-element_type=\"section\">\n\t\t\t\t\t\t<div class=\"elementor-container elementor-column-gap-default\">\n\t\t\t\t\t<div class=\"elementor-column elementor-col-100 elementor-top-column elementor-element elementor-element-04d56ff\" data-id=\"04d56ff\" data-element_type=\"column\">\n\t\t\t<div class=\"elementor-widget-wrap elementor-element-populated\">\n\t\t\t\t\t\t<div class=\"elementor-element elementor-element-33fd426 elementor-invisible elementor-widget elementor-widget-heading\" data-id=\"33fd426\" data-element_type=\"widget\" data-settings=\"{&quot;_animation&quot;:&quot;fadeInLeft&quot;}\" data-widget_type=\"heading.default\">\n\t\t\t\t<div class=\"elementor-widget-container\">\n\t\t\t\t\t<h2 class=\"elementor-heading-title elementor-size-default\">ENCONTROS DE LEITURA E VALORES \u00c0 MISTURA<\/h2>\t\t\t\t<\/div>\n\t\t\t\t<\/div>\n\t\t\t\t<div class=\"elementor-element elementor-element-f7b1cae elementor-invisible elementor-widget elementor-widget-text-editor\" data-id=\"f7b1cae\" data-element_type=\"widget\" data-settings=\"{&quot;_animation&quot;:&quot;fadeInLeft&quot;}\" data-widget_type=\"text-editor.default\">\n\t\t\t\t<div class=\"elementor-widget-container\">\n\t\t\t\t\t\t\t\t\t<h3><strong>YUKI NA CARAVANA &#8211; DOS 6 AOS 10 ANOS<\/strong><\/h3>\t\t\t\t\t\t\t\t<\/div>\n\t\t\t\t<\/div>\n\t\t\t\t<div class=\"elementor-element elementor-element-dae0da2 elementor-invisible elementor-widget elementor-widget-heading\" data-id=\"dae0da2\" data-element_type=\"widget\" data-settings=\"{&quot;motion_fx_motion_fx_scrolling&quot;:&quot;yes&quot;,&quot;_animation&quot;:&quot;fadeInLeft&quot;,&quot;motion_fx_devices&quot;:[&quot;desktop&quot;,&quot;tablet&quot;,&quot;mobile&quot;]}\" data-widget_type=\"heading.default\">\n\t\t\t\t<div class=\"elementor-widget-container\">\n\t\t\t\t\t<h5 class=\"elementor-heading-title elementor-size-default\">A caravana do Yuki est\u00e1 na rua e tem uma hist\u00f3ria sobre amizade para contar, superpoderes para descobrir e valores para semear!<\/h5>\t\t\t\t<\/div>\n\t\t\t\t<\/div>\n\t\t\t\t<div class=\"elementor-element elementor-element-9e7a251 elementor-widget elementor-widget-spacer\" data-id=\"9e7a251\" data-element_type=\"widget\" data-widget_type=\"spacer.default\">\n\t\t\t\t<div class=\"elementor-widget-container\">\n\t\t\t\t\t\t\t<div class=\"elementor-spacer\">\n\t\t\t<div class=\"elementor-spacer-inner\"><\/div>\n\t\t<\/div>\n\t\t\t\t\t\t<\/div>\n\t\t\t\t<\/div>\n\t\t\t\t\t<\/div>\n\t\t<\/div>\n\t\t\t\t\t<\/div>\n\t\t<\/section>\n\t\t\t\t<section class=\"elementor-section elementor-top-section elementor-element elementor-element-76b02c3 elementor-section-boxed elementor-section-height-default elementor-section-height-default\" data-id=\"76b02c3\" data-element_type=\"section\">\n\t\t\t\t\t\t<div class=\"elementor-container elementor-column-gap-default\">\n\t\t\t\t\t<div class=\"elementor-column elementor-col-50 elementor-top-column elementor-element elementor-element-9630ebd\" data-id=\"9630ebd\" data-element_type=\"column\">\n\t\t\t<div class=\"elementor-widget-wrap elementor-element-populated\">\n\t\t\t\t\t\t<div class=\"elementor-element elementor-element-60b6959 elementor-widget elementor-widget-image\" data-id=\"60b6959\" data-element_type=\"widget\" data-widget_type=\"image.default\">\n\t\t\t\t<div class=\"elementor-widget-container\">\n\t\t\t\t\t\t\t\t\t\t\t\t\t\t\t<img fetchpriority=\"high\" decoding=\"async\" width=\"800\" height=\"800\" src=\"https:\/\/semearvalores.pt\/wp-content\/uploads\/2021\/09\/3.png\" class=\"attachment-large size-large wp-image-2800\" alt=\"\" \/>\t\t\t\t\t\t\t\t\t\t\t\t\t\t\t<\/div>\n\t\t\t\t<\/div>\n\t\t\t\t\t<\/div>\n\t\t<\/div>\n\t\t\t\t<div class=\"elementor-column elementor-col-50 elementor-top-column elementor-element elementor-element-91accce\" data-id=\"91accce\" data-element_type=\"column\">\n\t\t\t<div class=\"elementor-widget-wrap elementor-element-populated\">\n\t\t\t\t\t\t<div class=\"elementor-element elementor-element-49f5c12 elementor-widget elementor-widget-spacer\" data-id=\"49f5c12\" data-element_type=\"widget\" data-widget_type=\"spacer.default\">\n\t\t\t\t<div class=\"elementor-widget-container\">\n\t\t\t\t\t\t\t<div class=\"elementor-spacer\">\n\t\t\t<div class=\"elementor-spacer-inner\"><\/div>\n\t\t<\/div>\n\t\t\t\t\t\t<\/div>\n\t\t\t\t<\/div>\n\t\t\t\t<div class=\"elementor-element elementor-element-a4754da elementor-widget elementor-widget-text-editor\" data-id=\"a4754da\" data-element_type=\"widget\" data-widget_type=\"text-editor.default\">\n\t\t\t\t<div class=\"elementor-widget-container\">\n\t\t\t\t\t\t\t\t\t<div data-id=\"61cfeb69\" data-element_type=\"widget\" data-widget_type=\"woocommerce-product-short-description.default\">\n<p><strong>1. O QUE \u00c9?<\/strong><\/p>\n<p><span style=\"font-weight: 400;\">Estes encontros, dirigidos ao 1\u00ba ciclo, t\u00eam como prop\u00f3sito contar a hist\u00f3ria de <\/span><i><span style=\"font-weight: 400;\">\u201cYUKI, o rob\u00f4 com cora\u00e7\u00e3o. Os superpoderes da Amizade\u201d<\/span><\/i><span style=\"font-weight: 400;\"> e semear, junto das crian\u00e7as, importantes valores humanos como a amizade, a bondade, a criatividade, o humor, o perd\u00e3o, a honestidade, a empatia e o entusiasmo.<\/span><\/p>\n<\/div>\t\t\t\t\t\t\t\t<\/div>\n\t\t\t\t<\/div>\n\t\t\t\t<div class=\"elementor-element elementor-element-d08139c elementor-widget elementor-widget-spacer\" data-id=\"d08139c\" data-element_type=\"widget\" data-widget_type=\"spacer.default\">\n\t\t\t\t<div class=\"elementor-widget-container\">\n\t\t\t\t\t\t\t<div class=\"elementor-spacer\">\n\t\t\t<div class=\"elementor-spacer-inner\"><\/div>\n\t\t<\/div>\n\t\t\t\t\t\t<\/div>\n\t\t\t\t<\/div>\n\t\t\t\t<div class=\"elementor-element elementor-element-9a364a7 elementor-widget elementor-widget-text-editor\" data-id=\"9a364a7\" data-element_type=\"widget\" data-widget_type=\"text-editor.default\">\n\t\t\t\t<div class=\"elementor-widget-container\">\n\t\t\t\t\t\t\t\t\t<div data-id=\"61cfeb69\" data-element_type=\"widget\" data-widget_type=\"woocommerce-product-short-description.default\">\n<p><b style=\"color: var( --e-global-color-db6c802 );\">2. PORQUE \u00c9 IMPORTANTE?<\/b><\/p>\n<ul>\n<li style=\"font-weight: 400;\" aria-level=\"1\"><span style=\"font-weight: 400;\">Porque \u00e9 uma hist\u00f3ria inovadora, que combina o fasc\u00ednio da tecnologia com valores humanos, e \u00e9 contada de forma cativante para estimular a intera\u00e7\u00e3o e a reflex\u00e3o;<\/span><\/li>\n<li style=\"font-weight: 400;\" aria-level=\"1\"><span style=\"font-weight: 400;\">Porque disponibiliza aos profissionais de educa\u00e7\u00e3o (e fam\u00edlias) uma ferramenta l\u00fadico-pedag\u00f3gica para trabalhar valores humanos, fomentar ambientes de aprendizagem inclusivos e harmoniosos e promover o autoconhecimento das crian\u00e7as.<\/span><\/li>\n<\/ul>\n<\/div>\t\t\t\t\t\t\t\t<\/div>\n\t\t\t\t<\/div>\n\t\t\t\t\t<\/div>\n\t\t<\/div>\n\t\t\t\t\t<\/div>\n\t\t<\/section>\n\t\t\t\t<section class=\"elementor-section elementor-top-section elementor-element elementor-element-8d7df26 elementor-section-boxed elementor-section-height-default elementor-section-height-default\" data-id=\"8d7df26\" data-element_type=\"section\">\n\t\t\t\t\t\t<div class=\"elementor-container elementor-column-gap-default\">\n\t\t\t\t\t<div class=\"elementor-column elementor-col-100 elementor-top-column elementor-element elementor-element-dac6cfd\" data-id=\"dac6cfd\" data-element_type=\"column\">\n\t\t\t<div class=\"elementor-widget-wrap elementor-element-populated\">\n\t\t\t\t\t\t<div class=\"elementor-element elementor-element-b21d82f elementor-widget elementor-widget-spacer\" data-id=\"b21d82f\" data-element_type=\"widget\" data-widget_type=\"spacer.default\">\n\t\t\t\t<div class=\"elementor-widget-container\">\n\t\t\t\t\t\t\t<div class=\"elementor-spacer\">\n\t\t\t<div class=\"elementor-spacer-inner\"><\/div>\n\t\t<\/div>\n\t\t\t\t\t\t<\/div>\n\t\t\t\t<\/div>\n\t\t\t\t<div class=\"elementor-element elementor-element-1acf241 elementor-widget elementor-widget-text-editor\" data-id=\"1acf241\" data-element_type=\"widget\" data-widget_type=\"text-editor.default\">\n\t\t\t\t<div class=\"elementor-widget-container\">\n\t\t\t\t\t\t\t\t\t<p><strong>3. COMO FUNCIONA CADA ENCONTRO?<\/strong><\/p>\n<ul>\n<li><span style=\"font-weight: 400;\">Decorre com uma ou duas turmas em simult\u00e2neo (m\u00e1ximo de 50 alunos por grupo);<\/span><\/li>\n<li><span style=\"font-weight: 400;\">Tem a dura\u00e7\u00e3o aproximada de 1 hora;<\/span><\/li>\n<li><span style=\"font-weight: 400;\">Decorre num espa\u00e7o da escola onde as crian\u00e7as possam estar sentadas \u00e0 vontade e onde haja um quadro ou uma folha grande para escrever;<\/span><\/li>\n<li>Levamos um cen\u00e1rio muito f\u00e1cil de montar e com o qual as crian\u00e7as podem tirar fotos no final. \u00a0<\/li>\n<\/ul>\n<div>\u00a0<\/div>\n<div>\u00a0<\/div>\n<p><b>4. QUAIS AS CONDI\u00c7\u00d5ES?<\/b><\/p>\n<ul>\n<li style=\"font-weight: 400;\" aria-level=\"1\"><span style=\"font-weight: 400;\">custo simb\u00f3lico de 2,00\u20ac por crian\u00e7a (pre\u00e7o sem IVA);<\/span><\/li>\n<li style=\"font-weight: 400;\" aria-level=\"1\"><span style=\"font-weight: 400;\">divulga\u00e7\u00e3o do encontro e do livro junto das fam\u00edlias;<\/span><\/li>\n<li style=\"font-weight: 400;\" aria-level=\"1\"><span style=\"font-weight: 400;\">compra opcional do livro por 14\u20ac;<\/span><\/li>\n<li style=\"font-weight: 400;\" aria-level=\"1\"><span style=\"font-weight: 400;\">livro autografado e com dedicat\u00f3ria para as crian\u00e7as;<\/span><\/li>\n<li style=\"font-weight: 400;\" aria-level=\"1\"><span style=\"font-weight: 400;\">pagamento da desloca\u00e7\u00e3o (fora do concelho de Cascais).<\/span><\/li>\n<\/ul>\n<p>\u00a0<\/p>\n<p><b>5. O QUE EST\u00c1 INCLU\u00cdDO NOS ENCONTROS?<\/b><b><\/b><\/p>\n<ul>\n<li style=\"font-weight: 400;\" aria-level=\"1\"><span style=\"font-weight: 400;\">Caderno de atividades \u201cExplorar com o Yuki\u201d (produto digital)<\/span><\/li>\n<li style=\"font-weight: 400;\" aria-level=\"1\"><span style=\"font-weight: 400;\">Desenho para colorir com uma ilustra\u00e7\u00e3o do livro (produto digital)<\/span><\/li>\n<li style=\"font-weight: 400;\" aria-level=\"1\"><span style=\"font-weight: 400;\">Tr\u00eas Medita\u00e7\u00f5es do Yuki para crian\u00e7as (Canal YouTube)<\/span><\/li>\n<li style=\"font-weight: 400;\" aria-level=\"1\"><span style=\"font-weight: 400;\">Mensagens do Dia do Yuki (produto digital)<\/span><\/li>\n<li style=\"font-weight: 400;\" aria-level=\"1\"><a href=\"https:\/\/semearvalores.pt\/index.php\/product\/jogo-cresceremconversas\/\"><span style=\"font-weight: 400;\">Jogo \u201cCrescer em Conversas\u201d <\/span><\/a><span style=\"font-weight: 400;\">(produto digital)<\/span><\/li>\n<li style=\"font-weight: 400;\" aria-level=\"1\"><a href=\"https:\/\/semearvalores.pt\/index.php\/product\/medalhas-crescer-em-forcas-pt\/\"><span style=\"font-weight: 400;\">Medalhas \u201cCrescer em For\u00e7as<\/span><\/a><span style=\"font-weight: 400;\">\u201d (produto digital)<\/span><\/li>\n<li style=\"font-weight: 400;\" aria-level=\"1\"><span style=\"font-weight: 400;\">Programa de desenvolvimento socioemocional \u201cSemear Amizade\u201d, composto por 5 cartas escritas pelo Yuki e enviadas, por correio, para a turma, nas quais s\u00e3o propostas \u00e0s crian\u00e7as algumas atividades e desafios que d\u00e3o continuidade \u00e0 hist\u00f3ria e cujo prop\u00f3sito \u00e9 fomentar rela\u00e7\u00f5es positivas entre pares e prevenir situa\u00e7\u00f5es de bullying.\u00a0<\/span><\/li>\n<\/ul>\n<p>\u00a0<\/p>\n<p><strong>6. <\/strong><b>Quais os benef\u00edcios deste programa?<\/b><\/p>\n<ul>\n<li style=\"font-weight: 400;\" aria-level=\"1\">\n<p><span style=\"font-weight: 400;\">Com este curto programa pretendemos promover junto das crian\u00e7as:<\/span><\/p>\n<p><span style=\"font-weight: 400;\">. um <\/span><b>envolvimento continuado<\/b><span style=\"font-weight: 400;\">: ao sugerir atividades e desafios que se estendem para al\u00e9m da sess\u00e3o de leitura, o programa mant\u00e9m o interesse das crian\u00e7as e promove uma abordagem cont\u00ednua aos valores e ao desenvolvimento socioemocional;<\/span><\/p>\n<p><span style=\"font-weight: 400;\">. a <\/span><b>preven\u00e7\u00e3o do bullying<\/b><span style=\"font-weight: 400;\">: ao focar as propostas na promo\u00e7\u00e3o de rela\u00e7\u00f5es positivas entre pares, o programa contribui para a cria\u00e7\u00e3o de um ambiente escolar mais inclusivo e emp\u00e1tico, ajudando a prevenir situa\u00e7\u00f5es de bullying.<\/span><\/p>\n<span style=\"font-weight: 400;\">. um <b>est\u00edmulo \u00e0 imagina\u00e7\u00e3o e ao uso positivo da tecnologia<\/b>: receber cartas do Yuki por correio, estimula a imagina\u00e7\u00e3o das crian\u00e7as e cria uma antecipa\u00e7\u00e3o positiva em torno das atividades propostas. Aproveitando a onda da intelig\u00eancia artificial, este rob\u00f4 com cora\u00e7\u00e3o, ainda sem forma tridimensional, veio ao mundo para semear valores e fomentar rela\u00e7\u00f5es saud\u00e1veis de forma inovadora e relevante!<\/span><\/li>\n<\/ul>\n<p>\u00a0<\/p>\n<p><b>E se estas condi\u00e7\u00f5es n\u00e3o se adequarem \u00e0 sua turma\/escola?<\/b><\/p>\n<p><span style=\"font-weight: 400;\">Fale connosco, porque temos outra proposta!<\/span><br style=\"font-weight: 400;\" \/><br \/><\/p>\t\t\t\t\t\t\t\t<\/div>\n\t\t\t\t<\/div>\n\t\t\t\t<div class=\"elementor-element elementor-element-4d51b25 elementor-widget elementor-widget-spacer\" data-id=\"4d51b25\" data-element_type=\"widget\" data-widget_type=\"spacer.default\">\n\t\t\t\t<div class=\"elementor-widget-container\">\n\t\t\t\t\t\t\t<div class=\"elementor-spacer\">\n\t\t\t<div class=\"elementor-spacer-inner\"><\/div>\n\t\t<\/div>\n\t\t\t\t\t\t<\/div>\n\t\t\t\t<\/div>\n\t\t\t\t\t<\/div>\n\t\t<\/div>\n\t\t\t\t\t<\/div>\n\t\t<\/section>\n\t\t\t\t<section class=\"elementor-section elementor-top-section elementor-element elementor-element-97687fe elementor-section-boxed elementor-section-height-default elementor-section-height-default\" data-id=\"97687fe\" data-element_type=\"section\">\n\t\t\t\t\t\t<div class=\"elementor-container elementor-column-gap-default\">\n\t\t\t\t\t<div class=\"elementor-column elementor-col-100 elementor-top-column elementor-element elementor-element-ba298ba\" data-id=\"ba298ba\" data-element_type=\"column\">\n\t\t\t<div class=\"elementor-widget-wrap elementor-element-populated\">\n\t\t\t\t\t\t<div class=\"elementor-element elementor-element-d133a74 elementor-widget elementor-widget-image\" data-id=\"d133a74\" data-element_type=\"widget\" data-widget_type=\"image.default\">\n\t\t\t\t<div class=\"elementor-widget-container\">\n\t\t\t\t\t\t\t\t\t\t\t\t\t\t\t<img decoding=\"async\" width=\"800\" height=\"600\" src=\"https:\/\/semearvalores.pt\/wp-content\/uploads\/2023\/10\/Pataias-6-1024x768.jpeg\" class=\"attachment-large size-large wp-image-6971\" alt=\"\" srcset=\"https:\/\/semearvalores.pt\/wp-content\/uploads\/2023\/10\/Pataias-6-1024x768.jpeg 1024w, https:\/\/semearvalores.pt\/wp-content\/uploads\/2023\/10\/Pataias-6-300x225.jpeg 300w, https:\/\/semearvalores.pt\/wp-content\/uploads\/2023\/10\/Pataias-6-768x576.jpeg 768w, https:\/\/semearvalores.pt\/wp-content\/uploads\/2023\/10\/Pataias-6-1536x1152.jpeg 1536w, https:\/\/semearvalores.pt\/wp-content\/uploads\/2023\/10\/Pataias-6-600x450.jpeg 600w, https:\/\/semearvalores.pt\/wp-content\/uploads\/2023\/10\/Pataias-6.jpeg 2000w\" sizes=\"(max-width: 800px) 100vw, 800px\" \/>\t\t\t\t\t\t\t\t\t\t\t\t\t\t\t<\/div>\n\t\t\t\t<\/div>\n\t\t\t\t\t<\/div>\n\t\t<\/div>\n\t\t\t\t\t<\/div>\n\t\t<\/section>\n\t\t\t\t<\/div>\n\t\t","protected":false},"excerpt":{"rendered":"<p>ENCONTROS DE LEITURA E VALORES \u00c0 MISTURA YUKI NA CARAVANA &#8211; DOS 6 AOS 10 ANOS A caravana do Yuki est\u00e1 na rua e tem uma hist\u00f3ria sobre amizade para contar, superpoderes para descobrir e valores para semear! 1. O QUE \u00c9? Estes encontros, dirigidos ao 1\u00ba ciclo, t\u00eam como prop\u00f3sito contar a hist\u00f3ria de [&hellip;]<\/p>\n","protected":false},"author":1,"featured_media":0,"parent":0,"menu_order":0,"comment_status":"closed","ping_status":"closed","template":"","meta":{"footnotes":""},"class_list":["post-2952","page","type-page","status-publish","hentry"],"jetpack_sharing_enabled":true,"_links":{"self":[{"href":"https:\/\/semearvalores.pt\/index.php\/wp-json\/wp\/v2\/pages\/2952"}],"collection":[{"href":"https:\/\/semearvalores.pt\/index.php\/wp-json\/wp\/v2\/pages"}],"about":[{"href":"https:\/\/semearvalores.pt\/index.php\/wp-json\/wp\/v2\/types\/page"}],"author":[{"embeddable":true,"href":"https:\/\/semearvalores.pt\/index.php\/wp-json\/wp\/v2\/users\/1"}],"replies":[{"embeddable":true,"href":"https:\/\/semearvalores.pt\/index.php\/wp-json\/wp\/v2\/comments?post=2952"}],"version-history":[{"count":71,"href":"https:\/\/semearvalores.pt\/index.php\/wp-json\/wp\/v2\/pages\/2952\/revisions"}],"predecessor-version":[{"id":7279,"href":"https:\/\/semearvalores.pt\/index.php\/wp-json\/wp\/v2\/pages\/2952\/revisions\/7279"}],"wp:attachment":[{"href":"https:\/\/semearvalores.pt\/index.php\/wp-json\/wp\/v2\/media?parent=2952"}],"curies":[{"name":"wp","href":"https:\/\/api.w.org\/{rel}","templated":true}]}}