{"id":3134,"date":"2022-01-05T14:30:48","date_gmt":"2022-01-05T14:30:48","guid":{"rendered":"https:\/\/semearvalores.pt\/?page_id=3134"},"modified":"2022-01-05T14:42:36","modified_gmt":"2022-01-05T14:42:36","slug":"recursos-para-familias","status":"publish","type":"page","link":"https:\/\/semearvalores.pt\/index.php\/recursos-para-familias\/","title":{"rendered":"Recursos para fam\u00edlias"},"content":{"rendered":"\t\t<div data-elementor-type=\"wp-page\" data-elementor-id=\"3134\" class=\"elementor elementor-3134\" data-elementor-post-type=\"page\">\n\t\t\t\t\t\t<section class=\"elementor-section elementor-top-section elementor-element elementor-element-2e11e39 elementor-section-boxed elementor-section-height-default elementor-section-height-default\" data-id=\"2e11e39\" data-element_type=\"section\">\n\t\t\t\t\t\t<div class=\"elementor-container elementor-column-gap-default\">\n\t\t\t\t\t<div class=\"elementor-column elementor-col-100 elementor-top-column elementor-element elementor-element-9c46d00\" data-id=\"9c46d00\" data-element_type=\"column\">\n\t\t\t<div class=\"elementor-widget-wrap elementor-element-populated\">\n\t\t\t\t\t\t<div class=\"elementor-element elementor-element-64b4eda elementor-widget elementor-widget-heading\" data-id=\"64b4eda\" data-element_type=\"widget\" data-widget_type=\"heading.default\">\n\t\t\t\t<div class=\"elementor-widget-container\">\n\t\t\t\t\t<h2 class=\"elementor-heading-title elementor-size-default\">Recursos para Fam\u00edlias<\/h2>\t\t\t\t<\/div>\n\t\t\t\t<\/div>\n\t\t\t\t\t<\/div>\n\t\t<\/div>\n\t\t\t\t\t<\/div>\n\t\t<\/section>\n\t\t\t\t<section class=\"elementor-section elementor-top-section elementor-element elementor-element-1fe94a6 elementor-section-boxed elementor-section-height-default elementor-section-height-default\" data-id=\"1fe94a6\" data-element_type=\"section\">\n\t\t\t\t\t\t<div class=\"elementor-container elementor-column-gap-default\">\n\t\t\t\t\t<div class=\"elementor-column elementor-col-100 elementor-top-column elementor-element elementor-element-d4a9bc9\" data-id=\"d4a9bc9\" data-element_type=\"column\">\n\t\t\t<div class=\"elementor-widget-wrap elementor-element-populated\">\n\t\t\t\t\t\t<div class=\"elementor-element elementor-element-f00dc7e elementor-grid-4 elementor-grid-tablet-3 elementor-grid-mobile-2 elementor-products-grid elementor-wc-products elementor-widget elementor-widget-woocommerce-products\" data-id=\"f00dc7e\" data-element_type=\"widget\" data-widget_type=\"woocommerce-products.default\">\n\t\t\t\t<div class=\"elementor-widget-container\">\n\t\t\t\t\t<div class=\"woocommerce columns-4 \"><ul class=\"products elementor-grid columns-4\">\n<li class=\"product type-product post-1832 status-publish first instock product_cat-recursos-familias product_cat-recursos-ludico-pedagogicos product_cat-recursos-pedagogicos product_tag-amizade product_tag-criancas product_tag-desenvolvimento-do-carater product_tag-desenvolvimento-infantil product_tag-desenvolvimento-socio-emocional product_tag-educacao-positiva product_tag-escola product_tag-familias product_tag-forcas-de-carater product_tag-livro-infantil product_tag-pais product_tag-parentalidade-consciente product_tag-parentalidade-positiva product_tag-professores product_tag-superpoderes product_tag-valores product_tag-yuki has-post-thumbnail shipping-taxable purchasable product-type-simple\">\n\t<a href=\"https:\/\/semearvalores.pt\/index.php\/product\/livro-infantil-yuki-o-robo-com-coracao-os-superpoderes-da-amizade\/\" class=\"woocommerce-LoopProduct-link woocommerce-loop-product__link\"><img fetchpriority=\"high\" decoding=\"async\" width=\"300\" height=\"300\" src=\"https:\/\/semearvalores.pt\/wp-content\/uploads\/2021\/04\/semear_valores_131121_66.jpg\" class=\"attachment-woocommerce_thumbnail size-woocommerce_thumbnail\" alt=\"Livro infantil &quot;YUKI, o rob\u00f4 com cora\u00e7\u00e3o. Os superpoderes da Amizade&quot;.\" \/><h2 class=\"woocommerce-loop-product__title\">Livro infantil &#8220;YUKI, o rob\u00f4 com cora\u00e7\u00e3o. Os superpoderes da Amizade&#8221;.<\/h2><div class=\"star-rating\" role=\"img\" aria-label=\"Avalia\u00e7\u00e3o 5.00 de 5\"><span style=\"width:100%\">Avalia\u00e7\u00e3o <strong class=\"rating\">5.00<\/strong> de 5<\/span><\/div>\n\t<span class=\"price\"><span class=\"woocommerce-Price-amount amount\"><bdi><span class=\"woocommerce-Price-currencySymbol\">&euro;<\/span>14.00<\/bdi><\/span><\/span>\n<\/a><a href=\"?add-to-cart=1832\" aria-describedby=\"woocommerce_loop_add_to_cart_link_describedby_1832\" data-quantity=\"1\" class=\"button product_type_simple add_to_cart_button ajax_add_to_cart\" data-product_id=\"1832\" data-product_sku=\"\" aria-label=\"Adiciona ao carrinho: &ldquo;Livro infantil &quot;YUKI, o rob\u00f4 com cora\u00e7\u00e3o. Os superpoderes da Amizade&quot;.&rdquo;\" rel=\"nofollow\" data-success_message=\"&ldquo;Livro infantil &quot;YUKI, o rob\u00f4 com cora\u00e7\u00e3o. Os superpoderes da Amizade&quot;.&rdquo; foi adicionado ao seu carrinho\">Adicionar<\/a>\t<span id=\"woocommerce_loop_add_to_cart_link_describedby_1832\" class=\"screen-reader-text\">\n\t\t\t<\/span>\n<\/li>\n<li class=\"product type-product post-61 status-publish instock product_cat-recursos-familias product_cat-recursos-ludico-pedagogicos product_cat-recursos-pedagogicos product_tag-criancas product_tag-desenvolvimento-do-carater product_tag-desenvolvimento-infantil product_tag-desenvolvimento-socio-emocional product_tag-educacao product_tag-educacao-positiva product_tag-forcas-de-carater product_tag-jogo product_tag-pais product_tag-parentalidade-consciente product_tag-parentalidade-positiva product_tag-professores product_tag-psicologos product_tag-recursos-pedagogicos product_tag-superpoderes has-post-thumbnail purchasable product-type-simple\">\n\t<a href=\"https:\/\/semearvalores.pt\/index.php\/product\/jogo-crescer-em-forcas\/\" class=\"woocommerce-LoopProduct-link woocommerce-loop-product__link\"><img decoding=\"async\" width=\"300\" height=\"300\" src=\"https:\/\/semearvalores.pt\/wp-content\/uploads\/2021\/03\/semear_valores_131121_42.jpg\" class=\"attachment-woocommerce_thumbnail size-woocommerce_thumbnail\" alt=\"Jogo &quot;Crescer em For\u00e7a(s)&quot;\" \/><h2 class=\"woocommerce-loop-product__title\">Jogo &#8220;Crescer em For\u00e7a(s)&#8221;<\/h2>\n\t<span class=\"price\"><span class=\"woocommerce-Price-amount amount\"><bdi><span class=\"woocommerce-Price-currencySymbol\">&euro;<\/span>20.90<\/bdi><\/span><\/span>\n<\/a><a href=\"?add-to-cart=61\" aria-describedby=\"woocommerce_loop_add_to_cart_link_describedby_61\" data-quantity=\"1\" class=\"button product_type_simple add_to_cart_button ajax_add_to_cart\" data-product_id=\"61\" data-product_sku=\"001\" aria-label=\"Adiciona ao carrinho: &ldquo;Jogo &quot;Crescer em For\u00e7a(s)&quot;&rdquo;\" rel=\"nofollow\" data-success_message=\"&ldquo;Jogo &quot;Crescer em For\u00e7a(s)&quot;&rdquo; foi adicionado ao seu carrinho\">Adicionar<\/a>\t<span id=\"woocommerce_loop_add_to_cart_link_describedby_61\" class=\"screen-reader-text\">\n\t\t\t<\/span>\n<\/li>\n<li class=\"product type-product post-73 status-publish instock product_cat-dislexia product_cat-recursos-familias product_cat-recursos-ludico-pedagogicos product_cat-recursos-pedagogicos product_tag-ambientes-cooperativos product_tag-criancas product_tag-desenvolvimento-do-carater product_tag-desenvolvimento-infantil product_tag-desenvolvimento-socio-emocional product_tag-forcas-de-carater product_tag-inclusao product_tag-parentalidade product_tag-parentalidade-consciente product_tag-parentalidade-positiva product_tag-recursos-digitais product_tag-recursos-pedagogicos has-post-thumbnail downloadable virtual purchasable product-type-simple\">\n\t<a href=\"https:\/\/semearvalores.pt\/index.php\/product\/medalhas-crescer-em-forcas-pt\/\" class=\"woocommerce-LoopProduct-link woocommerce-loop-product__link\"><img decoding=\"async\" width=\"300\" height=\"300\" src=\"https:\/\/semearvalores.pt\/wp-content\/uploads\/2021\/03\/semear_valores_131121_58.jpg\" class=\"attachment-woocommerce_thumbnail size-woocommerce_thumbnail\" alt=\"Medalhas &quot;Crescer em For\u00e7a(s)&quot;\" \/><h2 class=\"woocommerce-loop-product__title\">Medalhas &#8220;Crescer em For\u00e7a(s)&#8221;<\/h2>\n\t<span class=\"price\"><span class=\"woocommerce-Price-amount amount\"><bdi><span class=\"woocommerce-Price-currencySymbol\">&euro;<\/span>5.15<\/bdi><\/span><\/span>\n<\/a><a href=\"?add-to-cart=73\" aria-describedby=\"woocommerce_loop_add_to_cart_link_describedby_73\" data-quantity=\"1\" class=\"button product_type_simple add_to_cart_button ajax_add_to_cart\" data-product_id=\"73\" data-product_sku=\"002\" aria-label=\"Adiciona ao carrinho: &ldquo;Medalhas &quot;Crescer em For\u00e7a(s)&quot;&rdquo;\" rel=\"nofollow\" data-success_message=\"&ldquo;Medalhas &quot;Crescer em For\u00e7a(s)&quot;&rdquo; foi adicionado ao seu carrinho\">Adicionar<\/a>\t<span id=\"woocommerce_loop_add_to_cart_link_describedby_73\" class=\"screen-reader-text\">\n\t\t\t<\/span>\n<\/li>\n<li class=\"product type-product post-1818 status-publish last instock product_cat-recursos-familias product_cat-recursos-ludico-pedagogicos product_cat-recursos-pedagogicos product_tag-crescer-em-conversas product_tag-criancas product_tag-dinamicas product_tag-educadores product_tag-jogo product_tag-jovens product_tag-professores product_tag-psicologos has-post-thumbnail downloadable virtual purchasable product-type-simple\">\n\t<a href=\"https:\/\/semearvalores.pt\/index.php\/product\/jogo-cresceremconversas\/\" class=\"woocommerce-LoopProduct-link woocommerce-loop-product__link\"><img loading=\"lazy\" decoding=\"async\" width=\"300\" height=\"300\" src=\"https:\/\/semearvalores.pt\/wp-content\/uploads\/2021\/04\/Jogo-CrescerEm-Conversas-1.jpg\" class=\"attachment-woocommerce_thumbnail size-woocommerce_thumbnail\" alt=\"Jogo Crescer Em Conversas\" \/><h2 class=\"woocommerce-loop-product__title\">Jogo Crescer Em Conversas<\/h2>\n\t<span class=\"price\"><span class=\"woocommerce-Price-amount amount\"><bdi><span class=\"woocommerce-Price-currencySymbol\">&euro;<\/span>2.50<\/bdi><\/span><\/span>\n<\/a><a href=\"?add-to-cart=1818\" aria-describedby=\"woocommerce_loop_add_to_cart_link_describedby_1818\" data-quantity=\"1\" class=\"button product_type_simple add_to_cart_button ajax_add_to_cart\" data-product_id=\"1818\" data-product_sku=\"\" aria-label=\"Adiciona ao carrinho: &ldquo;Jogo Crescer Em Conversas&rdquo;\" rel=\"nofollow\" data-success_message=\"&ldquo;Jogo Crescer Em Conversas&rdquo; foi adicionado ao seu carrinho\">Adicionar<\/a>\t<span id=\"woocommerce_loop_add_to_cart_link_describedby_1818\" class=\"screen-reader-text\">\n\t\t\t<\/span>\n<\/li>\n<li class=\"product type-product post-4973 status-publish first instock product_cat-formacao-para-escolas product_cat-recursos-familias product_cat-recursos-ludico-pedagogicos product_cat-recursos-pedagogicos product_tag-aprender product_tag-aprendizagem product_tag-atitude-mental-de-crescimento product_tag-cerebro product_tag-criancas product_tag-de-vento-em-popa product_tag-desenvolvimento-do-carater product_tag-desenvolvimento-socio-emocional product_tag-educadores product_tag-familias product_tag-growth-mindset product_tag-maes product_tag-mindset-de-crescimento product_tag-pais product_tag-professores product_tag-psicologos product_tag-recursos product_tag-recursos-digitais product_tag-recursos-em-portugues product_tag-recursos-para-a-aprendizagem product_tag-recursos-pedagogicos product_tag-rota-da-aprendizagem product_tag-soltar-amarras has-post-thumbnail downloadable virtual purchasable product-type-simple\">\n\t<a href=\"https:\/\/semearvalores.pt\/index.php\/product\/pack-na-onda-da-aprendizagem\/\" class=\"woocommerce-LoopProduct-link woocommerce-loop-product__link\"><img loading=\"lazy\" decoding=\"async\" width=\"300\" height=\"300\" src=\"https:\/\/semearvalores.pt\/wp-content\/uploads\/2022\/10\/WhatsApp-Image-2022-10-13-at-11.46.34.jpeg\" class=\"attachment-woocommerce_thumbnail size-woocommerce_thumbnail\" alt=\"Pack &quot;Na Onda da Aprendizagem&quot;\" \/><h2 class=\"woocommerce-loop-product__title\">Pack &#8220;Na Onda da Aprendizagem&#8221;<\/h2>\n\t<span class=\"price\"><span class=\"woocommerce-Price-amount amount\"><bdi><span class=\"woocommerce-Price-currencySymbol\">&euro;<\/span>13.00<\/bdi><\/span><\/span>\n<\/a><a href=\"?add-to-cart=4973\" aria-describedby=\"woocommerce_loop_add_to_cart_link_describedby_4973\" data-quantity=\"1\" class=\"button product_type_simple add_to_cart_button ajax_add_to_cart\" data-product_id=\"4973\" data-product_sku=\"\" aria-label=\"Adiciona ao carrinho: &ldquo;Pack &quot;Na Onda da Aprendizagem&quot;&rdquo;\" rel=\"nofollow\" data-success_message=\"&ldquo;Pack &quot;Na Onda da Aprendizagem&quot;&rdquo; foi adicionado ao seu carrinho\">Adicionar<\/a>\t<span id=\"woocommerce_loop_add_to_cart_link_describedby_4973\" class=\"screen-reader-text\">\n\t\t\t<\/span>\n<\/li>\n<li class=\"product type-product post-6089 status-publish instock product_cat-dislexia product_cat-recursos-familias product_cat-recursos-ludico-pedagogicos product_cat-recursos-pedagogicos product_tag-aprendizagem product_tag-audio product_tag-autoconfianca product_tag-desenvolvimento-do-carater product_tag-desenvolvimento-infantil product_tag-desenvolvimento-socio-emocional product_tag-erros product_tag-familias product_tag-foco product_tag-gosto-pela-aprendizagem product_tag-historias-infantis product_tag-mentalidade-de-crescimento product_tag-mindset-de-crescimento product_tag-pais product_tag-recursos-pedagogicos product_tag-resiliencia product_tag-sucesso product_tag-sucesso-na-aprendizagem product_tag-teatro-sonoro has-post-thumbnail downloadable purchasable product-type-simple\">\n\t<a href=\"https:\/\/semearvalores.pt\/index.php\/product\/teatro-sonoro-as-aventuras-do-pirata-osorio\/\" class=\"woocommerce-LoopProduct-link woocommerce-loop-product__link\"><img loading=\"lazy\" decoding=\"async\" width=\"300\" height=\"300\" src=\"https:\/\/semearvalores.pt\/wp-content\/uploads\/2023\/07\/promo-pirata-transparente-png-300x300.png\" class=\"attachment-woocommerce_thumbnail size-woocommerce_thumbnail\" alt=\"Teatro Sonoro &quot;As Aventuras do Pirata Os\u00f3rio&quot;\" srcset=\"https:\/\/semearvalores.pt\/wp-content\/uploads\/2023\/07\/promo-pirata-transparente-png-300x300.png 300w, https:\/\/semearvalores.pt\/wp-content\/uploads\/2023\/07\/promo-pirata-transparente-png-150x150.png 150w, https:\/\/semearvalores.pt\/wp-content\/uploads\/2023\/07\/promo-pirata-transparente-png-768x768.png 768w, https:\/\/semearvalores.pt\/wp-content\/uploads\/2023\/07\/promo-pirata-transparente-png-600x600.png 600w, https:\/\/semearvalores.pt\/wp-content\/uploads\/2023\/07\/promo-pirata-transparente-png-100x100.png 100w, https:\/\/semearvalores.pt\/wp-content\/uploads\/2023\/07\/promo-pirata-transparente-png.png 800w\" sizes=\"(max-width: 300px) 100vw, 300px\" \/><h2 class=\"woocommerce-loop-product__title\">Teatro Sonoro &#8220;As Aventuras do Pirata Os\u00f3rio&#8221;<\/h2><div class=\"star-rating\" role=\"img\" aria-label=\"Avalia\u00e7\u00e3o 5.00 de 5\"><span style=\"width:100%\">Avalia\u00e7\u00e3o <strong class=\"rating\">5.00<\/strong> de 5<\/span><\/div>\n\t<span class=\"price\"><span class=\"woocommerce-Price-amount amount\"><bdi><span class=\"woocommerce-Price-currencySymbol\">&euro;<\/span>39.00<\/bdi><\/span><\/span>\n<\/a><a href=\"?add-to-cart=6089\" aria-describedby=\"woocommerce_loop_add_to_cart_link_describedby_6089\" data-quantity=\"1\" class=\"button product_type_simple add_to_cart_button ajax_add_to_cart\" data-product_id=\"6089\" data-product_sku=\"\" aria-label=\"Adiciona ao carrinho: &ldquo;Teatro Sonoro &quot;As Aventuras do Pirata Os\u00f3rio&quot;&rdquo;\" rel=\"nofollow\" data-success_message=\"&ldquo;Teatro Sonoro &quot;As Aventuras do Pirata Os\u00f3rio&quot;&rdquo; foi adicionado ao seu carrinho\">Adicionar<\/a>\t<span id=\"woocommerce_loop_add_to_cart_link_describedby_6089\" class=\"screen-reader-text\">\n\t\t\t<\/span>\n<\/li>\n<\/ul>\n<\/div>\t\t\t\t<\/div>\n\t\t\t\t<\/div>\n\t\t\t\t\t<\/div>\n\t\t<\/div>\n\t\t\t\t\t<\/div>\n\t\t<\/section>\n\t\t\t\t<\/div>\n\t\t","protected":false},"excerpt":{"rendered":"<p>Recursos para Fam\u00edlias<\/p>\n","protected":false},"author":1,"featured_media":0,"parent":0,"menu_order":0,"comment_status":"closed","ping_status":"closed","template":"","meta":{"footnotes":""},"class_list":["post-3134","page","type-page","status-publish","hentry"],"jetpack_sharing_enabled":true,"_links":{"self":[{"href":"https:\/\/semearvalores.pt\/index.php\/wp-json\/wp\/v2\/pages\/3134"}],"collection":[{"href":"https:\/\/semearvalores.pt\/index.php\/wp-json\/wp\/v2\/pages"}],"about":[{"href":"https:\/\/semearvalores.pt\/index.php\/wp-json\/wp\/v2\/types\/page"}],"author":[{"embeddable":true,"href":"https:\/\/semearvalores.pt\/index.php\/wp-json\/wp\/v2\/users\/1"}],"replies":[{"embeddable":true,"href":"https:\/\/semearvalores.pt\/index.php\/wp-json\/wp\/v2\/comments?post=3134"}],"version-history":[{"count":12,"href":"https:\/\/semearvalores.pt\/index.php\/wp-json\/wp\/v2\/pages\/3134\/revisions"}],"predecessor-version":[{"id":3148,"href":"https:\/\/semearvalores.pt\/index.php\/wp-json\/wp\/v2\/pages\/3134\/revisions\/3148"}],"wp:attachment":[{"href":"https:\/\/semearvalores.pt\/index.php\/wp-json\/wp\/v2\/media?parent=3134"}],"curies":[{"name":"wp","href":"https:\/\/api.w.org\/{rel}","templated":true}]}}