{"id":3178,"date":"2022-01-06T19:21:35","date_gmt":"2022-01-06T19:21:35","guid":{"rendered":"https:\/\/semearvalores.pt\/?page_id=3178"},"modified":"2023-10-26T12:46:32","modified_gmt":"2023-10-26T12:46:32","slug":"escolas","status":"publish","type":"page","link":"https:\/\/semearvalores.pt\/index.php\/escolas\/","title":{"rendered":"Escolas"},"content":{"rendered":"\t\t<div data-elementor-type=\"wp-page\" data-elementor-id=\"3178\" class=\"elementor elementor-3178\" data-elementor-post-type=\"page\">\n\t\t\t\t\t\t<section class=\"elementor-section elementor-top-section elementor-element elementor-element-2cb2236 elementor-section-boxed elementor-section-height-default elementor-section-height-default\" data-id=\"2cb2236\" data-element_type=\"section\">\n\t\t\t\t\t\t<div class=\"elementor-container elementor-column-gap-default\">\n\t\t\t\t\t<div class=\"elementor-column elementor-col-100 elementor-top-column elementor-element elementor-element-8c76a73\" data-id=\"8c76a73\" data-element_type=\"column\">\n\t\t\t<div class=\"elementor-widget-wrap elementor-element-populated\">\n\t\t\t\t\t\t<div class=\"elementor-element elementor-element-ee79bc8 elementor-widget elementor-widget-heading\" data-id=\"ee79bc8\" data-element_type=\"widget\" data-widget_type=\"heading.default\">\n\t\t\t\t<div class=\"elementor-widget-container\">\n\t\t\t\t\t<h2 class=\"elementor-heading-title elementor-size-default\">Escolas<\/h2>\t\t\t\t<\/div>\n\t\t\t\t<\/div>\n\t\t\t\t\t<\/div>\n\t\t<\/div>\n\t\t\t\t\t<\/div>\n\t\t<\/section>\n\t\t\t\t<section class=\"elementor-section elementor-top-section elementor-element elementor-element-5344441 elementor-section-boxed elementor-section-height-default elementor-section-height-default\" data-id=\"5344441\" data-element_type=\"section\">\n\t\t\t\t\t\t<div class=\"elementor-container elementor-column-gap-default\">\n\t\t\t\t\t<div class=\"elementor-column elementor-col-33 elementor-top-column elementor-element elementor-element-7dab44e\" data-id=\"7dab44e\" data-element_type=\"column\">\n\t\t\t<div class=\"elementor-widget-wrap\">\n\t\t\t\t\t\t\t<\/div>\n\t\t<\/div>\n\t\t\t\t<div class=\"elementor-column elementor-col-66 elementor-top-column elementor-element elementor-element-931cb17\" data-id=\"931cb17\" data-element_type=\"column\">\n\t\t\t<div class=\"elementor-widget-wrap elementor-element-populated\">\n\t\t\t\t\t\t<div class=\"elementor-element elementor-element-b72073a elementor-widget elementor-widget-image\" data-id=\"b72073a\" data-element_type=\"widget\" data-widget_type=\"image.default\">\n\t\t\t\t<div class=\"elementor-widget-container\">\n\t\t\t\t\t\t\t\t\t\t\t\t\t\t\t<img fetchpriority=\"high\" decoding=\"async\" width=\"800\" height=\"533\" src=\"https:\/\/semearvalores.pt\/wp-content\/uploads\/2022\/01\/ibn_mucana_20210507_138-scaled.jpg\" class=\"attachment-large size-large wp-image-3185\" alt=\"\" \/>\t\t\t\t\t\t\t\t\t\t\t\t\t\t\t<\/div>\n\t\t\t\t<\/div>\n\t\t\t\t<div class=\"elementor-element elementor-element-897b3dc elementor-widget elementor-widget-text-editor\" data-id=\"897b3dc\" data-element_type=\"widget\" data-widget_type=\"text-editor.default\">\n\t\t\t\t<div class=\"elementor-widget-container\">\n\t\t\t\t\t\t\t\t\t<p>Porque as crian\u00e7as e jovens passam grande parte do seu tempo na escola, cri\u00e1mos um conjunto de servi\u00e7os a pensar neste contexto que tanto influencia o seu desenvolvimento. Conhe\u00e7a-os!<\/p><ul><li><a href=\"https:\/\/semearvalores.pt\/index.php\/oferta-formativa-para-escolas\/\" target=\"_blank\" rel=\"noopener\">Forma\u00e7\u00e3o<\/a><\/li><li><a href=\"https:\/\/semearvalores.pt\/index.php\/yuki-na-caravana\/\" target=\"_blank\" rel=\"noopener\">Encontros de Leitura<\/a><\/li><li><a href=\"https:\/\/semearvalores.pt\/index.php\/consultoria-teip\/\" target=\"_blank\" rel=\"noopener\">Consultoria TEIP<\/a><\/li><li><a href=\"https:\/\/semearvalores.pt\/index.php\/projetos\" target=\"_blank\" rel=\"noopener\">Projetos de Educa\u00e7\u00e3o Positiva<\/a><\/li><\/ul>\t\t\t\t\t\t\t\t<\/div>\n\t\t\t\t<\/div>\n\t\t\t\t\t<\/div>\n\t\t<\/div>\n\t\t\t\t\t<\/div>\n\t\t<\/section>\n\t\t\t\t<\/div>\n\t\t","protected":false},"excerpt":{"rendered":"<p>Escolas Porque as crian\u00e7as e jovens passam grande parte do seu tempo na escola, cri\u00e1mos um conjunto de servi\u00e7os a pensar neste contexto que tanto influencia o seu desenvolvimento. Conhe\u00e7a-os! Forma\u00e7\u00e3o Encontros de Leitura Consultoria TEIP Projetos de Educa\u00e7\u00e3o Positiva<\/p>\n","protected":false},"author":1,"featured_media":0,"parent":0,"menu_order":0,"comment_status":"closed","ping_status":"closed","template":"","meta":{"footnotes":""},"class_list":["post-3178","page","type-page","status-publish","hentry"],"jetpack_sharing_enabled":true,"_links":{"self":[{"href":"https:\/\/semearvalores.pt\/index.php\/wp-json\/wp\/v2\/pages\/3178"}],"collection":[{"href":"https:\/\/semearvalores.pt\/index.php\/wp-json\/wp\/v2\/pages"}],"about":[{"href":"https:\/\/semearvalores.pt\/index.php\/wp-json\/wp\/v2\/types\/page"}],"author":[{"embeddable":true,"href":"https:\/\/semearvalores.pt\/index.php\/wp-json\/wp\/v2\/users\/1"}],"replies":[{"embeddable":true,"href":"https:\/\/semearvalores.pt\/index.php\/wp-json\/wp\/v2\/comments?post=3178"}],"version-history":[{"count":41,"href":"https:\/\/semearvalores.pt\/index.php\/wp-json\/wp\/v2\/pages\/3178\/revisions"}],"predecessor-version":[{"id":7004,"href":"https:\/\/semearvalores.pt\/index.php\/wp-json\/wp\/v2\/pages\/3178\/revisions\/7004"}],"wp:attachment":[{"href":"https:\/\/semearvalores.pt\/index.php\/wp-json\/wp\/v2\/media?parent=3178"}],"curies":[{"name":"wp","href":"https:\/\/api.w.org\/{rel}","templated":true}]}}