{"id":3598,"date":"2022-03-21T12:46:13","date_gmt":"2022-03-21T12:46:13","guid":{"rendered":"https:\/\/semearvalores.pt\/?page_id=3598"},"modified":"2022-06-02T16:28:16","modified_gmt":"2022-06-02T16:28:16","slug":"formacao-2","status":"publish","type":"page","link":"https:\/\/semearvalores.pt\/index.php\/formacao-2\/","title":{"rendered":"Forma\u00e7\u00e3o"},"content":{"rendered":"\t\t<div data-elementor-type=\"wp-page\" data-elementor-id=\"3598\" class=\"elementor elementor-3598\" data-elementor-post-type=\"page\">\n\t\t\t\t\t\t<section class=\"elementor-section elementor-top-section elementor-element elementor-element-5fea80d elementor-section-boxed elementor-section-height-default elementor-section-height-default\" data-id=\"5fea80d\" data-element_type=\"section\">\n\t\t\t\t\t\t<div class=\"elementor-container elementor-column-gap-default\">\n\t\t\t\t\t<div class=\"elementor-column elementor-col-100 elementor-top-column elementor-element elementor-element-1f0da49\" data-id=\"1f0da49\" data-element_type=\"column\">\n\t\t\t<div class=\"elementor-widget-wrap elementor-element-populated\">\n\t\t\t\t\t\t<div class=\"elementor-element elementor-element-8ebb328 elementor-widget elementor-widget-heading\" data-id=\"8ebb328\" data-element_type=\"widget\" data-widget_type=\"heading.default\">\n\t\t\t\t<div class=\"elementor-widget-container\">\n\t\t\t\t\t<h2 class=\"elementor-heading-title elementor-size-default\">Forma\u00e7\u00e3o<\/h2>\t\t\t\t<\/div>\n\t\t\t\t<\/div>\n\t\t\t\t\t<\/div>\n\t\t<\/div>\n\t\t\t\t\t<\/div>\n\t\t<\/section>\n\t\t\t\t<section class=\"elementor-section elementor-top-section elementor-element elementor-element-4fdeb61 elementor-section-boxed elementor-section-height-default elementor-section-height-default\" data-id=\"4fdeb61\" data-element_type=\"section\">\n\t\t\t\t\t\t<div class=\"elementor-container elementor-column-gap-default\">\n\t\t\t\t\t<div class=\"elementor-column elementor-col-100 elementor-top-column elementor-element elementor-element-8220ce8\" data-id=\"8220ce8\" data-element_type=\"column\">\n\t\t\t<div class=\"elementor-widget-wrap elementor-element-populated\">\n\t\t\t\t\t\t<div class=\"elementor-element elementor-element-64ac198 elementor-grid-4 elementor-grid-tablet-3 elementor-grid-mobile-2 elementor-products-grid elementor-wc-products elementor-widget elementor-widget-woocommerce-products\" data-id=\"64ac198\" data-element_type=\"widget\" data-widget_type=\"woocommerce-products.default\">\n\t\t\t\t<div class=\"elementor-widget-container\">\n\t\t\t\t\t<div class=\"woocommerce columns-4 \"><ul class=\"products elementor-grid columns-4\">\n<li class=\"product type-product post-5964 status-publish first instock product_cat-formacao-loja product_cat-formacao-para-escolas product_cat-para-educadores product_tag-aprendizagem product_tag-atitude-mental-de-crescimento product_tag-educacao-positiva product_tag-educadores product_tag-gosto-pela-aprendizagem product_tag-growth-mindset product_tag-mindset-de-crescimento product_tag-professores product_tag-psicologos product_tag-sucesso-na-aprendizagem has-post-thumbnail downloadable taxable shipping-taxable purchasable product-type-simple\">\n\t<a href=\"https:\/\/semearvalores.pt\/index.php\/product\/workshop-assincrono-nao-consigo-ainda-como-promover-o-sucesso-na-aprendizagem-dos-alunos\/\" class=\"woocommerce-LoopProduct-link woocommerce-loop-product__link\"><img fetchpriority=\"high\" decoding=\"async\" width=\"300\" height=\"300\" src=\"https:\/\/semearvalores.pt\/wp-content\/uploads\/2023\/05\/Cursos-para-site-8-300x300.jpg\" class=\"attachment-woocommerce_thumbnail size-woocommerce_thumbnail\" alt=\"Workshop Ass\u00edncrono &quot;N\u00e3o Consigo...Ainda!&quot; Como Promover o Sucesso na Aprendizagem\" srcset=\"https:\/\/semearvalores.pt\/wp-content\/uploads\/2023\/05\/Cursos-para-site-8-300x300.jpg 300w, https:\/\/semearvalores.pt\/wp-content\/uploads\/2023\/05\/Cursos-para-site-8-1024x1024.jpg 1024w, https:\/\/semearvalores.pt\/wp-content\/uploads\/2023\/05\/Cursos-para-site-8-150x150.jpg 150w, https:\/\/semearvalores.pt\/wp-content\/uploads\/2023\/05\/Cursos-para-site-8-768x768.jpg 768w, https:\/\/semearvalores.pt\/wp-content\/uploads\/2023\/05\/Cursos-para-site-8-600x600.jpg 600w, https:\/\/semearvalores.pt\/wp-content\/uploads\/2023\/05\/Cursos-para-site-8-100x100.jpg 100w, https:\/\/semearvalores.pt\/wp-content\/uploads\/2023\/05\/Cursos-para-site-8.jpg 1080w\" sizes=\"(max-width: 300px) 100vw, 300px\" \/><h2 class=\"woocommerce-loop-product__title\">Workshop Ass\u00edncrono &#8220;N\u00e3o Consigo&#8230;Ainda!&#8221; Como Promover o Sucesso na Aprendizagem<\/h2>\n\t<span class=\"price\"><span class=\"woocommerce-Price-amount amount\"><bdi><span class=\"woocommerce-Price-currencySymbol\">&euro;<\/span>37.00<\/bdi><\/span><\/span>\n<\/a><a href=\"?add-to-cart=5964\" aria-describedby=\"woocommerce_loop_add_to_cart_link_describedby_5964\" data-quantity=\"1\" class=\"button product_type_simple add_to_cart_button ajax_add_to_cart\" data-product_id=\"5964\" data-product_sku=\"\" aria-label=\"Adiciona ao carrinho: &ldquo;Workshop Ass\u00edncrono &quot;N\u00e3o Consigo...Ainda!&quot; Como Promover o Sucesso na Aprendizagem&rdquo;\" rel=\"nofollow\" data-success_message=\"&ldquo;Workshop Ass\u00edncrono &quot;N\u00e3o Consigo...Ainda!&quot; Como Promover o Sucesso na Aprendizagem&rdquo; foi adicionado ao seu carrinho\">Adicionar<\/a>\t<span id=\"woocommerce_loop_add_to_cart_link_describedby_5964\" class=\"screen-reader-text\">\n\t\t\t<\/span>\n<\/li>\n<li class=\"product type-product post-1475 status-publish instock product_cat-cursos-online product_cat-dislexia product_cat-formacao-loja product_cat-formacao-para-escolas product_cat-para-pais product_cat-recursos-pedagogicos product_cat-servicos product_tag-criancas product_tag-curso-digital product_tag-dislexia product_tag-educadores product_tag-forcas-de-carater product_tag-formacao product_tag-jovens product_tag-pais has-post-thumbnail downloadable virtual purchasable product-type-simple\">\n\t<a href=\"https:\/\/semearvalores.pt\/index.php\/product\/forcas-de-carater-ao-servico-de-criancas-com-dislexia-webinar\/\" class=\"woocommerce-LoopProduct-link woocommerce-loop-product__link\"><img decoding=\"async\" width=\"300\" height=\"300\" src=\"https:\/\/semearvalores.pt\/wp-content\/uploads\/2021\/04\/capa-site-dislexia-300x300.png\" class=\"attachment-woocommerce_thumbnail size-woocommerce_thumbnail\" alt=\"Workshop Ass\u00edncrono: &quot;For\u00e7as de Car\u00e1ter ao Servi\u00e7o de Crian\u00e7as com Dislexia&quot;\" srcset=\"https:\/\/semearvalores.pt\/wp-content\/uploads\/2021\/04\/capa-site-dislexia-300x300.png 300w, https:\/\/semearvalores.pt\/wp-content\/uploads\/2021\/04\/capa-site-dislexia-1024x1024.png 1024w, https:\/\/semearvalores.pt\/wp-content\/uploads\/2021\/04\/capa-site-dislexia-150x150.png 150w, https:\/\/semearvalores.pt\/wp-content\/uploads\/2021\/04\/capa-site-dislexia-768x768.png 768w, https:\/\/semearvalores.pt\/wp-content\/uploads\/2021\/04\/capa-site-dislexia-600x600.png 600w, https:\/\/semearvalores.pt\/wp-content\/uploads\/2021\/04\/capa-site-dislexia-100x100.png 100w, https:\/\/semearvalores.pt\/wp-content\/uploads\/2021\/04\/capa-site-dislexia.png 1080w\" sizes=\"(max-width: 300px) 100vw, 300px\" \/><h2 class=\"woocommerce-loop-product__title\">Workshop Ass\u00edncrono: &#8220;For\u00e7as de Car\u00e1ter ao Servi\u00e7o de Crian\u00e7as com Dislexia&#8221;<\/h2>\n\t<span class=\"price\"><span class=\"woocommerce-Price-amount amount\"><bdi><span class=\"woocommerce-Price-currencySymbol\">&euro;<\/span>27.00<\/bdi><\/span><\/span>\n<\/a><a href=\"?add-to-cart=1475\" aria-describedby=\"woocommerce_loop_add_to_cart_link_describedby_1475\" data-quantity=\"1\" class=\"button product_type_simple add_to_cart_button ajax_add_to_cart\" data-product_id=\"1475\" data-product_sku=\"\" aria-label=\"Adiciona ao carrinho: &ldquo;Workshop Ass\u00edncrono: &quot;For\u00e7as de Car\u00e1ter ao Servi\u00e7o de Crian\u00e7as com Dislexia&quot;&rdquo;\" rel=\"nofollow\" data-success_message=\"&ldquo;Workshop Ass\u00edncrono: &quot;For\u00e7as de Car\u00e1ter ao Servi\u00e7o de Crian\u00e7as com Dislexia&quot;&rdquo; foi adicionado ao seu carrinho\">Adicionar<\/a>\t<span id=\"woocommerce_loop_add_to_cart_link_describedby_1475\" class=\"screen-reader-text\">\n\t\t\t<\/span>\n<\/li>\n<li class=\"product type-product post-1479 status-publish instock product_cat-cursos-online product_cat-formacao-loja product_cat-para-educadores product_cat-recursos-pedagogicos product_cat-servicos product_tag-criancas product_tag-curso-digital product_tag-curso-online product_tag-educadores product_tag-forcas-de-carater product_tag-hotmart product_tag-professores has-post-thumbnail virtual product-type-simple\">\n\t<a href=\"https:\/\/semearvalores.pt\/index.php\/product\/6-virtudes-para-educar-criancas-felizes\/\" class=\"woocommerce-LoopProduct-link woocommerce-loop-product__link\"><img decoding=\"async\" width=\"300\" height=\"300\" src=\"https:\/\/semearvalores.pt\/wp-content\/uploads\/2021\/04\/capa-site-hotmart-300x300.png\" class=\"attachment-woocommerce_thumbnail size-woocommerce_thumbnail\" alt=\"Curso online &quot;6 Virtudes para Educar Crian\u00e7as Felizes&quot;\" srcset=\"https:\/\/semearvalores.pt\/wp-content\/uploads\/2021\/04\/capa-site-hotmart-300x300.png 300w, https:\/\/semearvalores.pt\/wp-content\/uploads\/2021\/04\/capa-site-hotmart-1024x1024.png 1024w, https:\/\/semearvalores.pt\/wp-content\/uploads\/2021\/04\/capa-site-hotmart-150x150.png 150w, https:\/\/semearvalores.pt\/wp-content\/uploads\/2021\/04\/capa-site-hotmart-768x768.png 768w, https:\/\/semearvalores.pt\/wp-content\/uploads\/2021\/04\/capa-site-hotmart-600x600.png 600w, https:\/\/semearvalores.pt\/wp-content\/uploads\/2021\/04\/capa-site-hotmart-100x100.png 100w, https:\/\/semearvalores.pt\/wp-content\/uploads\/2021\/04\/capa-site-hotmart.png 1080w\" sizes=\"(max-width: 300px) 100vw, 300px\" \/><h2 class=\"woocommerce-loop-product__title\">Curso online &#8220;6 Virtudes para Educar Crian\u00e7as Felizes&#8221;<\/h2>\n<\/a><a href=\"https:\/\/semearvalores.pt\/index.php\/product\/6-virtudes-para-educar-criancas-felizes\/\" aria-describedby=\"woocommerce_loop_add_to_cart_link_describedby_1479\" data-quantity=\"1\" class=\"button product_type_simple\" data-product_id=\"1479\" data-product_sku=\"\" aria-label=\"Leia mais sobre &ldquo;Curso online &quot;6 Virtudes para Educar Crian\u00e7as Felizes&quot;&rdquo;\" rel=\"nofollow\" data-success_message=\"\">Ler mais<\/a>\t<span id=\"woocommerce_loop_add_to_cart_link_describedby_1479\" class=\"screen-reader-text\">\n\t\t\t<\/span>\n<\/li>\n<\/ul>\n<\/div>\t\t\t\t<\/div>\n\t\t\t\t<\/div>\n\t\t\t\t\t<\/div>\n\t\t<\/div>\n\t\t\t\t\t<\/div>\n\t\t<\/section>\n\t\t\t\t<\/div>\n\t\t","protected":false},"excerpt":{"rendered":"<p>Forma\u00e7\u00e3o<\/p>\n","protected":false},"author":1,"featured_media":0,"parent":0,"menu_order":0,"comment_status":"closed","ping_status":"closed","template":"","meta":{"footnotes":""},"class_list":["post-3598","page","type-page","status-publish","hentry"],"jetpack_sharing_enabled":true,"_links":{"self":[{"href":"https:\/\/semearvalores.pt\/index.php\/wp-json\/wp\/v2\/pages\/3598"}],"collection":[{"href":"https:\/\/semearvalores.pt\/index.php\/wp-json\/wp\/v2\/pages"}],"about":[{"href":"https:\/\/semearvalores.pt\/index.php\/wp-json\/wp\/v2\/types\/page"}],"author":[{"embeddable":true,"href":"https:\/\/semearvalores.pt\/index.php\/wp-json\/wp\/v2\/users\/1"}],"replies":[{"embeddable":true,"href":"https:\/\/semearvalores.pt\/index.php\/wp-json\/wp\/v2\/comments?post=3598"}],"version-history":[{"count":34,"href":"https:\/\/semearvalores.pt\/index.php\/wp-json\/wp\/v2\/pages\/3598\/revisions"}],"predecessor-version":[{"id":4558,"href":"https:\/\/semearvalores.pt\/index.php\/wp-json\/wp\/v2\/pages\/3598\/revisions\/4558"}],"wp:attachment":[{"href":"https:\/\/semearvalores.pt\/index.php\/wp-json\/wp\/v2\/media?parent=3598"}],"curies":[{"name":"wp","href":"https:\/\/api.w.org\/{rel}","templated":true}]}}