{"id":7495,"date":"2024-05-02T11:52:47","date_gmt":"2024-05-02T11:52:47","guid":{"rendered":"https:\/\/semearvalores.pt\/?page_id=7495"},"modified":"2024-05-02T12:17:21","modified_gmt":"2024-05-02T12:17:21","slug":"merchandising","status":"publish","type":"page","link":"https:\/\/semearvalores.pt\/index.php\/loja\/merchandising\/","title":{"rendered":"Merchandising"},"content":{"rendered":"\t\t<div data-elementor-type=\"wp-page\" data-elementor-id=\"7495\" class=\"elementor elementor-7495\" data-elementor-post-type=\"page\">\n\t\t\t\t\t\t<section class=\"elementor-section elementor-top-section elementor-element elementor-element-b97dd5b elementor-section-full_width elementor-section-height-default elementor-section-height-default\" data-id=\"b97dd5b\" data-element_type=\"section\">\n\t\t\t\t\t\t<div class=\"elementor-container elementor-column-gap-no\">\n\t\t\t\t\t<div class=\"elementor-column elementor-col-100 elementor-top-column elementor-element elementor-element-69e71c8\" data-id=\"69e71c8\" data-element_type=\"column\">\n\t\t\t<div class=\"elementor-widget-wrap elementor-element-populated\">\n\t\t\t\t\t\t<div class=\"elementor-element elementor-element-7e481f5 elementor--h-position-left elementor--v-position-middle elementor-widget elementor-widget-slides\" data-id=\"7e481f5\" data-element_type=\"widget\" data-settings=\"{&quot;navigation&quot;:&quot;none&quot;,&quot;infinite&quot;:&quot;yes&quot;,&quot;transition&quot;:&quot;slide&quot;,&quot;transition_speed&quot;:500}\" data-widget_type=\"slides.default\">\n\t\t\t\t<div class=\"elementor-widget-container\">\n\t\t\t\t\t\t\t<div class=\"elementor-swiper\">\n\t\t\t<div class=\"elementor-slides-wrapper elementor-main-swiper swiper-container\" dir=\"ltr\" data-animation=\"fadeInLeft\">\n\t\t\t\t<div class=\"swiper-wrapper elementor-slides\">\n\t\t\t\t\t\t\t\t\t\t<div class=\"elementor-repeater-item-f94189d swiper-slide\"><div class=\"swiper-slide-bg\" role=\"img\"><\/div><div class=\"swiper-slide-inner\" ><div class=\"swiper-slide-contents\"><\/div><\/div><\/div>\t\t\t\t<\/div>\n\t\t\t\t\t\t\t<\/div>\n\t\t<\/div>\n\t\t\t\t\t\t<\/div>\n\t\t\t\t<\/div>\n\t\t\t\t\t<\/div>\n\t\t<\/div>\n\t\t\t\t\t<\/div>\n\t\t<\/section>\n\t\t\t\t<section class=\"elementor-section elementor-top-section elementor-element elementor-element-340cced elementor-section-boxed elementor-section-height-default elementor-section-height-default\" data-id=\"340cced\" data-element_type=\"section\">\n\t\t\t\t\t\t<div class=\"elementor-container elementor-column-gap-default\">\n\t\t\t\t\t<div class=\"elementor-column elementor-col-100 elementor-top-column elementor-element elementor-element-66aae16\" data-id=\"66aae16\" data-element_type=\"column\">\n\t\t\t<div class=\"elementor-widget-wrap elementor-element-populated\">\n\t\t\t\t\t\t<div class=\"elementor-element elementor-element-5278b65 elementor-widget elementor-widget-heading\" data-id=\"5278b65\" data-element_type=\"widget\" data-widget_type=\"heading.default\">\n\t\t\t\t<div class=\"elementor-widget-container\">\n\t\t\t\t\t<h2 class=\"elementor-heading-title elementor-size-default\"><br>Produtos \u00fanicos com as nossas ilustra\u00e7\u00f5es!<\/h2>\t\t\t\t<\/div>\n\t\t\t\t<\/div>\n\t\t\t\t\t<\/div>\n\t\t<\/div>\n\t\t\t\t\t<\/div>\n\t\t<\/section>\n\t\t\t\t<section class=\"elementor-section elementor-top-section elementor-element elementor-element-42c844a elementor-section-boxed elementor-section-height-default elementor-section-height-default\" data-id=\"42c844a\" data-element_type=\"section\">\n\t\t\t\t\t\t<div class=\"elementor-container elementor-column-gap-default\">\n\t\t\t\t\t<div class=\"elementor-column elementor-col-100 elementor-top-column elementor-element elementor-element-6b6e1ee\" data-id=\"6b6e1ee\" data-element_type=\"column\">\n\t\t\t<div class=\"elementor-widget-wrap elementor-element-populated\">\n\t\t\t\t\t\t<div class=\"elementor-element elementor-element-04e6288 elementor-widget elementor-widget-text-editor\" data-id=\"04e6288\" data-element_type=\"widget\" data-widget_type=\"text-editor.default\">\n\t\t\t\t<div class=\"elementor-widget-container\">\n\t\t\t\t\t\t\t\t\t<p><b>Chegou uma grande novidade! <\/b><\/p><p><b>Agora, as ilustra\u00e7\u00f5es do Yuki e do Pirata Os\u00f3rio ganharam vida numa cole\u00e7\u00e3o exclusiva na nossa loja RedBubble!<\/b><\/p><p>Espreite a loja e descubra um mundo cheio de aventuras e divers\u00e3o! <br \/>Desde pe\u00e7as de roupa com o Yuki ou o Pirata Os\u00f3rio, at\u00e9 bon\u00e9s, capas de telem\u00f3vel, sacos, almofadas, mochilas e cadernos, temos algo que vai certamente encantar os seus pequenos aventureiros!<\/p><p><span style=\"font-weight: 400;\">A RedBubble <\/span><span style=\"font-weight: 400;\">\u00e9 uma plataforma online que liga artistas criativos de todo o mundo e possibilita que as suas obras possam ser impressas em suportes diferentes. Como artistas que tamb\u00e9m somos, disponibilizamos as nossas ilustra\u00e7\u00f5es originais para serem transformadas numa variedade de produtos. Cada produto \u00e9 feito por encomenda, utilizando tecnologia de impress\u00e3o de alta qualidade, garantindo resultados incr\u00edveis.<\/span><\/p><p><b>Quem s\u00e3o os her\u00f3is que vai encontrar por l\u00e1?<\/b><\/p><p><span style=\"font-weight: 400;\"><img decoding=\"async\" class=\"emoji\" role=\"img\" draggable=\"false\" src=\"https:\/\/s.w.org\/images\/core\/emoji\/15.0.3\/svg\/1f3f4-200d-2620-fe0f.svg\" alt=\"\ud83c\udff4\u200d\u2620\ufe0f\" \/><\/span><span style=\"font-weight: 400;\"> Pirata Osorio &#8211; O grande Aventureiro dos Mares da Aprendizagem:<\/span><\/p><p><span style=\"font-weight: 400;\">Sempre destemido (bem, nem sempre!) este pirata tem um cora\u00e7\u00e3o de ouro e faz tudo para encontrar o tesouro! At\u00e9 o encontrar, os sarilhos s\u00e3o tantos que bem podia desistir, mas com a ajuda dos amigos e de uma mentalidade de crescimento ele supera-se e deixa \u00e0s crian\u00e7as valiosos ensinamentos!<\/span><\/p><p><span style=\"font-weight: 400;\"><img decoding=\"async\" class=\"emoji\" role=\"img\" draggable=\"false\" src=\"https:\/\/s.w.org\/images\/core\/emoji\/15.0.3\/svg\/1f916.svg\" alt=\"\ud83e\udd16\" \/> Yuki &#8211; O rob\u00f4 com Cora\u00e7\u00e3o:<\/span><\/p><p><span style=\"font-weight: 400;\">Este ador\u00e1vel rob\u00f4 tem o cora\u00e7\u00e3o cheio de superpoderes! Sempre a rimar, este amiguinho ensina aos mais pequenos o valor da amizade e como a podemos cultivar. Agora as crian\u00e7as que adoram o Yuki j\u00e1 podem vestir a sua camisola!<\/span><\/p>\t\t\t\t\t\t\t\t<\/div>\n\t\t\t\t<\/div>\n\t\t\t\t\t<\/div>\n\t\t<\/div>\n\t\t\t\t\t<\/div>\n\t\t<\/section>\n\t\t\t\t<section class=\"elementor-section elementor-top-section elementor-element elementor-element-d8bdb3e elementor-section-boxed elementor-section-height-default elementor-section-height-default\" data-id=\"d8bdb3e\" data-element_type=\"section\">\n\t\t\t\t\t\t<div class=\"elementor-container elementor-column-gap-default\">\n\t\t\t\t\t<div class=\"elementor-column elementor-col-100 elementor-top-column elementor-element elementor-element-c0cf31f\" data-id=\"c0cf31f\" data-element_type=\"column\">\n\t\t\t<div class=\"elementor-widget-wrap elementor-element-populated\">\n\t\t\t\t\t\t<div class=\"elementor-element elementor-element-ca03285 elementor-widget elementor-widget-heading\" data-id=\"ca03285\" data-element_type=\"widget\" data-widget_type=\"heading.default\">\n\t\t\t\t<div class=\"elementor-widget-container\">\n\t\t\t\t\t<h4 class=\"elementor-heading-title elementor-size-default\">&nbsp;Fa\u00e7a as Suas Escolhas:<\/h4>\t\t\t\t<\/div>\n\t\t\t\t<\/div>\n\t\t\t\t\t<\/div>\n\t\t<\/div>\n\t\t\t\t\t<\/div>\n\t\t<\/section>\n\t\t\t\t<section class=\"elementor-section elementor-top-section elementor-element elementor-element-0e41696 elementor-section-boxed elementor-section-height-default elementor-section-height-default\" data-id=\"0e41696\" data-element_type=\"section\">\n\t\t\t\t\t\t<div class=\"elementor-container elementor-column-gap-default\">\n\t\t\t\t\t<div class=\"elementor-column elementor-col-100 elementor-top-column elementor-element elementor-element-a5a14d6\" data-id=\"a5a14d6\" data-element_type=\"column\">\n\t\t\t<div class=\"elementor-widget-wrap elementor-element-populated\">\n\t\t\t\t\t\t<div class=\"elementor-element elementor-element-30ef0dc elementor-align-center elementor-widget elementor-widget-button\" data-id=\"30ef0dc\" data-element_type=\"widget\" data-widget_type=\"button.default\">\n\t\t\t\t<div class=\"elementor-widget-container\">\n\t\t\t\t\t\t\t\t\t<div class=\"elementor-button-wrapper\">\n\t\t\t\t\t<a class=\"elementor-button elementor-button-link elementor-size-sm\" href=\"https:\/\/www.redbubble.com\/people\/SowingValues\/shop\" target=\"_blank\">\n\t\t\t\t\t\t<span class=\"elementor-button-content-wrapper\">\n\t\t\t\t\t\t\t\t\t<span class=\"elementor-button-text\">VISITE A NOSSA LOJA NA REDBUBBLE E ESCOLHA OS PRODUTOS PERFEITOS PARA OS PEQUENOS AVENTUREIROS DA SUA VIDA!<\/span>\n\t\t\t\t\t<\/span>\n\t\t\t\t\t<\/a>\n\t\t\t\t<\/div>\n\t\t\t\t\t\t\t\t<\/div>\n\t\t\t\t<\/div>\n\t\t\t\t\t<\/div>\n\t\t<\/div>\n\t\t\t\t\t<\/div>\n\t\t<\/section>\n\t\t\t\t<section class=\"elementor-section elementor-top-section elementor-element elementor-element-ad40017 elementor-section-boxed elementor-section-height-default elementor-section-height-default\" data-id=\"ad40017\" data-element_type=\"section\">\n\t\t\t\t\t\t<div class=\"elementor-container elementor-column-gap-default\">\n\t\t\t\t\t<div class=\"elementor-column elementor-col-33 elementor-top-column elementor-element elementor-element-5ad45ba\" data-id=\"5ad45ba\" data-element_type=\"column\">\n\t\t\t<div class=\"elementor-widget-wrap elementor-element-populated\">\n\t\t\t\t\t\t<div class=\"elementor-element elementor-element-1cc1231 elementor-widget elementor-widget-image\" data-id=\"1cc1231\" data-element_type=\"widget\" data-widget_type=\"image.default\">\n\t\t\t\t<div class=\"elementor-widget-container\">\n\t\t\t\t\t\t\t\t\t\t\t\t\t\t\t<img fetchpriority=\"high\" decoding=\"async\" width=\"553\" height=\"725\" src=\"https:\/\/semearvalores.pt\/wp-content\/uploads\/2024\/05\/t-shirt-amigos-yuki-crianca.jpg\" class=\"attachment-large size-large wp-image-7498\" alt=\"\" srcset=\"https:\/\/semearvalores.pt\/wp-content\/uploads\/2024\/05\/t-shirt-amigos-yuki-crianca.jpg 553w, https:\/\/semearvalores.pt\/wp-content\/uploads\/2024\/05\/t-shirt-amigos-yuki-crianca-229x300.jpg 229w\" sizes=\"(max-width: 553px) 100vw, 553px\" \/>\t\t\t\t\t\t\t\t\t\t\t\t\t\t\t<\/div>\n\t\t\t\t<\/div>\n\t\t\t\t\t<\/div>\n\t\t<\/div>\n\t\t\t\t<div class=\"elementor-column elementor-col-33 elementor-top-column elementor-element elementor-element-d7f3f94\" data-id=\"d7f3f94\" data-element_type=\"column\">\n\t\t\t<div class=\"elementor-widget-wrap elementor-element-populated\">\n\t\t\t\t\t\t<div class=\"elementor-element elementor-element-f6dc98e elementor-widget elementor-widget-image\" data-id=\"f6dc98e\" data-element_type=\"widget\" data-widget_type=\"image.default\">\n\t\t\t\t<div class=\"elementor-widget-container\">\n\t\t\t\t\t\t\t\t\t\t\t\t\t\t\t<img decoding=\"async\" width=\"552\" height=\"735\" src=\"https:\/\/semearvalores.pt\/wp-content\/uploads\/2024\/05\/garrafa-2-Yuki.jpg\" class=\"attachment-large size-large wp-image-7500\" alt=\"\" srcset=\"https:\/\/semearvalores.pt\/wp-content\/uploads\/2024\/05\/garrafa-2-Yuki.jpg 552w, https:\/\/semearvalores.pt\/wp-content\/uploads\/2024\/05\/garrafa-2-Yuki-225x300.jpg 225w\" sizes=\"(max-width: 552px) 100vw, 552px\" \/>\t\t\t\t\t\t\t\t\t\t\t\t\t\t\t<\/div>\n\t\t\t\t<\/div>\n\t\t\t\t\t<\/div>\n\t\t<\/div>\n\t\t\t\t<div class=\"elementor-column elementor-col-33 elementor-top-column elementor-element elementor-element-ca51354\" data-id=\"ca51354\" data-element_type=\"column\">\n\t\t\t<div class=\"elementor-widget-wrap elementor-element-populated\">\n\t\t\t\t\t\t<div class=\"elementor-element elementor-element-5b4375b elementor-widget elementor-widget-image\" data-id=\"5b4375b\" data-element_type=\"widget\" data-widget_type=\"image.default\">\n\t\t\t\t<div class=\"elementor-widget-container\">\n\t\t\t\t\t\t\t\t\t\t\t\t\t\t\t<img decoding=\"async\" width=\"546\" height=\"728\" src=\"https:\/\/semearvalores.pt\/wp-content\/uploads\/2024\/05\/saco-PO-e-amigos.jpg\" class=\"attachment-large size-large wp-image-7499\" alt=\"\" srcset=\"https:\/\/semearvalores.pt\/wp-content\/uploads\/2024\/05\/saco-PO-e-amigos.jpg 546w, https:\/\/semearvalores.pt\/wp-content\/uploads\/2024\/05\/saco-PO-e-amigos-225x300.jpg 225w\" sizes=\"(max-width: 546px) 100vw, 546px\" \/>\t\t\t\t\t\t\t\t\t\t\t\t\t\t\t<\/div>\n\t\t\t\t<\/div>\n\t\t\t\t\t<\/div>\n\t\t<\/div>\n\t\t\t\t\t<\/div>\n\t\t<\/section>\n\t\t\t\t<\/div>\n\t\t","protected":false},"excerpt":{"rendered":"<p>Produtos \u00fanicos com as nossas ilustra\u00e7\u00f5es! Chegou uma grande novidade! Agora, as ilustra\u00e7\u00f5es do Yuki e do Pirata Os\u00f3rio ganharam vida numa cole\u00e7\u00e3o exclusiva na nossa loja RedBubble! Espreite a loja e descubra um mundo cheio de aventuras e divers\u00e3o! Desde pe\u00e7as de roupa com o Yuki ou o Pirata Os\u00f3rio, at\u00e9 bon\u00e9s, capas de [&hellip;]<\/p>\n","protected":false},"author":1,"featured_media":0,"parent":3719,"menu_order":0,"comment_status":"closed","ping_status":"closed","template":"","meta":{"footnotes":""},"class_list":["post-7495","page","type-page","status-publish","hentry"],"jetpack_sharing_enabled":true,"_links":{"self":[{"href":"https:\/\/semearvalores.pt\/index.php\/wp-json\/wp\/v2\/pages\/7495"}],"collection":[{"href":"https:\/\/semearvalores.pt\/index.php\/wp-json\/wp\/v2\/pages"}],"about":[{"href":"https:\/\/semearvalores.pt\/index.php\/wp-json\/wp\/v2\/types\/page"}],"author":[{"embeddable":true,"href":"https:\/\/semearvalores.pt\/index.php\/wp-json\/wp\/v2\/users\/1"}],"replies":[{"embeddable":true,"href":"https:\/\/semearvalores.pt\/index.php\/wp-json\/wp\/v2\/comments?post=7495"}],"version-history":[{"count":31,"href":"https:\/\/semearvalores.pt\/index.php\/wp-json\/wp\/v2\/pages\/7495\/revisions"}],"predecessor-version":[{"id":7543,"href":"https:\/\/semearvalores.pt\/index.php\/wp-json\/wp\/v2\/pages\/7495\/revisions\/7543"}],"up":[{"embeddable":true,"href":"https:\/\/semearvalores.pt\/index.php\/wp-json\/wp\/v2\/pages\/3719"}],"wp:attachment":[{"href":"https:\/\/semearvalores.pt\/index.php\/wp-json\/wp\/v2\/media?parent=7495"}],"curies":[{"name":"wp","href":"https:\/\/api.w.org\/{rel}","templated":true}]}}