{"id":1479,"date":"2021-04-18T20:07:58","date_gmt":"2021-04-18T20:07:58","guid":{"rendered":"https:\/\/semearvalores.k2ponto.com.br\/?post_type=product&#038;p=1479"},"modified":"2025-05-21T10:09:42","modified_gmt":"2025-05-21T10:09:42","slug":"6-virtudes-para-educar-criancas-felizes","status":"publish","type":"product","link":"https:\/\/semearvalores.pt\/index.php\/product\/6-virtudes-para-educar-criancas-felizes\/","title":{"rendered":"Curso online &#8220;6 Virtudes para Educar Crian\u00e7as Felizes&#8221;"},"content":{"rendered":"<p><span style=\"font-weight: 400;\">Sabemos que ser profissional de educa\u00e7\u00e3o n\u00e3o \u00e9 para todos! \u00c9 preciso muita paix\u00e3o e resili\u00eancia, especialmente quando os desafios e o stress causam desgaste emocional e falta de motiva\u00e7\u00e3o.<\/span><\/p>\n<p><span style=\"font-weight: 400;\">Mas n\u00e3o tem de ser assim!<\/span><\/p>\n<p><span style=\"font-weight: 400;\">Auscult\u00e1mos v\u00e1rios profissionais de educa\u00e7\u00e3o e percebemos que uma das problem\u00e1ticas mais comuns entre as crian\u00e7as dos 6 aos 10 anos \u00e9 a dificuldade em desenvolver relacionamentos positivos com os colegas.\u00a0<\/span><\/p>\n<p><span style=\"font-weight: 400;\">Conflitos, \u201cqueixinhas\u201d, falta de empatia e comportamentos provocat\u00f3rios, entre outros, afetam o bem-estar de todos.<\/span><\/p>\n<p><span style=\"font-weight: 400;\">Imagine como seria gratificante ter um ambiente de trabalho onde o melhor de cada um sobressa\u00edsse! Um espa\u00e7o onde as crian\u00e7as reconhecessem as suas pr\u00f3prias qualidades e potenciais, apreciando tamb\u00e9m as caracter\u00edsticas positivas dos seus pares!<\/span><\/p>\n<p><span style=\"font-weight: 400;\">Isso beneficiaria a vida das crian\u00e7as e tornaria a sua jornada como profissional da educa\u00e7\u00e3o muito mais gratificante!<\/span><\/p>\n<p><span style=\"font-weight: 400;\">\u00c9 exatamente isso que oferecemos com o curso online &#8220;<\/span><b>6 Virtudes Para Educar Crian\u00e7as Felizes<\/b><span style=\"font-weight: 400;\">&#8220;!\u00a0<\/span><\/p>\n<p><span style=\"font-weight: 400;\">Este curso foi cuidadosamente elaborado para ajud\u00e1-lo(a) a (re)encontrar entusiasmo, reconhecimento e satisfa\u00e7\u00e3o na sua profiss\u00e3o!<\/span><\/p>\n<p><span style=\"font-weight: 400;\">Nele aprender\u00e1 a identificar as suas pr\u00f3prias for\u00e7as de car\u00e1ter e a aplic\u00e1-las para o seu bem-estar, al\u00e9m de desenvolver as for\u00e7as das crian\u00e7as com quem trabalha.\u00a0<\/span><\/p>\n<p><span style=\"font-weight: 400;\">Ver\u00e1 promover os comportamentos de entreajuda e reduzir significativamente os problemas de comportamento!<\/span><\/p>\n<p><span style=\"font-weight: 400;\">E sabe porqu\u00ea?<\/span><\/p>\n<p><span style=\"font-weight: 400;\">Porque j\u00e1 h\u00e1 evid\u00eancias cient\u00edficas, na \u00e1rea de Psicologia Positiva, de que trabalhar intencionalmente no desenvolvimento de um bom car\u00e1ter fortalece o bem-estar e o florescimento das comunidades educativas.<\/span><\/p>\n<p><span style=\"font-weight: 400;\">O modelo das Virtudes e For\u00e7as de Car\u00e1ter (Peterson e Seligman, 2004) \u00e9 um dos ingredientes-chave para despertar e valorizar o melhor em si e nas crian\u00e7as!<\/span><\/p>\n<p><span style=\"font-weight: 400;\">Por isso, curso online &#8220;6 Virtudes Para Educar Crian\u00e7as Felizes&#8221; ir\u00e1 ajud\u00e1-lo(a) a:<\/span><\/p>\n<p><span style=\"font-weight: 400;\">\u2705Reconhecer suas pr\u00f3prias for\u00e7as de car\u00e1ter e us\u00e1-las em prol do seu bem-estar;<\/span><\/p>\n<p><span style=\"font-weight: 400;\">\u2705Estimular o uso positivo das for\u00e7as de car\u00e1ter nas crian\u00e7as;<\/span><\/p>\n<p><span style=\"font-weight: 400;\">\u2705Promover a ado\u00e7\u00e3o de uma linguagem comum e apreciativa;<\/span><\/p>\n<p><span style=\"font-weight: 400;\">\u2705Aumentar significativamente os comportamentos de entreajuda;<\/span><\/p>\n<p><span style=\"font-weight: 400;\">\u2705Reduzir significativamente os problemas de comportamento.<\/span><\/p>\n<p><span style=\"font-weight: 400;\">Tudo isto com a grande vantagem de que em pouco mais de 1 hora ter\u00e1 acesso a todos os m\u00f3dulos e poder\u00e1 absorver o conhecimento de forma r\u00e1pida e eficiente.<\/span><\/p>\n<p><span style=\"font-weight: 400;\">Este curso \u00e9 o resultado de 6 anos de experi\u00eancia em interven\u00e7\u00f5es escolares, no qual reunimos e partilhamos as melhores pr\u00e1ticas e experi\u00eancias. Por isso, temos confian\u00e7a que ele lhe proporcionar\u00e1 um conjunto bem integrado de conhecimentos eficazes e transformadores.<\/span><\/p>\n<p><strong>Organiza\u00e7\u00e3o do curso em 7 m\u00f3dulos<\/strong>:<\/p>\n<ul>\n<li><em>Apresenta\u00e7\u00e3o e Introdu\u00e7\u00e3o ao Curso<\/em><\/li>\n<li><em>Import\u00e2ncia da educa\u00e7\u00e3o baseada nas Virtudes<\/em><\/li>\n<li><em>Modelo das Virtudes e For\u00e7as de Car\u00e1ter\u00a0<\/em>(VFC)<\/li>\n<li><em>Sobre as Crian\u00e7as: Desenvolvimento infantil e adapta\u00e7\u00f5es ao modelo<\/em>\u00a0<em>VFC<\/em><\/li>\n<li><em>A\u00e7\u00e3o!: Atividades para dinamizar com as crian\u00e7as<\/em><\/li>\n<li><em>Rituais para refor\u00e7ar o uso consciente das for\u00e7as e recursos pedag\u00f3gicos<\/em><\/li>\n<li><em>Conclus\u00e3o<\/em><\/li>\n<\/ul>\n<p>&nbsp;<\/p>\n<p><iframe title=\"YouTube video player\" src=\"https:\/\/www.youtube.com\/embed\/GaRO-VPPB-I\" width=\"560\" height=\"560\" frameborder=\"0\" allowfullscreen=\"allowfullscreen\"><\/iframe><\/p>\n<figure class=\"wp-block-embed is-type-rich is-provider-youtube wp-block-embed-youtube wp-embed-aspect-16-9 wp-has-aspect-ratio\"><\/figure>\n<p>&nbsp;<\/p>\n<p><strong>Vantagens:<\/strong><\/p>\n<ul>\n<li>Pode gerir a aprendizagem de acordo com a sua disponibilidade.<\/li>\n<li>Os conte\u00fados ficam sempre dispon\u00edveis, podendo rev\u00ea-los sempre que quiser.<\/li>\n<li>Legendado em Portugu\u00eas (tamb\u00e9m dispon\u00edvel legendagem autom\u00e1tica para Ingl\u00eas e Espanhol).<\/li>\n<li>Combina teoria e pr\u00e1tica, dando muitas sugest\u00f5es de atividades para dinamizar com crian\u00e7as.<\/li>\n<li>S\u00e3o disponibilizados materiais de apoio e a bibliografia consultada.<\/li>\n<\/ul>\n<p>&nbsp;<\/p>\n<p class=\"has-text-align-left\"><strong>Investimento:<\/strong> <strong>37\u20ac<\/strong> <em>(compradores no Brasil ou noutros pa\u00edses, a plataforma Hotmart converte para a moeda respetiva)<\/em><\/p>\n<p>&nbsp;<\/p>\n<p class=\"has-text-align-center\"><strong>Sim, quero inscrever-me!<\/strong><\/p>\n<p>1- Ent\u00e3o, clique em\u00a0<a href=\"https:\/\/hotmart.com\/product\/6-virtudes-para-educar-criancas-felizes\/P45288049H\" target=\"_blank\" rel=\"noreferrer noopener\">6 Virtudes para Educar Crian\u00e7as Felizes | Hotmart<\/a><\/p>\n<p>2- Clique depois no bot\u00e3o verde que diz &#8220;Comprar&#8221; e siga as instru\u00e7\u00f5es passo-a-passo. A Hotmart \u00e9 uma plataforma especializada em cursos online e a sua compra \u00e9 100% segura.<\/p>\n<p>Se tiver alguma d\u00favida, envie-nos um email para <em><strong>semearvalores@gmail.com<\/strong><\/em>. Teremos todo gosto em dar-lhe o apoio de que necessita!<\/p>\n","protected":false},"excerpt":{"rendered":"<p><span style=\"font-weight: 400;\">Este curso online destina-se aos profissionais de educa\u00e7\u00e3o que trabalham com crian\u00e7as entre os 6 e os 10 anos e foi cuidadosamente criado para o(a) ajudar a sentir entusiasmo, reconhecimento e satisfa\u00e7\u00e3o <\/span><span style=\"font-weight: 400;\">na sua profiss\u00e3o!<\/span><\/p>\n<p>E porqu\u00ea? Porque s<span style=\"font-weight: 400;\">abemos que ser profissional de educa\u00e7\u00e3o \u00e9 uma tarefa desafiadora e, muitas vezes, stressante. O desgaste emocional e a desmotiva\u00e7\u00e3o podem afetar o seu bem-estar e comprometer a sua paix\u00e3o pela educa\u00e7\u00e3o.\u00a0<\/span><\/p>\n<p><span style=\"font-weight: 400;\">Percebemos que uma das problem\u00e1ticas mais comuns entre crian\u00e7as dos 6 aos 10 anos \u00e9 a dificuldade em desenvolver relacionamentos positivos entre pares. Os conflitos, as \u201cqueixinhas\u201d, a falta de empatia e os comportamentos provocat\u00f3rios, entre tantas outras situa\u00e7\u00f5es desafiantes, afetam o bem-estar de todos, crian\u00e7as e adultos.<\/span><\/p>\n<p><span style=\"font-weight: 400;\">Mas imagine como seria gratificante ter no seu contexto de trabalho um ambiente onde sobressa\u00edsse o melhor de cada um! Um espa\u00e7o onde as crian\u00e7as reconhecessem as suas pr\u00f3prias qualidades e potencialidades e apreciassem as caracter\u00edsticas positivas dos colegas!<\/span><\/p>\n<p><span style=\"font-weight: 400;\">N\u00e3o s\u00f3 beneficiaria a vida dos alunos, como tamb\u00e9m tornaria a sua jornada como profissional de educa\u00e7\u00e3o muito mais gratificante!<\/span><\/p>\n<p>Este curso online est\u00e1 alojado na renomada plataforma Hotmart e, ao adquiri-lo, tem acesso vital\u00edcio.<\/p>\n<p>Saiba mais, em baixo, sobre os benef\u00edcios.<\/p>\n<p><strong>Investimento:<\/strong> <strong>47\u20ac <\/strong><em>(compradores no Brasil ou noutros pa\u00edses, a plataforma Hotmart converte para a moeda respetiva)<\/em><\/p>\n<h5><strong><a href=\"https:\/\/hotmart.com\/product\/6-virtudes-para-educar-criancas-felizes\/P45288049H\" target=\"_blank\" rel=\"noopener\">Comprar agora pela Hotmart!<\/a><\/strong><\/h5>\n","protected":false},"featured_media":6131,"comment_status":"open","ping_status":"closed","template":"","meta":[],"product_brand":[],"product_cat":[21,63,235,38,37],"product_tag":[49,47,64,52,53,65,60],"class_list":{"0":"post-1479","1":"product","2":"type-product","3":"status-publish","4":"has-post-thumbnail","6":"product_cat-recursos-pedagogicos","7":"product_cat-cursos-online","8":"product_cat-formacao-loja","9":"product_cat-para-educadores","10":"product_cat-servicos","11":"product_tag-criancas","12":"product_tag-curso-digital","13":"product_tag-curso-online","14":"product_tag-educadores","15":"product_tag-forcas-de-carater","16":"product_tag-hotmart","17":"product_tag-professores","19":"first","20":"instock","21":"virtual","22":"product-type-simple"},"jetpack_sharing_enabled":true,"_links":{"self":[{"href":"https:\/\/semearvalores.pt\/index.php\/wp-json\/wp\/v2\/product\/1479"}],"collection":[{"href":"https:\/\/semearvalores.pt\/index.php\/wp-json\/wp\/v2\/product"}],"about":[{"href":"https:\/\/semearvalores.pt\/index.php\/wp-json\/wp\/v2\/types\/product"}],"replies":[{"embeddable":true,"href":"https:\/\/semearvalores.pt\/index.php\/wp-json\/wp\/v2\/comments?post=1479"}],"wp:featuredmedia":[{"embeddable":true,"href":"https:\/\/semearvalores.pt\/index.php\/wp-json\/wp\/v2\/media\/6131"}],"wp:attachment":[{"href":"https:\/\/semearvalores.pt\/index.php\/wp-json\/wp\/v2\/media?parent=1479"}],"wp:term":[{"taxonomy":"product_brand","embeddable":true,"href":"https:\/\/semearvalores.pt\/index.php\/wp-json\/wp\/v2\/product_brand?post=1479"},{"taxonomy":"product_cat","embeddable":true,"href":"https:\/\/semearvalores.pt\/index.php\/wp-json\/wp\/v2\/product_cat?post=1479"},{"taxonomy":"product_tag","embeddable":true,"href":"https:\/\/semearvalores.pt\/index.php\/wp-json\/wp\/v2\/product_tag?post=1479"}],"curies":[{"name":"wp","href":"https:\/\/api.w.org\/{rel}","templated":true}]}}