{"id":1818,"date":"2021-04-26T12:14:39","date_gmt":"2021-04-26T12:14:39","guid":{"rendered":"https:\/\/semearvalores.k2ponto.com.br\/?post_type=product&#038;p=1818"},"modified":"2023-11-17T19:55:36","modified_gmt":"2023-11-17T19:55:36","slug":"jogo-cresceremconversas","status":"publish","type":"product","link":"https:\/\/semearvalores.pt\/index.php\/product\/jogo-cresceremconversas\/","title":{"rendered":"Jogo Crescer Em Conversas"},"content":{"rendered":"<p>Amplie suas Conversas e Cres\u00e7a com Elas!<\/p>\n<p><span style=\"font-weight: 400;\">Porque \u00e9 que este jogo \u00e9 t\u00e3o especial? Porque&#8230;<\/span><\/p>\n<p><span style=\"font-weight: 400;\">. Explora Temas Significativos: desde quest\u00f5es do dia-a-dia at\u00e9 t\u00f3picos mais divertidos ou s\u00e9rios, o \u201cCrescer em Conversas\u201d aborda uma variedade de temas para enriquecer as intera\u00e7\u00f5es em fam\u00edlia, entre amigos ou em sala de aula;<\/span><\/p>\n<p><span style=\"font-weight: 400;\">. Proporciona uma partilha sincera: as frases para completar ou as perguntas para responder, em formato de jogo, entusiasmam os participantes e proporcionam a partilha de pensamentos, experi\u00eancias e ideias.<\/span><\/p>\n<p><span style=\"font-weight: 400;\">. \u00c9 de f\u00e1cil utiliza\u00e7\u00e3o e integra\u00e7\u00e3o em qualquer contexto: ap\u00f3s baixar o PDF, corte as fitas e tenha o jogo sempre \u00e0 m\u00e3o, para ser integrado facilmente na rotina da fam\u00edlia, num encontro de amigos ou em sala de aula.<\/span><\/p>\n<p><span style=\"font-weight: 400;\">Este jogo, t\u00e3o simples, \u00e9 mesmo uma ferramenta que estimula di\u00e1logos interessantes e inspira conversas aut\u00eanticas!<\/span><\/p>\n<p>&nbsp;<\/p>\n<p><strong>Prepara\u00e7\u00e3o:<\/strong><\/p>\n<p>Pode cortar cada frase, ou pergunta, e juntar todas num pote ou numa caixa, decorados a seu gosto.<\/p>\n<p>Se for muito paciente, pode plastificar os pap\u00e9is para que durem mais!<\/p>\n<p>&nbsp;<\/p>\n<p><strong>Sugest\u00e3o de uso:<\/strong><\/p>\n<p>Cada pessoa tira um papel de um pote\/caixa e responde de acordo com o que lhe calhou.<\/p>\n<p>Se algu\u00e9m quiser partilhar tamb\u00e9m a sua ideia, \u00e9 muito bem vindo!<\/p>\n<p>Depois, volta a colocar o papel e d\u00e1 a vez a outro.<\/p>\n<p>&nbsp;<\/p>\n<p><strong>Alternativa:<\/strong><\/p>\n<p>Se n\u00e3o quiser cortar, pode usar a numera\u00e7\u00e3o. Cada pessoa diz, \u00e0 sorte, um n\u00famero de 1 at\u00e9 100 e responde ao que lhe calhou.<\/p>\n<p>&nbsp;<\/p>\n<p>Aproveite o momento para conversar sobre temas que, provavelmente, n\u00e3o fazem parte do seu dia-a-dia.<\/p>\n<p>Lembre-se que as coisas mais importantes da vida s\u00e3o simples e n\u00e3o custam dinheiro!<\/p>\n","protected":false},"excerpt":{"rendered":"<p>Amplie as suas Conversas e Cres\u00e7a com Elas!<\/p>\n<p>Este jogo digital \u00e9 constitu\u00eddo por 100 t\u00f3picos para di\u00e1logos enriquecedores.<\/p>\n<p><span style=\"font-weight: 400;\">Decore a seu gosto uma caixa ou um pote, ponha l\u00e1 dentro as fitas com as frases misteriosas e deixe a magia das conversas come\u00e7ar!<\/span><\/p>\n<p>Uma boa oportunidade de ficarem a conhecer-se melhor e de crescer, conversando!<\/p>\n","protected":false},"featured_media":2159,"comment_status":"open","ping_status":"closed","template":"","meta":[],"product_brand":[],"product_cat":[21,190,214],"product_tag":[327,49,328,52,69,50,60,58],"class_list":{"0":"post-1818","1":"product","2":"type-product","3":"status-publish","4":"has-post-thumbnail","6":"product_cat-recursos-pedagogicos","7":"product_cat-recursos-familias","8":"product_cat-recursos-ludico-pedagogicos","9":"product_tag-crescer-em-conversas","10":"product_tag-criancas","11":"product_tag-dinamicas","12":"product_tag-educadores","13":"product_tag-jogo","14":"product_tag-jovens","15":"product_tag-professores","16":"product_tag-psicologos","18":"first","19":"instock","20":"downloadable","21":"virtual","22":"purchasable","23":"product-type-simple"},"jetpack_sharing_enabled":true,"_links":{"self":[{"href":"https:\/\/semearvalores.pt\/index.php\/wp-json\/wp\/v2\/product\/1818"}],"collection":[{"href":"https:\/\/semearvalores.pt\/index.php\/wp-json\/wp\/v2\/product"}],"about":[{"href":"https:\/\/semearvalores.pt\/index.php\/wp-json\/wp\/v2\/types\/product"}],"replies":[{"embeddable":true,"href":"https:\/\/semearvalores.pt\/index.php\/wp-json\/wp\/v2\/comments?post=1818"}],"wp:featuredmedia":[{"embeddable":true,"href":"https:\/\/semearvalores.pt\/index.php\/wp-json\/wp\/v2\/media\/2159"}],"wp:attachment":[{"href":"https:\/\/semearvalores.pt\/index.php\/wp-json\/wp\/v2\/media?parent=1818"}],"wp:term":[{"taxonomy":"product_brand","embeddable":true,"href":"https:\/\/semearvalores.pt\/index.php\/wp-json\/wp\/v2\/product_brand?post=1818"},{"taxonomy":"product_cat","embeddable":true,"href":"https:\/\/semearvalores.pt\/index.php\/wp-json\/wp\/v2\/product_cat?post=1818"},{"taxonomy":"product_tag","embeddable":true,"href":"https:\/\/semearvalores.pt\/index.php\/wp-json\/wp\/v2\/product_tag?post=1818"}],"curies":[{"name":"wp","href":"https:\/\/api.w.org\/{rel}","templated":true}]}}