{"id":5964,"date":"2023-05-10T07:04:51","date_gmt":"2023-05-10T07:04:51","guid":{"rendered":"https:\/\/semearvalores.pt\/?post_type=product&#038;p=5964"},"modified":"2025-03-20T12:33:41","modified_gmt":"2025-03-20T12:33:41","slug":"workshop-assincrono-nao-consigo-ainda-como-promover-o-sucesso-na-aprendizagem-dos-alunos","status":"publish","type":"product","link":"https:\/\/semearvalores.pt\/index.php\/product\/workshop-assincrono-nao-consigo-ainda-como-promover-o-sucesso-na-aprendizagem-dos-alunos\/","title":{"rendered":"Workshop Ass\u00edncrono &#8220;N\u00e3o Consigo&#8230;Ainda!&#8221; Como Promover o Sucesso na Aprendizagem"},"content":{"rendered":"<p>Por vezes, as crian\u00e7as e os jovens acreditam que n\u00e3o s\u00e3o capazes, que n\u00e3o est\u00e3o \u00e0 altura de uma determinada tarefa, t\u00eam medo de errar e arriscam pouco. Esta cren\u00e7a limita o seu potencial e, em \u00faltima inst\u00e2ncia, as suas oportunidades ao longo da vida!<\/p>\n<p>Segundo Carol Dweck, podemos ter dois tipos de <em>mindset<\/em>: crescimento ou fixo. Quando temos um <em>mindset fixo<\/em> acreditamos que o nosso potencial \u00e9 fixado \u00e0 partida e que temos pouco espa\u00e7o para desenvolver novas aptid\u00f5es. Ao inv\u00e9s, quando cultivamos um <em>mindset de crescimento<\/em>, acreditamos que o nosso potencial s\u00f3 \u00e9 revelado \u00e0 medida que nos propomos investir numa determinada aprendizagem.<\/p>\n<p>\u00c9, ent\u00e3o, fundamental cultivar ambientes que estimulem a curiosidade, a experimenta\u00e7\u00e3o, a criatividade e o sair da zona de conforto, desconstruir pensamentos fixos, como &#8220;<em>n\u00e3o sou bom a l\u00ednguas<\/em>&#8221; e potenciar pensamentos de crescimento, como &#8220;<em>Eu sou capaz<\/em>&#8220;, &#8220;<em>Quanto mais treino, mais aprendo<\/em>&#8220;, etc.<\/p>\n<p>As atividades propostas neste workshop ass\u00edncrono resultam dos conceitos trazidos pela investiga\u00e7\u00e3o cient\u00edfica e da nossa experi\u00eancia em diversas escolas, combinada com metodologias mais ativas e experimentadas na forma\u00e7\u00e3o de in\u00fameros educadores.<\/p>\n<p>Com este workshop ass\u00edncrono vai poder:<\/p>\n<p>\u2705 Despertar a motiva\u00e7\u00e3o intr\u00ednseca das crian\u00e7as e jovens com quem trabalha, valorizando o processo de aprendizagem em si, em vez de dependerem de recompensas externas;<br \/>\n\u2705 Aumentar a resili\u00eancia, ensinando os alunos a lidar com os erros e desafios como verdadeiras oportunidades de aprendizagem;<br \/>\n\u2705 Potenciar o sucesso acad\u00e9mico, elevando o esfor\u00e7o e a pr\u00e1tica a uma etapa fundamental do processo que motiva o investimento de tempo e energia;<br \/>\n\u2705 Promover o envolvimento nas aprendizagens, incentivando a colabora\u00e7\u00e3o entre todos e trazendo maior satisfa\u00e7\u00e3o ao seu trabalho;<br \/>\n\u2705 Melhorar a confian\u00e7a das crian\u00e7as e jovens, ensinado-os a acreditar que s\u00e3o capazes de aprender atrav\u00e9s do esfor\u00e7o, da pr\u00e1tica e das estrat\u00e9gias certas;<br \/>\n\u2705 Ampliar a criatividade e a inova\u00e7\u00e3o, estimulando a busca por solu\u00e7\u00f5es e ideias diferentes de resolver problemas.<\/p>\n<p><strong>Formadoras:<\/strong><\/p>\n<p>Patr\u00edcia Sarmento, Kalpna Kirtikumar e Mafalda Lobo.<\/p>\n<p>&nbsp;<\/p>\n<p><strong>Testemunhos das edi\u00e7\u00f5es anteriores <\/strong>(para profissionais e fam\u00edlias)<strong>:<\/strong><\/p>\n<blockquote><p>&#8211; Um tema de forma\u00e7\u00e3o muito atual que me fez refletir quer a n\u00edvel pessoal quer profissional (como docente de 1.\u00baciclo) e que despertou em mim uma motiva\u00e7\u00e3o, lan\u00e7ou uma semente de mindset de crescimento. Espero faz\u00ea-la germinar dentro de mim todos os dias onde quer que esteja e sobretudo faz\u00ea-la crescer na escola, com os meus alunos. Foi um workshop online muito gratificante e enriquecedor, pelo que houve uma partilha verdadeira entre formandos num contexto natural, feliz, sem press\u00e3o, essencial para que o momento fosse bem-sucedido. Gostei muito! Parab\u00e9ns pelo vosso entusiasmo e profissionalismo! Continuem a semear valores.<\/p>\n<p><em>Liliana Santos &#8211; Professora de 1\u00ba ciclo<\/em><\/p><\/blockquote>\n<p>&nbsp;<\/p>\n<blockquote><p>&#8211; Foi um momento muito enriquecedor. Parab\u00e9ns pela vossa seriedade e profissionalismo.<\/p>\n<p><em>Paula Louren\u00e7o &#8211; Psic\u00f3loga<\/em><\/p><\/blockquote>\n<p>&nbsp;<\/p>\n<blockquote><p>&#8211; Adorei o webinar sobre mindset de crescimento para crian\u00e7as que fiz com a Semear Valores, e tirei alguns insights importantes que s\u00e3o perfeitamente aplic\u00e1veis n\u00e3o s\u00f3 \u00e0s crian\u00e7as mas tamb\u00e9m \u00e0s equipas com quem trabalhamos:<\/p><\/blockquote>\n<ul>\n<li>\n<blockquote><p>Para puxarmos as pessoas para fazerem coisas diferentes \u00e9 preciso treinar a elasticidade da \u00e1rea do c\u00e9rebro da aprendizagem. Isso consegue-se com pequenos desafios no dia a dia com muita repeti\u00e7\u00e3o e persist\u00eancia, mais do que grandes eventos.<\/p><\/blockquote>\n<\/li>\n<li>\n<blockquote><p>Usar frases empoderadoras no espa\u00e7o (\u201cEu experimento coisas novas todos os dias\u201d)<\/p><\/blockquote>\n<\/li>\n<li>\n<blockquote><p>Criar pensamentos de crescimento.<\/p><\/blockquote>\n<\/li>\n<li>\n<blockquote><p>Como elogiar.<\/p><\/blockquote>\n<\/li>\n<\/ul>\n<blockquote><p>Obrigada Semear Valores!<\/p>\n<p><em>Patr\u00edcia Teixeira de Abreu &#8211; Fundadora da Dislexia Day by Day<\/em><\/p><\/blockquote>\n<p>&nbsp;<\/p>\n<blockquote><p>&#8211; Foi um excelente webinar. Um assunto muito necess\u00e1rio para quem tem filhos e se preocupa com o futuro deles (e de todas as crian\u00e7as, na verdade). A exposi\u00e7\u00e3o, as din\u00e2micas e as contribui\u00e7\u00f5es dos participantes me provocaram muitos insights importantes.<br \/>\nPercebi que tamb\u00e9m preciso observar a maneira como penso para pode ser um exemplo de atitude mental de crescimento para as minhas crian\u00e7as. E se eu puder ensin\u00e1-las a ver a vida e a si mesmas como aprendemos no webinar, elas com certeza ser\u00e3o mais felizes.<br \/>\nOuvir a contribui\u00e7\u00e3o da ci\u00eancia sendo exemplificada na pr\u00e1tica por educadoras que tamb\u00e9m s\u00e3o m\u00e3es foi muito bom. Obrigado pela oportunidade!<\/p>\n<p><em>C\u00e9sar Tucci &#8211; Fundador de Educar para a Vida Plena<\/em><\/p><\/blockquote>\n<p>&nbsp;<\/p>\n<blockquote><p>&#8211; Inscrevi-me no webinar \u201cN\u00e3o Consigo\u2026 AINDA\u201d: Cultivar Um Mindset De Crescimento Na Fam\u00edlia, pois o 1\u00b0 ano do primeiro ciclo do meu filho mais novo tem sido um dif\u00edcil desafio no sentido de o ajudar a sentir-se bem na escola, a adaptar-se \u00e0 mudan\u00e7a do pr\u00e9 escolar para o primeiro ciclo e de nos ajudar e compreend\u00ea-lo melhor nas dificuldades que tem sentido e n\u00f3s tamb\u00e9m enquanto pais.<br \/>\nO webinar foi um momento de aprendizagem e de partilha que correspondeu e at\u00e9 superou as minhas expectativas. Acredito que os pensamentos que temos em rela\u00e7\u00e3o \u00e0s nossas capacidades, dificuldades e erros t\u00eam um papel fundamental na forma como nos ajustamos e evolu\u00edmos, ou n\u00e3o.<br \/>\nNeste webinar adquiri ferramentas que acredito serem muito \u00fateis para ajudar o meu filho mais novo e tamb\u00e9m o mais velho, a desenvolver e potenciar pensamentos de crescimento, motiva\u00e7\u00e3o, e que os ajudem a lidar com as suas frustra\u00e7\u00f5es, n\u00e3o desistindo e mesmo errando, querendo continuar a tentar, para conseguir, acreditando sempre neles pr\u00f3prios, com o objetivo principal de serem felizes e confiantes.<br \/>\nMuito obrigada.<\/p>\n<p><em>Teresa Santos &#8211; M\u00e3e e Psic\u00f3loga<\/em><\/p><\/blockquote>\n","protected":false},"excerpt":{"rendered":"<p>Descubra um workshop transformador para Profissionais de Educa\u00e7\u00e3o!<\/p>\n<p>Com base no sucesso de suas edi\u00e7\u00f5es anteriores, apresentamos o novo workshop ass\u00edncrono, especialmente criado para atender \u00e0s necessidades de professores, psic\u00f3logos e outros agentes educativos.<\/p>\n<p>Agora, pode aceder facilmente, e ao seu ritmo, a este conte\u00fado que ir\u00e1 desafiar a vis\u00e3o que tem sobre as suas pr\u00f3prias capacidades e ajud\u00e1-lo(a) a apoiar crian\u00e7as e jovens no seu processo de aprendizagem.<\/p>\n<p>Neste workshop ass\u00edncrono, mergulhar\u00e1 nos comportamentos, pensamentos e emo\u00e7\u00f5es que refletem uma mentalidade de crescimento versus uma mentalidade fixa.<\/p>\n<p>Aprender\u00e1 a detect\u00e1-los em si mesmo(a), e nas crian\u00e7as e jovens com quem trabalha, e descobrir\u00e1 estrat\u00e9gias, ferramentas e recursos para desconstruir cren\u00e7as limitadoras que comprometem o sucesso na aprendizagem.<\/p>\n<p>Aprender\u00e1 ainda a arte de gerir o erro, de elogiar de forma eficaz e de ajudar os alunos a lidar com a frustra\u00e7\u00e3o e os comportamentos de desist\u00eancia.<\/p>\n<p>Baseado no trabalho cient\u00edfico de Carol Dweck, sobre o <em>Mindset de Crescimento<\/em>, este workshop ass\u00edncrono \u00e9 destinado a profissionais de educa\u00e7\u00e3o que desejam promover esta mentalidade tanto em si mesmos, como nos seus contextos educativos.<\/p>\n<p>Carregue agora no bot\u00e3o laranja e, ap\u00f3s o pagamento, receba o link para aceder facilmente a este produto.<\/p>\n<p>Descubra, em baixo, o que pode aprender neste workshop imperd\u00edvel!<\/p>\n","protected":false},"featured_media":7629,"comment_status":"open","ping_status":"closed","template":"","meta":[],"product_brand":[],"product_cat":[235,191,38],"product_tag":[75,45,323,52,318,121,221,60,58,320],"class_list":{"0":"post-5964","1":"product","2":"type-product","3":"status-publish","4":"has-post-thumbnail","6":"product_cat-formacao-loja","7":"product_cat-formacao-para-escolas","8":"product_cat-para-educadores","9":"product_tag-aprendizagem","10":"product_tag-atitude-mental-de-crescimento","11":"product_tag-educacao-positiva","12":"product_tag-educadores","13":"product_tag-gosto-pela-aprendizagem","14":"product_tag-growth-mindset","15":"product_tag-mindset-de-crescimento","16":"product_tag-professores","17":"product_tag-psicologos","18":"product_tag-sucesso-na-aprendizagem","20":"first","21":"instock","22":"downloadable","23":"taxable","24":"shipping-taxable","25":"purchasable","26":"product-type-simple"},"jetpack_sharing_enabled":true,"_links":{"self":[{"href":"https:\/\/semearvalores.pt\/index.php\/wp-json\/wp\/v2\/product\/5964"}],"collection":[{"href":"https:\/\/semearvalores.pt\/index.php\/wp-json\/wp\/v2\/product"}],"about":[{"href":"https:\/\/semearvalores.pt\/index.php\/wp-json\/wp\/v2\/types\/product"}],"replies":[{"embeddable":true,"href":"https:\/\/semearvalores.pt\/index.php\/wp-json\/wp\/v2\/comments?post=5964"}],"wp:featuredmedia":[{"embeddable":true,"href":"https:\/\/semearvalores.pt\/index.php\/wp-json\/wp\/v2\/media\/7629"}],"wp:attachment":[{"href":"https:\/\/semearvalores.pt\/index.php\/wp-json\/wp\/v2\/media?parent=5964"}],"wp:term":[{"taxonomy":"product_brand","embeddable":true,"href":"https:\/\/semearvalores.pt\/index.php\/wp-json\/wp\/v2\/product_brand?post=5964"},{"taxonomy":"product_cat","embeddable":true,"href":"https:\/\/semearvalores.pt\/index.php\/wp-json\/wp\/v2\/product_cat?post=5964"},{"taxonomy":"product_tag","embeddable":true,"href":"https:\/\/semearvalores.pt\/index.php\/wp-json\/wp\/v2\/product_tag?post=5964"}],"curies":[{"name":"wp","href":"https:\/\/api.w.org\/{rel}","templated":true}]}}