{"id":6089,"date":"2023-07-12T13:03:28","date_gmt":"2023-07-12T13:03:28","guid":{"rendered":"https:\/\/semearvalores.pt\/?post_type=product&#038;p=6089"},"modified":"2025-12-05T19:37:18","modified_gmt":"2025-12-05T19:37:18","slug":"teatro-sonoro-as-aventuras-do-pirata-osorio","status":"publish","type":"product","link":"https:\/\/semearvalores.pt\/index.php\/product\/teatro-sonoro-as-aventuras-do-pirata-osorio\/","title":{"rendered":"Teatro Sonoro &#8220;As Aventuras do Pirata Os\u00f3rio&#8221;"},"content":{"rendered":"<p><b>A Jornada do Sucesso na Aprendizagem!<\/b><\/p>\n<p><span style=\"font-weight: 400;\">O Pirata Os\u00f3rio embarca numa emocionante jornada em busca de um tesouro deixado pelo av\u00f4, acompanhado pelos seus fi\u00e9is amigos, Pregui e Gaga\u00ed. Com metade de um mapa cheio de rabiscos e um navio sem robustez, eles preparam-se para dias cheios de aventura, desafios e uma boa dose de loucura!<\/span><\/p>\n<p><span style=\"font-weight: 400;\">Mas esta pe\u00e7a de teatro sonoro vai muito al\u00e9m de uma simples busca pelo tesouro. Composta por 8 epis\u00f3dios envolventes, ela traz uma mensagem inspiradora e fundamental para o crescimento das crian\u00e7as: <\/span>para aprender, \u00e9 preciso confiar, ter calma, praticar, encontrar boas estrat\u00e9gias e aprender com os erros.<\/p>\n<p>&nbsp;<\/p>\n<p><b>Supere a Frustra\u00e7\u00e3o e Desperte o Potencial de Aprendizagem das Crian\u00e7as!<\/b><\/p>\n<p><span style=\"font-weight: 400;\">Se sente frustra\u00e7\u00e3o, des\u00e2nimo e cansa\u00e7o ao ouvir os seus filhos\/alunos dizerem: &#8220;N\u00e3o sou capaz!&#8221;, &#8220;N\u00e3o consigo!&#8221; ou &#8220;Desisto!&#8221;, saiba que n\u00e3o est\u00e1 sozinho(a) nessa jornada!<\/span><\/p>\n<p><span style=\"font-weight: 400;\">A falta de persist\u00eancia, resili\u00eancia e confian\u00e7a na aprendizagem \u00e9 um dos fatores que mais compromete o sucesso tanto na escola, como na vida. Como pai\/m\u00e3e ou professor(a), entendemos o qu\u00e3o importante \u00e9 para si que as crian\u00e7as desenvolvam habilidades eficazes para enfrentar desafios, alcan\u00e7ar objetivos e destacar-se na vida.<\/span><\/p>\n<p><span style=\"font-weight: 400;\">Por isso, cri\u00e1mos uma forma emocionante de desenvolver essas compet\u00eancias poderosas: a <\/span><b>pe\u00e7a de teatro sonoro das Aventuras do Pirata Os\u00f3rio<\/b><span style=\"font-weight: 400;\">!<\/span><\/p>\n<p><span style=\"font-weight: 400;\">Composta por 8 epis\u00f3dios, esta pe\u00e7a de teatro foi cuidadosamente criada para<strong> crian\u00e7as entre os 5 e os 11 anos<\/strong>. As personagens projetam as diferentes atitudes mentais que as crian\u00e7as enfrentam no seu pr\u00f3prio processo de aprendizagem. Atrav\u00e9s delas, encontrar\u00e3o inspira\u00e7\u00e3o e descobrir\u00e3o que, afinal, h\u00e1 sempre uma sa\u00edda para os obst\u00e1culos e desafios que encontram pelo caminho!\u00a0<\/span><\/p>\n<p><span style=\"font-weight: 400;\">Estas aventuras divertidas promovem o sucesso na aprendizagem, cultivando nas crian\u00e7as um Mindset de Crescimento. Atrav\u00e9s delas, aprender\u00e3o as bases fundamentais da aprendizagem, como <\/span><b>a confian\u00e7a, o foco, a pr\u00e1tica, as estrat\u00e9gias, a calma e a aprecia\u00e7\u00e3o dos erros<\/b><span style=\"font-weight: 400;\">.<\/span><\/p>\n<p>&nbsp;<\/p>\n<div style=\"width: 800px;\" class=\"wp-video\"><!--[if lt IE 9]><script>document.createElement('video');<\/script><![endif]-->\n<video class=\"wp-video-shortcode\" id=\"video-6089-1\" width=\"800\" height=\"450\" preload=\"metadata\" controls=\"controls\"><source type=\"video\/mp4\" src=\"https:\/\/semearvalores.pt\/wp-content\/uploads\/2023\/07\/O-pirata-osorio-as-aventuras-daprendizagem-1.mp4?_=1\" \/><a href=\"https:\/\/semearvalores.pt\/wp-content\/uploads\/2023\/07\/O-pirata-osorio-as-aventuras-daprendizagem-1.mp4\">https:\/\/semearvalores.pt\/wp-content\/uploads\/2023\/07\/O-pirata-osorio-as-aventuras-daprendizagem-1.mp4<\/a><\/video><\/div>\n<p>&nbsp;<\/p>\n<p><b>Uma Experi\u00eancia Transformadora para a Aprendizagem!<\/b><\/p>\n<p><span style=\"font-weight: 400;\">Prepare-se para embarcar numa jornada extraordin\u00e1ria e envolvente que combina teatro e som de maneira verdadeiramente magn\u00edfica!<\/span><\/p>\n<p><span style=\"font-weight: 400;\">O que torna esta pe\u00e7a t\u00e3o especial \u00e9 a combina\u00e7\u00e3o perfeita entre uma narrativa envolvente e os efeitos sonoros incr\u00edveis. Atrav\u00e9s de sons cuidadosamente criados, os cen\u00e1rios ganham vida, transportando as crian\u00e7as para o mundo m\u00e1gico do Pirata Os\u00f3rio, permitindo que elas se sintam parte integrante da hist\u00f3ria.<\/span><\/p>\n<p><span style=\"font-weight: 400;\">Atrav\u00e9s de uma narrativa sonora envolvente, as crian\u00e7as v\u00e3o compreender que mesmo nas situa\u00e7\u00f5es mais dif\u00edceis t\u00eam sempre uma solu\u00e7\u00e3o e que, para encontr\u00e1-la, \u00e9 preciso <\/span><b>acreditar em si mesmos, ter foco, persist\u00eancia, encontrar as estrat\u00e9gias certas, pedir ajuda e aprender com os erros<\/b><span style=\"font-weight: 400;\">.<\/span><\/p>\n<p>&nbsp;<\/p>\n<p><b>As Mentes Criativos por Tr\u00e1s destas Aventuras!<\/b><\/p>\n<p><span style=\"font-weight: 400;\">No cora\u00e7\u00e3o das Aventuras do Pirata Os\u00f3rio, encontramos uma equipa talentosa que deu vida a estas hist\u00f3rias encantadoras. Conhe\u00e7a as mentes criativas por tr\u00e1s desta experi\u00eancia m\u00e1gica de teatro sonoro!<\/span><\/p>\n<p><img decoding=\"async\" class=\"wp-image-6137 alignleft\" src=\"https:\/\/semearvalores.pt\/wp-content\/uploads\/2023\/07\/Vitorino-300x240.png\" alt=\"\" width=\"152\" height=\"121\" srcset=\"https:\/\/semearvalores.pt\/wp-content\/uploads\/2023\/07\/Vitorino-300x240.png 300w, https:\/\/semearvalores.pt\/wp-content\/uploads\/2023\/07\/Vitorino-1024x819.png 1024w, https:\/\/semearvalores.pt\/wp-content\/uploads\/2023\/07\/Vitorino-768x614.png 768w, https:\/\/semearvalores.pt\/wp-content\/uploads\/2023\/07\/Vitorino-1536x1229.png 1536w, https:\/\/semearvalores.pt\/wp-content\/uploads\/2023\/07\/Vitorino-600x480.png 600w, https:\/\/semearvalores.pt\/wp-content\/uploads\/2023\/07\/Vitorino.png 2000w\" sizes=\"(max-width: 152px) 100vw, 152px\" \/><\/p>\n<p><span style=\"font-weight: 400;\">A voz cativante e envolvente da atriz <\/span><b>Susana Vitorino<\/b><span style=\"font-weight: 400;\"> d\u00e1 vida \u00e0s personagens, transportando as crian\u00e7as para um mundo cheio de aventura e descobertas. Com a sua habilidade e talento \u00fanicos, ela d\u00e1 voz e personalidade ao Pirata Os\u00f3rio, \u00e0 Pregui e ao Gaga\u00ed, tornando-os personagens inesquec\u00edveis para os pequenos ouvintes.<\/span><\/p>\n<p>&nbsp;<\/p>\n<p>&nbsp;<\/p>\n<p><img decoding=\"async\" class=\"wp-image-6139 alignright\" src=\"https:\/\/semearvalores.pt\/wp-content\/uploads\/2023\/07\/Condessa-300x240.png\" alt=\"\" width=\"150\" height=\"120\" srcset=\"https:\/\/semearvalores.pt\/wp-content\/uploads\/2023\/07\/Condessa-300x240.png 300w, https:\/\/semearvalores.pt\/wp-content\/uploads\/2023\/07\/Condessa-1024x819.png 1024w, https:\/\/semearvalores.pt\/wp-content\/uploads\/2023\/07\/Condessa-768x614.png 768w, https:\/\/semearvalores.pt\/wp-content\/uploads\/2023\/07\/Condessa-1536x1229.png 1536w, https:\/\/semearvalores.pt\/wp-content\/uploads\/2023\/07\/Condessa-600x480.png 600w, https:\/\/semearvalores.pt\/wp-content\/uploads\/2023\/07\/Condessa.png 2000w\" sizes=\"(max-width: 150px) 100vw, 150px\" \/><\/p>\n<p><span style=\"font-weight: 400;\">Os enredos brilhantes e estimulantes destas Aventuras foram moldados pela mentoria original do talentoso <\/span><b>Paulo Condessa<\/b>. A sua experi\u00eancia a contar hist\u00f3rias e a declamar poesia em palco conferem \u00e0s <span style=\"font-weight: 400;\">narrativas um toque de magia e profundidade, cativando a aten\u00e7\u00e3o das <\/span>crian\u00e7as e despertando a sua imagina\u00e7\u00e3o.<\/p>\n<p>&nbsp;<\/p>\n<p>&nbsp;<\/p>\n<p><img decoding=\"async\" class=\"wp-image-6141 alignleft\" src=\"https:\/\/semearvalores.pt\/wp-content\/uploads\/2023\/07\/AlexandreCampos-300x240.png\" alt=\"\" width=\"151\" height=\"121\" srcset=\"https:\/\/semearvalores.pt\/wp-content\/uploads\/2023\/07\/AlexandreCampos-300x240.png 300w, https:\/\/semearvalores.pt\/wp-content\/uploads\/2023\/07\/AlexandreCampos-1024x819.png 1024w, https:\/\/semearvalores.pt\/wp-content\/uploads\/2023\/07\/AlexandreCampos-768x614.png 768w, https:\/\/semearvalores.pt\/wp-content\/uploads\/2023\/07\/AlexandreCampos-1536x1229.png 1536w, https:\/\/semearvalores.pt\/wp-content\/uploads\/2023\/07\/AlexandreCampos-600x480.png 600w, https:\/\/semearvalores.pt\/wp-content\/uploads\/2023\/07\/AlexandreCampos.png 2000w\" sizes=\"(max-width: 151px) 100vw, 151px\" \/><\/p>\n<p><span style=\"font-weight: 400;\">Estas aventuras s\u00e3o ainda mais enriquecidas pelos incr\u00edveis efeitos sonoros criados pelo <\/span><b>Alexandre Campos Silva<\/b><span style=\"font-weight: 400;\">. Com a sua mestria na arte dos sons, ele adiciona camadas de imers\u00e3o \u00e0s hist\u00f3rias, fazendo com que cada epis\u00f3dio seja uma experi\u00eancia sonora envolvente e cativante.<\/span><\/p>\n<p>&nbsp;<\/p>\n<p>&nbsp;<\/p>\n<p><img loading=\"lazy\" decoding=\"async\" class=\"wp-image-6143 alignright\" src=\"https:\/\/semearvalores.pt\/wp-content\/uploads\/2023\/07\/RitaCorreia-300x240.png\" alt=\"\" width=\"152\" height=\"121\" srcset=\"https:\/\/semearvalores.pt\/wp-content\/uploads\/2023\/07\/RitaCorreia-300x240.png 300w, https:\/\/semearvalores.pt\/wp-content\/uploads\/2023\/07\/RitaCorreia-1024x819.png 1024w, https:\/\/semearvalores.pt\/wp-content\/uploads\/2023\/07\/RitaCorreia-768x614.png 768w, https:\/\/semearvalores.pt\/wp-content\/uploads\/2023\/07\/RitaCorreia-1536x1229.png 1536w, https:\/\/semearvalores.pt\/wp-content\/uploads\/2023\/07\/RitaCorreia-600x480.png 600w, https:\/\/semearvalores.pt\/wp-content\/uploads\/2023\/07\/RitaCorreia.png 2000w\" sizes=\"(max-width: 152px) 100vw, 152px\" \/><\/p>\n<p><span style=\"font-weight: 400;\">As imagens dos personagens e dos cen\u00e1rios foram criadas pelo tra\u00e7o habilidoso da <strong>Rita Correia<\/strong>, que j\u00e1 nos habituou aos seus desenhos criativos pintados com cores que nos transportam com facilidade para os mundos imaginados!<\/span><\/p>\n<p>&nbsp;<\/p>\n<p>&nbsp;<\/p>\n<p><img loading=\"lazy\" decoding=\"async\" class=\"wp-image-6145 alignleft\" src=\"https:\/\/semearvalores.pt\/wp-content\/uploads\/2023\/07\/Kalpna-300x240.png\" alt=\"\" width=\"151\" height=\"121\" srcset=\"https:\/\/semearvalores.pt\/wp-content\/uploads\/2023\/07\/Kalpna-300x240.png 300w, https:\/\/semearvalores.pt\/wp-content\/uploads\/2023\/07\/Kalpna-1024x819.png 1024w, https:\/\/semearvalores.pt\/wp-content\/uploads\/2023\/07\/Kalpna-768x614.png 768w, https:\/\/semearvalores.pt\/wp-content\/uploads\/2023\/07\/Kalpna-1536x1229.png 1536w, https:\/\/semearvalores.pt\/wp-content\/uploads\/2023\/07\/Kalpna-600x480.png 600w, https:\/\/semearvalores.pt\/wp-content\/uploads\/2023\/07\/Kalpna.png 2000w\" sizes=\"(max-width: 151px) 100vw, 151px\" \/><\/p>\n<p><span style=\"font-weight: 400;\">Mas o verdadeiro ponto de partida destas aventuras fascinantes foi a inspira\u00e7\u00e3o da m\u00e3e, e psic\u00f3loga, <\/span><b>Kalpna Kirtikumar<\/b><span style=\"font-weight: 400;\">. Ela testemunhou em primeira m\u00e3o o processo de aprendizagem dos seus filhos, agora com 8 e 11 anos, e decidiu criar estas hist\u00f3rias para se divertirem e fortalecerem la\u00e7os antes de dormir. O que come\u00e7ou como hist\u00f3rias contadas e dramatizadas dentro de um quarto de crian\u00e7a evoluiu para um teatro sonoro aberto ao vasto mundo da imagina\u00e7\u00e3o infantil!<\/span><\/p>\n<p>&nbsp;<\/p>\n<p><b>Uma Alternativa Cativante e Saud\u00e1vel num Mundo Digital\u00a0<\/b><\/p>\n<p><span style=\"font-weight: 400;\">Neste mundo digital em constante evolu\u00e7\u00e3o, \u00e9 essencial encontrar alternativas saud\u00e1veis para o tempo de lazer das crian\u00e7as. Com as Aventuras do Pirata Os\u00f3rio, oferecemos uma solu\u00e7\u00e3o envolvente que cativa a imagina\u00e7\u00e3o dos pequenos e os afasta da excessiva exposi\u00e7\u00e3o \u00e0 internet e do lixo digital.<\/span><\/p>\n<p><span style=\"font-weight: 400;\">Cada epis\u00f3dio foi cuidadosamente criado para estimular a imagina\u00e7\u00e3o, a criatividade e o pensamento cr\u00edtico das crian\u00e7as, criando um ambiente de aprendizagem l\u00fadico e seguro.\u00a0<\/span><\/p>\n<p>&nbsp;<\/p>\n<p><strong>O que Contam os 8 Epis\u00f3dios?<\/strong><\/p>\n<ol>\n<li><strong>O Pirata Os\u00f3rio nos Mares da China<\/strong><img loading=\"lazy\" decoding=\"async\" class=\"wp-image-4058 alignright\" src=\"https:\/\/semearvalores.pt\/wp-content\/uploads\/2022\/05\/1_Nos-Mares-da-China.jpg\" alt=\"\" width=\"227\" height=\"227\" \/><\/li>\n<\/ol>\n<p>No primeiro epis\u00f3dio, o Pirata Os\u00f3rio, o Gaga\u00ed e a Pregui aventuram-se pelos Mares da China, confiantes de que encontrar\u00e3o o mapa do tesouro. Contudo, surpreendem-se com o ataque inesperado de dois navios advers\u00e1rios. Segue-se uma dura batalha. O Gaga\u00ed entra em p\u00e2nico, enquanto a Pregui mant\u00e9m a descontra\u00e7\u00e3o. O Pirata Os\u00f3rio d\u00e1 o seu melhor. Ser\u00e1 que v\u00e3o vencer este combate dif\u00edcil e chegar ao mapa do tesouro?<\/p>\n<p><img loading=\"lazy\" decoding=\"async\" class=\"wp-image-4059 alignleft\" src=\"https:\/\/semearvalores.pt\/wp-content\/uploads\/2022\/05\/2_Gigante-Marinho.jpg\" alt=\"\" width=\"205\" height=\"205\" \/><\/p>\n<p>&nbsp;<\/p>\n<p>2.\u00a0<strong>O Pirata Os\u00f3rio e o Gigante Marinho<\/strong><\/p>\n<p>No caminho de regresso a casa, e num navio que pertencia aos inimigos taralhocos, o Pirata Os\u00f3rio, o Gaga\u00ed e a Pregui ganham \u00e2nimo quando fazem uma descoberta incr\u00edvel. Entusiasmados com as novas possibilidades e determinados a encontrar o tesouro, rumam \u00e0 sua ilha. Mas, antes, ter\u00e3o de enfrentar um Gigante Marinho capaz de destruir o seu novo navio. \u00c9 preciso ter calma!<\/p>\n<p>&nbsp;<\/p>\n<p><img loading=\"lazy\" decoding=\"async\" class=\"wp-image-4060 alignright\" src=\"https:\/\/semearvalores.pt\/wp-content\/uploads\/2022\/05\/3_Crocodilo.jpg\" alt=\"\" width=\"223\" height=\"223\" \/><\/p>\n<p>&nbsp;<\/p>\n<p>3.\u00a0<strong>O Pirata Os\u00f3rio e o Crocodilo<\/strong><\/p>\n<p>As aventuras assustadoras n\u00e3o param! Desta vez, o Pirata Os\u00f3rio \u00e9 perseguido por um crocodilo com 80 dentes!\u00a0 Logo agora que t\u00eam o mapa que poder\u00e1 levar os tr\u00eas amigos at\u00e9 ao tesouro! N\u00e3o \u00e9 hora de desistir. Pensar em estrat\u00e9gias diferentes e contar com a ajuda dos amigos salvar\u00e1 o dia!<\/p>\n<p>&nbsp;<\/p>\n<p><img loading=\"lazy\" decoding=\"async\" class=\" wp-image-4061 alignleft\" src=\"https:\/\/semearvalores.pt\/wp-content\/uploads\/2022\/05\/4_-O-Mar.jpg\" alt=\"\" width=\"228\" height=\"228\" \/><\/p>\n<p>&nbsp;<\/p>\n<p><strong>4. O Pirata Os\u00f3rio e o Mar<\/strong><\/p>\n<p>Em dire\u00e7\u00e3o ao tesouro, o Pirata Os\u00f3rio, o Gaga\u00ed e a Pregui velejam em alto mar. Os ventos sopram de fei\u00e7\u00e3o na rota tra\u00e7ada pela Pregui. Est\u00e3o todos confiantes de que ir\u00e3o encontrar o tesouro brevemente. At\u00e9 que\u2026 o mar e os ventos pregam uma valente partida a estes aventureiros! Ainda n\u00e3o \u00e9 desta que chegam ao tesouro\u2026 Ser\u00e1 que a Natureza leva a melhor ou os 3 amigos mant\u00eam a confian\u00e7a?<\/p>\n<p>&nbsp;<\/p>\n<p><img loading=\"lazy\" decoding=\"async\" class=\" wp-image-4062 alignright\" src=\"https:\/\/semearvalores.pt\/wp-content\/uploads\/2022\/05\/5_As-Estrelas.jpg\" alt=\"\" width=\"243\" height=\"243\" \/><\/p>\n<p>&nbsp;<\/p>\n<p><strong>5. O Pirata Os\u00f3rio e as Estrelas<\/strong><\/p>\n<p>Depois de aprender sobre o poder da Natureza, o navio do Pirata Os\u00f3rio est\u00e1 perdido em alto mar. \u00c9 preciso um grande esfor\u00e7o para voltar a navegar. As velas do navio est\u00e3o rasgadas e o casco precisa de ser reparado. E, pior, ningu\u00e9m sabe onde est\u00e1 o fiel papagaio, Gaga\u00ed! O que lhe ter\u00e1 acontecido? O Pirata Os\u00f3rio p\u00f5e o seu c\u00e9rebro a funcionar e encontra respostas nas Estrelas. Descobre como \ud83d\ude09<\/p>\n<p>&nbsp;<\/p>\n<p><img loading=\"lazy\" decoding=\"async\" class=\"wp-image-4063 alignleft\" src=\"https:\/\/semearvalores.pt\/wp-content\/uploads\/2022\/05\/6_A-Ilha-do-Fantastico.jpg\" alt=\"\" width=\"228\" height=\"228\" \/><\/p>\n<p>&nbsp;<\/p>\n<p><strong>6. O Pirata Os\u00f3rio na Ilha do Fant\u00e1stico<\/strong><\/p>\n<p>Depois de muito persistirem para descobrirem uma rota segura, o Pirata Os\u00f3rio e a Pregui encontram o Gaga\u00ed! N\u00e3o, espera \u2026 mas afinal aquele papagaio n\u00e3o \u00e9 o Gaga\u00ed! Ou ser\u00e1 que \u00e9? Quem \u00e9 aquele papagaio com tamanho estilo? E se n\u00e3o \u00e9 o Gaga\u00ed, onde estar\u00e1 o Gaga\u00ed? E a Ilha do Fant\u00e1stico, como \u00e9 afinal? \u00c9 mesmo fant\u00e1stica! Tem cen\u00e1rios novos para descobrir e coisas novas para experimentar! Mais uma aventura super divertida.<\/p>\n<p><img loading=\"lazy\" decoding=\"async\" class=\" wp-image-4064 alignright\" src=\"https:\/\/semearvalores.pt\/wp-content\/uploads\/2022\/05\/7_Gruta-esconderijo.jpg\" alt=\"\" width=\"231\" height=\"231\" \/><\/p>\n<p>&nbsp;<\/p>\n<p><strong>7. O Pirata Os\u00f3rio na Gruta Esconderijo<\/strong><\/p>\n<p>Com a ajuda da nova amiga Salsa e muita calma, o Pirata Os\u00f3rio e a Pregui vivem momentos surpreendentes na Gruta Esconderijo, aquela onde os advers\u00e1rios taralhocos escondem algo muito valioso e onde o Gaga\u00ed est\u00e1 cativo! Para salvar este papagaio levezinho precisam de p\u00f4r o c\u00e9rebro a funcionar e responder aos desafios da Gruta Esconderijo!<\/p>\n<p><strong><img loading=\"lazy\" decoding=\"async\" class=\" wp-image-4065 alignleft\" src=\"https:\/\/semearvalores.pt\/wp-content\/uploads\/2022\/05\/8_O-que-importa.jpg\" alt=\"\" width=\"186\" height=\"186\" \/><\/strong><\/p>\n<p>&nbsp;<\/p>\n<p><strong>8. O Pirata Os\u00f3rio Descobre o Que Realmente Importa<\/strong><\/p>\n<div class=\"elementor-column elementor-col-66 elementor-top-column elementor-element elementor-element-4b3a197\" data-id=\"4b3a197\" data-element_type=\"column\">\n<div class=\"elementor-column-wrap elementor-element-populated\">\n<div class=\"elementor-widget-wrap\">\n<div class=\"elementor-element elementor-element-f2a72cd elementor-widget elementor-widget-text-editor\" data-id=\"f2a72cd\" data-element_type=\"widget\" data-widget_type=\"text-editor.default\">\n<div class=\"elementor-widget-container\">\n<div class=\"elementor-text-editor elementor-clearfix\">\n<p>Nesta derradeira aventura, o Pirata Os\u00f3rio, a Pregui e o Gaga\u00ed est\u00e3o novamente juntos. E est\u00e3o cheios de sorte porque t\u00eam a ajuda da sua nova amiga, a Salsa. N\u00e3o est\u00e3o completamente a salvo dos inimigos taralhocos&#8230; ainda! Falta-lhes um plano e, desta vez, os taralhocos est\u00e3o em vantagem.<\/p>\n<p>&nbsp;<\/p>\n<\/div>\n<\/div>\n<\/div>\n<\/div>\n<p>&nbsp;<\/p>\n<\/div>\n<\/div>\n<p>&nbsp;<\/p>\n<p><b>Desbloqueie os 8 Jogos Digitais do Pirata Os\u00f3rio!<\/b><\/p>\n<p><img loading=\"lazy\" decoding=\"async\" class=\"wp-image-6147 alignright\" src=\"https:\/\/semearvalores.pt\/wp-content\/uploads\/2023\/07\/Imagem-Quantos-Queres-260x300.png\" alt=\"\" width=\"193\" height=\"223\" srcset=\"https:\/\/semearvalores.pt\/wp-content\/uploads\/2023\/07\/Imagem-Quantos-Queres-260x300.png 260w, https:\/\/semearvalores.pt\/wp-content\/uploads\/2023\/07\/Imagem-Quantos-Queres.png 277w\" sizes=\"(max-width: 193px) 100vw, 193px\" \/><\/p>\n<p><span style=\"font-weight: 400;\">Ao adquirir esta pe\u00e7a de teatro sonoro, receber\u00e1 ainda um<\/span><b> b\u00f3nus<\/b><span style=\"font-weight: 400;\"> incr\u00edvel! Queremos tornar esta experi\u00eancia ainda mais enriquecedora para os seus filhos\/alunos, por isso estamos a oferecer os <\/span><b>8 jogos digitais do Pirata Os\u00f3rio<\/b><span style=\"font-weight: 400;\">!<\/span><\/p>\n<p><span style=\"font-weight: 400;\">Cada jogo foi cuidadosamente criado com o objetivo de incentivar as crian\u00e7as a colocar em pr\u00e1tica os comportamentos do Mindset de Crescimento: <strong>persistir, usar a imagina\u00e7\u00e3o, pausar, relembrar o progresso, pedir ajuda, respirar fundo, aprender com os erros e saber que com a pr\u00e1tica nos vamos superar!\u00a0<\/strong><\/span><\/p>\n<p><span style=\"font-weight: 400;\">Por isso, aproveite esta oferta especial e leve para casa, ou para a sala de aula, n\u00e3o apenas as emocionantes aventuras, mas tamb\u00e9m os 8 jogos digitais exclusivos que complementam a sua jornada.\u00a0<\/span><\/p>\n<p>&nbsp;<\/p>\n","protected":false},"excerpt":{"rendered":"<p>Desperte o potencial de aprendizagem dos seus filhos, ou alunos, com esta pe\u00e7a de Teatro Sonoro!<\/p>\n<p>Composta por 8 epis\u00f3dios envolventes, o Pirata Os\u00f3rio e os seus amigos embarcam em busca de um tesouro perdido, enfrentando desafios e aprendendo importantes li\u00e7\u00f5es ao longo do caminho.<\/p>\n<p>Tal como as crian\u00e7as, tamb\u00e9m o Pirata Os\u00f3rio sente frustra\u00e7\u00e3o, des\u00e2nimo e tem vontade de desistir quando os ventos n\u00e3o sopram de fei\u00e7\u00e3o!<\/p>\n<p>Pensada especialmente para crian\u00e7as entre os 5 e os 11 anos, elas encontrar\u00e3o nesta pe\u00e7a de Teatro Sonoro inspira\u00e7\u00e3o, aprendizagens e estrat\u00e9gias valiosas para enfrentar desafios, cultivando um <em>mindset de crescimento<\/em>.<\/p>\n<p>Atrav\u00e9s destas aventuras divertidas, as crian\u00e7as desenvolver\u00e3o a confian\u00e7a, o foco, a pr\u00e1tica, as estrat\u00e9gias, a calma e a aprecia\u00e7\u00e3o dos erros. Afinal, s\u00e3o estas as bases fundamentais do sucesso na aprendizagem!<\/p>\n<p><span style=\"font-weight: 400;\">Ao adquirir esta pe\u00e7a de teatro sonoro, receber\u00e1 ainda um<\/span><b> b\u00f3nus<\/b><span style=\"font-weight: 400;\"> incr\u00edvel: os <\/span><b>8 jogos digitais do Pirata Os\u00f3rio<\/b><span style=\"font-weight: 400;\">!<\/span><\/p>\n<p>Carregue no bot\u00e3o laranja e adicione ao seu carrinho este recurso. Receber\u00e1, ap\u00f3s o pagamento, os links para descarregar os 8 epis\u00f3dios e os 8 jogos.<\/p>\n<p>Saiba mais, em baixo, sobre este recurso t\u00e3o inovador e envolvente!<\/p>\n","protected":false},"featured_media":6092,"comment_status":"open","ping_status":"closed","template":"","meta":[],"product_brand":[],"product_cat":[21,193,190,214],"product_tag":[75,230,283,86,73,316,314,85,313,318,317,216,221,51,24,312,319,320,315],"class_list":{"0":"post-6089","1":"product","2":"type-product","3":"status-publish","4":"has-post-thumbnail","6":"product_cat-recursos-pedagogicos","7":"product_cat-dislexia","8":"product_cat-recursos-familias","9":"product_cat-recursos-ludico-pedagogicos","10":"product_tag-aprendizagem","11":"product_tag-audio","12":"product_tag-autoconfianca","13":"product_tag-desenvolvimento-do-carater","14":"product_tag-desenvolvimento-infantil","15":"product_tag-desenvolvimento-socio-emocional","16":"product_tag-erros","17":"product_tag-familias","18":"product_tag-foco","19":"product_tag-gosto-pela-aprendizagem","20":"product_tag-historias-infantis","21":"product_tag-mentalidade-de-crescimento","22":"product_tag-mindset-de-crescimento","23":"product_tag-pais","24":"product_tag-recursos-pedagogicos","25":"product_tag-resiliencia","26":"product_tag-sucesso","27":"product_tag-sucesso-na-aprendizagem","28":"product_tag-teatro-sonoro","30":"first","31":"instock","32":"downloadable","33":"purchasable","34":"product-type-simple"},"jetpack_sharing_enabled":true,"_links":{"self":[{"href":"https:\/\/semearvalores.pt\/index.php\/wp-json\/wp\/v2\/product\/6089"}],"collection":[{"href":"https:\/\/semearvalores.pt\/index.php\/wp-json\/wp\/v2\/product"}],"about":[{"href":"https:\/\/semearvalores.pt\/index.php\/wp-json\/wp\/v2\/types\/product"}],"replies":[{"embeddable":true,"href":"https:\/\/semearvalores.pt\/index.php\/wp-json\/wp\/v2\/comments?post=6089"}],"wp:featuredmedia":[{"embeddable":true,"href":"https:\/\/semearvalores.pt\/index.php\/wp-json\/wp\/v2\/media\/6092"}],"wp:attachment":[{"href":"https:\/\/semearvalores.pt\/index.php\/wp-json\/wp\/v2\/media?parent=6089"}],"wp:term":[{"taxonomy":"product_brand","embeddable":true,"href":"https:\/\/semearvalores.pt\/index.php\/wp-json\/wp\/v2\/product_brand?post=6089"},{"taxonomy":"product_cat","embeddable":true,"href":"https:\/\/semearvalores.pt\/index.php\/wp-json\/wp\/v2\/product_cat?post=6089"},{"taxonomy":"product_tag","embeddable":true,"href":"https:\/\/semearvalores.pt\/index.php\/wp-json\/wp\/v2\/product_tag?post=6089"}],"curies":[{"name":"wp","href":"https:\/\/api.w.org\/{rel}","templated":true}]}}