{"id":61,"date":"2021-03-03T16:34:47","date_gmt":"2021-03-03T16:34:47","guid":{"rendered":"https:\/\/semearvalores.k2ponto.com.br\/?post_type=product&#038;p=61"},"modified":"2024-12-02T15:32:34","modified_gmt":"2024-12-02T15:32:34","slug":"jogo-crescer-em-forcas","status":"publish","type":"product","link":"https:\/\/semearvalores.pt\/index.php\/product\/jogo-crescer-em-forcas\/","title":{"rendered":"Jogo &#8220;Crescer em For\u00e7a(s)&#8221;"},"content":{"rendered":"<p><iframe title=\"YouTube video player\" src=\"https:\/\/www.youtube.com\/embed\/9CFBhEnuIgw\" width=\"560\" height=\"560\" frameborder=\"0\" allowfullscreen=\"allowfullscreen\"><\/iframe><\/p>\n<div class=\"group w-full text-gray-800 dark:text-gray-100 border-b border-black\/10 dark:border-gray-900\/50 bg-gray-50 dark:bg-[#444654]\">\n<div class=\"flex p-4 gap-4 text-base md:gap-6 md:max-w-2xl lg:max-w-[38rem] xl:max-w-3xl md:py-6 lg:px-0 m-auto\">\n<div class=\"relative flex w-[calc(100%-50px)] flex-col gap-1 md:gap-3 lg:w-[calc(100%-115px)]\">\n<div class=\"flex flex-grow flex-col gap-3\">\n<div class=\"min-h-[20px] flex items-start overflow-x-auto whitespace-pre-wrap break-words flex-col gap-4\">\n<div class=\"markdown prose w-full break-words dark:prose-invert light\">\n<p>O jogo &#8220;Crescer em For\u00e7a(s)&#8221; \u00e9 inspirado no modelo das Virtudes e For\u00e7as de Car\u00e1ter (Peterson e Seligman, 2004) e foi lan\u00e7ado em 2019 como resposta \u00e0 necessidade de fornecer materiais em l\u00edngua portuguesa que trabalhem caracter\u00edsticas positivas com crian\u00e7as e jovens.<\/p>\n<p>Este incr\u00edvel jogo consiste num baralho de 30 cartas, das quais:<\/p>\n<ul>\n<li>24 cartas representam as diferentes for\u00e7as de car\u00e1ter, como a esperan\u00e7a, a criatividade, a lideran\u00e7a, o amor e a gratid\u00e3o, entre outras;<\/li>\n<li>4 cartas lan\u00e7am desafios estimulantes, como representar uma for\u00e7a por meio de m\u00edmica ou desenhos;<\/li>\n<li>2 cartas informativas, com enquadramento te\u00f3rico, instru\u00e7\u00f5es do jogo e sugest\u00f5es de uso.<\/li>\n<\/ul>\n<p>&nbsp;<\/p>\n<p>Ao utilizar este jogo, desfrutar\u00e1 de uma ampla variedade de benef\u00edcios not\u00e1veis:<\/p>\n<ol>\n<li><strong>Est\u00edmulo \u00e0s for\u00e7as de car\u00e1ter:<\/strong> o jogo proporciona uma maneira divertida e envolvente de estimular e explorar as for\u00e7as de car\u00e1ter das crian\u00e7as (persist\u00eancia, coragem, prud\u00eancia, etc), promovendo o autoconhecimento e a valoriza\u00e7\u00e3o das pr\u00f3prias qualidades.<\/li>\n<li><strong>Desenvolvimento de habilidades socioemocionais<\/strong>: ao jogar, as crian\u00e7as desenvolvem habilidades socioemocionais essenciais, como a empatia, o trabalho em equipa e a auto-regula\u00e7\u00e3o. Essas habilidades s\u00e3o fundamentais para o sucesso na vida pessoal e acad\u00e9mica.<\/li>\n<li><strong>Constru\u00e7\u00e3o de um vocabul\u00e1rio positivo<\/strong>: o jogo ajuda a construir um vocabul\u00e1rio positivo nas intera\u00e7\u00f5es di\u00e1rias, permitindo que as crian\u00e7as expressem e compreendam melhor os seus pensamentos, sentimentos e a\u00e7\u00f5es e dos seus pares.<\/li>\n<li><strong>Est\u00edmulo \u00e0 criatividade e \u00e0 reflex\u00e3o<\/strong>: as atividades desafiadoras e l\u00fadicas do jogo incentivam a criatividade das crian\u00e7as e estimulam a reflex\u00e3o acerca da forma de ser e agir de si pr\u00f3prias e dos outros.<\/li>\n<li><strong>Fomento da intera\u00e7\u00e3o social<\/strong>: ao jogar em fam\u00edlia ou na escola, as crian\u00e7as t\u00eam a oportunidade de interagir de forma positiva e fortalecer os la\u00e7os sociais, na medida em que s\u00e3o estimuladas a apreciar as qualidades dos outros.<\/li>\n<li><strong>Promo\u00e7\u00e3o de um ambiente positivo e de bem-estar<\/strong>: ao utilizar o jogo, os pais, professores e agentes educativos criam um ambiente positivo, centrado no desenvolvimento das for\u00e7as de car\u00e1ter e no est\u00edmulo \u00e0s qualidades e habilidades das crian\u00e7as. Isso contribui para o bem-estar emocional e mental de todos os envolvidos.<\/li>\n<\/ol>\n<p>&nbsp;<\/p>\n<p>Este jogo \u00e9 inovador e pioneiro em Portugal e promove uma experi\u00eancia divertida e enriquecedora que ajudar\u00e1 as crian\u00e7as a florescerem e a tornarem-se indiv\u00edduos confiantes e conscientes de suas pr\u00f3prias capacidades.<\/p>\n<p>A produ\u00e7\u00e3o deste jogo s\u00f3 foi poss\u00edvel gra\u00e7as ao incr\u00edvel apoio de mais de 100 pessoas por meio de uma campanha de <em>crowdfunding<\/em>. A elas, expressamos a nossa profunda gratid\u00e3o!<\/p>\n<p>Clique, em cima, no bot\u00e3o laranja e adquira agora o jogo &#8220;Crescer em For\u00e7a(s)&#8221; para levar o desenvolvimento integral e saud\u00e1vel para a vida das crian\u00e7as!<\/p>\n<\/div>\n<\/div>\n<\/div>\n<div class=\"flex justify-between lg:block\">\n<div class=\"text-gray-400 flex self-end lg:self-center justify-center mt-2 gap-2 md:gap-3 lg:gap-1 lg:absolute lg:top-0 lg:translate-x-full lg:right-0 lg:mt-0 lg:pl-2 visible\"><\/div>\n<\/div>\n<\/div>\n<\/div>\n<\/div>\n","protected":false},"excerpt":{"rendered":"<p>Descubra o jogo transformador &#8220;Crescer em For\u00e7a(s)&#8221;: uma jornada empolgante para as crian\u00e7as!<\/p>\n<p>Este jogo inovador tem como objetivo estimular os mais pequenos a descobrir e utilizar as suas for\u00e7as de car\u00e1ter no dia-a-dia.<\/p>\n<p>Criado a pensar nas crian\u00e7as entre os 6 e os 11 anos, ele ajuda-as a identificar e apreciar as suas pr\u00f3prias for\u00e7as e as dos que lhes s\u00e3o pr\u00f3ximos.<\/p>\n<p>\u00c9 um recurso educativo valioso para pais, professores, psic\u00f3logos e outros agentes educativos.<\/p>\n<p>Saiba mais, em baixo, acerca dos benef\u00edcios deste jogo inovador e pioneiro em Portugal!<\/p>\n<p>Carregue agora no bot\u00e3o laranja e encomende este jogo essencial na forma\u00e7\u00e3o do car\u00e1ter das crian\u00e7as.<\/p>\n<p>&nbsp;<\/p>\n","protected":false},"featured_media":2574,"comment_status":"open","ping_status":"closed","template":"","meta":[],"product_brand":[],"product_cat":[21,190,214],"product_tag":[49,86,73,316,174,323,53,69,51,324,325,60,58,24,70],"class_list":{"0":"post-61","1":"product","2":"type-product","3":"status-publish","4":"has-post-thumbnail","6":"product_cat-recursos-pedagogicos","7":"product_cat-recursos-familias","8":"product_cat-recursos-ludico-pedagogicos","9":"product_tag-criancas","10":"product_tag-desenvolvimento-do-carater","11":"product_tag-desenvolvimento-infantil","12":"product_tag-desenvolvimento-socio-emocional","13":"product_tag-educacao","14":"product_tag-educacao-positiva","15":"product_tag-forcas-de-carater","16":"product_tag-jogo","17":"product_tag-pais","18":"product_tag-parentalidade-consciente","19":"product_tag-parentalidade-positiva","20":"product_tag-professores","21":"product_tag-psicologos","22":"product_tag-recursos-pedagogicos","23":"product_tag-superpoderes","24":"product_shipping_class-jogo","26":"first","27":"instock","28":"purchasable","29":"product-type-simple"},"jetpack_sharing_enabled":true,"_links":{"self":[{"href":"https:\/\/semearvalores.pt\/index.php\/wp-json\/wp\/v2\/product\/61"}],"collection":[{"href":"https:\/\/semearvalores.pt\/index.php\/wp-json\/wp\/v2\/product"}],"about":[{"href":"https:\/\/semearvalores.pt\/index.php\/wp-json\/wp\/v2\/types\/product"}],"replies":[{"embeddable":true,"href":"https:\/\/semearvalores.pt\/index.php\/wp-json\/wp\/v2\/comments?post=61"}],"wp:featuredmedia":[{"embeddable":true,"href":"https:\/\/semearvalores.pt\/index.php\/wp-json\/wp\/v2\/media\/2574"}],"wp:attachment":[{"href":"https:\/\/semearvalores.pt\/index.php\/wp-json\/wp\/v2\/media?parent=61"}],"wp:term":[{"taxonomy":"product_brand","embeddable":true,"href":"https:\/\/semearvalores.pt\/index.php\/wp-json\/wp\/v2\/product_brand?post=61"},{"taxonomy":"product_cat","embeddable":true,"href":"https:\/\/semearvalores.pt\/index.php\/wp-json\/wp\/v2\/product_cat?post=61"},{"taxonomy":"product_tag","embeddable":true,"href":"https:\/\/semearvalores.pt\/index.php\/wp-json\/wp\/v2\/product_tag?post=61"}],"curies":[{"name":"wp","href":"https:\/\/api.w.org\/{rel}","templated":true}]}}