{"id":788,"date":"2021-03-31T00:12:32","date_gmt":"2021-03-31T00:12:32","guid":{"rendered":"https:\/\/semearvalores.k2ponto.com.br\/?post_type=product&#038;p=788"},"modified":"2022-06-02T16:33:40","modified_gmt":"2022-06-02T16:33:40","slug":"como-promover-o-bem-estar-e-cidadania-para-professores-e-educadores","status":"publish","type":"product","link":"https:\/\/semearvalores.pt\/index.php\/product\/como-promover-o-bem-estar-e-cidadania-para-professores-e-educadores\/","title":{"rendered":"Como Promover o Bem-estar e Cidadania para Professores e Educadores"},"content":{"rendered":"<p>A forma\u00e7\u00e3o \u201cComo Promover o Bem-estar e Cidadania\u201d existe em formato de curso (25 horas) e oficina (50 horas). Est\u00e1 acreditada pelo CCPFC para a Associa\u00e7\u00e3o de Professores de Sintra, extens\u00edvel a outros concelhos da regi\u00e3o da grande Lisboa.<\/p>\n<p><strong>Fundamenta\u00e7\u00e3o:<\/strong>\u00a0Em todo o mundo, os sistemas educativos reconhecem a import\u00e2ncia do bem-estar e do car\u00e1ter no desenvolvimento dos alunos. Em Portugal, o Perfil dos Alunos \u00e0 Sa\u00edda da Escolaridade Obrigat\u00f3ria sublinha o desenvolvimento de compet\u00eancias de sa\u00fade, bem-estar e relacionamento interpessoal. Tamb\u00e9m a Estrat\u00e9gia Nacional da Educa\u00e7\u00e3o para a Cidadania d\u00e1 relevo a estas tem\u00e1ticas.\u00a0Esta forma\u00e7\u00e3o integra contributos de v\u00e1rias \u00e1reas da Psicologia (nomeadamente da Psicologia Positiva), aplicadas \u00e0 Educa\u00e7\u00e3o.<\/p>\n<p>Nesta forma\u00e7\u00e3o,\u00a0<strong>ser\u00e1 desafiado\/a a<\/strong>:<br \/>\n\u2022 Identificar os aspetos mais relevantes do desenvolvimento infantil<br \/>\n\u2022 Identificar os benef\u00edcios de educar para o Bem-Estar e Cidadania<br \/>\n\u2022 Identificar as Virtudes e For\u00e7as de car\u00e1ter e formas de as usar<br \/>\n\u2022 Reconhecer a import\u00e2ncia das Emo\u00e7\u00f5es positivas; Rela\u00e7\u00f5es positivas e Sentido no desenvolvimento pessoal<br \/>\n\u2022 Reconhecer estes temas na vida do pr\u00f3prio e us\u00e1-las de forma intencional<br \/>\n\u2022 Conhecer as diferentes componentes das compet\u00eancias socioemocionais<br \/>\n\u2022 Identificar e selecionar atividades que promovem compet\u00eancias socioemocionais nos alunos<br \/>\n\u2022 Promover o Sentido de vida dos alunos, atrav\u00e9s do exerc\u00edcio da cidadania<\/p>\n<p>O formato de Oficina tem ainda como objetivo planear e implementar um projeto BEC numa turma.<\/p>\n<p>A nossa forma\u00e7\u00e3o tem um car\u00e1ter vivencial, est\u00e1 adaptada ao trabalho que os profissionais desenvolvem com as crian\u00e7as e jovens e combina teoria, exerc\u00edcios individuais, din\u00e2micas e momentos de reflex\u00e3o em grupo e partilha de sugest\u00f5es pr\u00e1ticas.<\/p>\n<p>Neste momento, estas a\u00e7\u00f5es s\u00e3o pass\u00edveis de ser facilitadas \u00e0 dist\u00e2ncia.<\/p>\n<p>&nbsp;<\/p>\n<p>Tamb\u00e9m desenvolvemos forma\u00e7\u00e3o \u00e0 medida, que dependendo do n\u00famero de horas, pode ser facilmente acreditada junto do Centro de Forma\u00e7\u00e3o de Professores do concelho.<\/p>\n<p><strong>Formadora:<\/strong> Patr\u00edcia Sarmento e Kalpna Kirtikumar.<\/p>\n<p><strong>Tem interesse nesta forma\u00e7\u00e3o? <\/strong><\/p>\n<p>Entre em contacto connosco!<\/p>\n<div data-test='contact-form' id='contact-form-788' class='wp-block-jetpack-contact-form-container '>\n<form action='https:\/\/semearvalores.pt\/index.php\/product\/como-promover-o-bem-estar-e-cidadania-para-professores-e-educadores\/#contact-form-788' method='post' class='contact-form commentsblock' aria-label=\"Como Promover o Bem-estar e Cidadania para Professores e Educadores\" novalidate>\n\n<div style=\"\" class='grunion-field-name-wrap grunion-field-wrap'  >\n<label\n\t\t\t\tfor='g788-nomecompleto'\n\t\t\t\tclass='grunion-field-label name'>Nome completo<span class=\"grunion-label-required\" aria-hidden=\"true\">(required)<\/span><\/label>\n<input\n\t\t\t\t\ttype='text'\n\t\t\t\t\tname='g788-nomecompleto'\n\t\t\t\t\tid='g788-nomecompleto'\n\t\t\t\t\tvalue=''\n\t\t\t\t\tclass='name  grunion-field' \n\t\t\t\t\trequired aria-required='true' \/>\n\t<\/div>\n\n<div style=\"\" class='grunion-field-text-wrap grunion-field-wrap'  >\n<label\n\t\t\t\tfor='g788-telefone'\n\t\t\t\tclass='grunion-field-label text'>Telefone<span class=\"grunion-label-required\" aria-hidden=\"true\">(required)<\/span><\/label>\n<input\n\t\t\t\t\ttype='text'\n\t\t\t\t\tname='g788-telefone'\n\t\t\t\t\tid='g788-telefone'\n\t\t\t\t\tvalue=''\n\t\t\t\t\tclass='text  grunion-field' \n\t\t\t\t\trequired aria-required='true' \/>\n\t<\/div>\n\n<div style=\"\" class='grunion-field-email-wrap grunion-field-wrap'  >\n<label\n\t\t\t\tfor='g788-email'\n\t\t\t\tclass='grunion-field-label email'>E-mail<span class=\"grunion-label-required\" aria-hidden=\"true\">(required)<\/span><\/label>\n<input\n\t\t\t\t\ttype='email'\n\t\t\t\t\tname='g788-email'\n\t\t\t\t\tid='g788-email'\n\t\t\t\t\tvalue=''\n\t\t\t\t\tclass='email  grunion-field' \n\t\t\t\t\trequired aria-required='true' \/>\n\t<\/div>\n\n<div style=\"\" class='grunion-field-textarea-wrap grunion-field-wrap'  >\n<label\n\t\t\t\tfor='contact-form-comment-g788-mensagem'\n\t\t\t\tclass='grunion-field-label textarea'>Mensagem<span class=\"grunion-label-required\" aria-hidden=\"true\">(required)<\/span><\/label>\n<textarea\n\t\t                style=''\n\t\t                name='g788-mensagem'\n\t\t                id='contact-form-comment-g788-mensagem'\n\t\t                rows='20' class='textarea  grunion-field'  required aria-required='true'><\/textarea>\n\t<\/div>\n\t<p class='contact-submit'>\n\t\t<button type='submit' class='pushbutton-wide'>Submit<\/button>\t\t<input type='hidden' name='contact-form-id' value='788' \/>\n\t\t<input type='hidden' name='action' value='grunion-contact-form' \/>\n\t\t<input type='hidden' name='contact-form-hash' value='3e09f292a20417a6b1be0e83750a7fe226ed72af' \/>\n\t<\/p>\n<p style=\"display: none !important;\" class=\"akismet-fields-container\" data-prefix=\"ak_\"><label>&#916;<textarea name=\"ak_hp_textarea\" cols=\"45\" rows=\"8\" maxlength=\"100\"><\/textarea><\/label><input type=\"hidden\" id=\"ak_js_1\" name=\"ak_js\" value=\"229\"\/><script>document.getElementById( \"ak_js_1\" ).setAttribute( \"value\", ( new Date() ).getTime() );<\/script><\/p><\/form>\n<\/div>\n","protected":false},"excerpt":{"rendered":"<p>A forma\u00e7\u00e3o \u201cComo Promover o Bem-estar e Cidadania\u201d existe em formato de curso (25 horas) e oficina (50 horas). Est\u00e1 acreditada pelo CCPFC para a Associa\u00e7\u00e3o de Professores de Sintra, extens\u00edvel a outros concelhos da regi\u00e3o da grande Lisboa. Encontre mais abaixo os detalhes desta forma\u00e7\u00e3o.<\/p>\n","protected":false},"featured_media":2805,"comment_status":"open","ping_status":"closed","template":"","meta":[],"product_brand":[],"product_cat":[191],"product_tag":[176,179,177,181,57,52,180,84,178,60,182],"class_list":{"0":"post-788","1":"product","2":"type-product","3":"status-publish","4":"has-post-thumbnail","6":"product_cat-formacao-para-escolas","7":"product_tag-bem-estar","8":"product_tag-carater","9":"product_tag-cidadania","10":"product_tag-competencias-socioemocionais","11":"product_tag-curso","12":"product_tag-educadores","13":"product_tag-emocoes","14":"product_tag-escola","15":"product_tag-formacao-acreditada","16":"product_tag-professores","17":"product_tag-sel","19":"first","20":"instock","21":"virtual","22":"product-type-simple"},"jetpack_sharing_enabled":true,"_links":{"self":[{"href":"https:\/\/semearvalores.pt\/index.php\/wp-json\/wp\/v2\/product\/788"}],"collection":[{"href":"https:\/\/semearvalores.pt\/index.php\/wp-json\/wp\/v2\/product"}],"about":[{"href":"https:\/\/semearvalores.pt\/index.php\/wp-json\/wp\/v2\/types\/product"}],"replies":[{"embeddable":true,"href":"https:\/\/semearvalores.pt\/index.php\/wp-json\/wp\/v2\/comments?post=788"}],"wp:featuredmedia":[{"embeddable":true,"href":"https:\/\/semearvalores.pt\/index.php\/wp-json\/wp\/v2\/media\/2805"}],"wp:attachment":[{"href":"https:\/\/semearvalores.pt\/index.php\/wp-json\/wp\/v2\/media?parent=788"}],"wp:term":[{"taxonomy":"product_brand","embeddable":true,"href":"https:\/\/semearvalores.pt\/index.php\/wp-json\/wp\/v2\/product_brand?post=788"},{"taxonomy":"product_cat","embeddable":true,"href":"https:\/\/semearvalores.pt\/index.php\/wp-json\/wp\/v2\/product_cat?post=788"},{"taxonomy":"product_tag","embeddable":true,"href":"https:\/\/semearvalores.pt\/index.php\/wp-json\/wp\/v2\/product_tag?post=788"}],"curies":[{"name":"wp","href":"https:\/\/api.w.org\/{rel}","templated":true}]}}