{"id":8112,"date":"2026-02-05T15:11:55","date_gmt":"2026-02-05T15:11:55","guid":{"rendered":"https:\/\/semearvalores.pt\/?post_type=product&#038;p=8112"},"modified":"2026-03-09T09:40:51","modified_gmt":"2026-03-09T09:40:51","slug":"gps-para-semear-valores-manual-digital","status":"publish","type":"product","link":"https:\/\/semearvalores.pt\/index.php\/product\/gps-para-semear-valores-manual-digital\/","title":{"rendered":"GPS para Semear Valores (manual digital)"},"content":{"rendered":"<p>Baseado no modelo das Virtudes e For\u00e7as de car\u00e1ter e na nossa experi\u00eancia de uma d\u00e9cada em escolas, o manual <strong>G.P.S. (Guia do Professor-Semeador) para Semear Valores<\/strong> \u00e9 um recurso pr\u00e1tico e acess\u00edvel para <strong>professores, educadores, psic\u00f3logos, animadores, mediadores e a todos os profissionais de educa\u00e7\u00e3o<\/strong> que desejem promover o car\u00e1ter e prevenir a viol\u00eancia entre pares.<\/p>\n<p>Re\u00fane um <strong>conjunto de atividades<\/strong> de acordo com dois m\u00e9todos de implementa\u00e7\u00e3o, consoante os recursos disp\u00f3niveis na sua escola ou institui\u00e7\u00e3o. Oferecemos assim, <strong>duas solu\u00e7\u00f5es<\/strong>: 1) a primeira descreve um conjunto 10 sess\u00f5es a serem dinamizadas por um profissional especializado em express\u00e3o criativa e 2) a segunda re\u00fane um conjunto de 37 din\u00e2micas e jogos organizados em 4 etapas que podem ser dinamizadas por qualquer profissional de educa\u00e7\u00e3o, sem forma\u00e7\u00e3o especializada.<\/p>\n<p>Inspire-se com novas ideias e Transforme o ambiente da sua sala de aula!<\/p>\n","protected":false},"excerpt":{"rendered":"<p>O manual <strong>G.P.S. (Guia do Professor-Semeador) para Semear Valores<\/strong> \u00e9 um recurso pr\u00e1tico e acess\u00edvel para <strong>professores, educadores, psic\u00f3logos, animadores, mediadores e a todos os profissionais de educa\u00e7\u00e3o<\/strong> que desejem promover o car\u00e1ter e prevenir a viol\u00eancia entre pares.<\/p>\n<p>Re\u00fane um <strong>conjunto de atividades<\/strong> que podem ser dinamizadas em qualquer contexto educativo e que inspiram as crian\u00e7as a valorizar e usar as suas for\u00e7as de car\u00e1ter no dia-a-dia.<\/p>\n<p><strong>Em promo\u00e7\u00e3o at\u00e9 dia 15 de Mar\u00e7o! Aproveite!<\/strong><\/p>\n<p>Mais informa\u00e7\u00e3o abaixo.<\/p>\n","protected":false},"featured_media":8115,"comment_status":"open","ping_status":"closed","template":"","meta":[],"product_brand":[],"product_cat":[21,38,214],"product_tag":[49,71,53,69,90,82,89,91,92,358],"class_list":{"0":"post-8112","1":"product","2":"type-product","3":"status-publish","4":"has-post-thumbnail","6":"product_cat-recursos-pedagogicos","7":"product_cat-para-educadores","8":"product_cat-recursos-ludico-pedagogicos","9":"product_tag-criancas","10":"product_tag-ferias","11":"product_tag-forcas-de-carater","12":"product_tag-jogo","13":"product_tag-jogo-crescer-em-forcas","14":"product_tag-livro-infantil","15":"product_tag-livro-yuki","16":"product_tag-medalhas","17":"product_tag-medalhas-crescer-em-forcas","18":"product_tag-pack","19":"product_shipping_class-jogo","21":"first","22":"instock","23":"downloadable","24":"virtual","25":"purchasable","26":"product-type-simple"},"jetpack_sharing_enabled":true,"_links":{"self":[{"href":"https:\/\/semearvalores.pt\/index.php\/wp-json\/wp\/v2\/product\/8112"}],"collection":[{"href":"https:\/\/semearvalores.pt\/index.php\/wp-json\/wp\/v2\/product"}],"about":[{"href":"https:\/\/semearvalores.pt\/index.php\/wp-json\/wp\/v2\/types\/product"}],"replies":[{"embeddable":true,"href":"https:\/\/semearvalores.pt\/index.php\/wp-json\/wp\/v2\/comments?post=8112"}],"wp:featuredmedia":[{"embeddable":true,"href":"https:\/\/semearvalores.pt\/index.php\/wp-json\/wp\/v2\/media\/8115"}],"wp:attachment":[{"href":"https:\/\/semearvalores.pt\/index.php\/wp-json\/wp\/v2\/media?parent=8112"}],"wp:term":[{"taxonomy":"product_brand","embeddable":true,"href":"https:\/\/semearvalores.pt\/index.php\/wp-json\/wp\/v2\/product_brand?post=8112"},{"taxonomy":"product_cat","embeddable":true,"href":"https:\/\/semearvalores.pt\/index.php\/wp-json\/wp\/v2\/product_cat?post=8112"},{"taxonomy":"product_tag","embeddable":true,"href":"https:\/\/semearvalores.pt\/index.php\/wp-json\/wp\/v2\/product_tag?post=8112"}],"curies":[{"name":"wp","href":"https:\/\/api.w.org\/{rel}","templated":true}]}}